{"id":13,"date":"2024-12-21T00:05:15","date_gmt":"2024-12-20T23:05:15","guid":{"rendered":"http:\/\/launay-quinard.ovh\/?page_id=13"},"modified":"2026-02-23T18:55:43","modified_gmt":"2026-02-23T17:55:43","slug":"appartement-solidor","status":"publish","type":"page","link":"https:\/\/launay-quinard.ovh\/index.php\/appartement-solidor\/","title":{"rendered":"Duplex vue mer \u00e0 Saint-Malo quartier Solidor"},"content":{"rendered":"\n<p>Location 2 \u00e0 4 personnes.<\/p>\n\n\n\n<p>Bel appartement T1 bis en duplex, enti\u00e8rement r\u00e9nov\u00e9 en juin 2017, offrant une vue exceptionnelle sur la mer et Saint-Malo Intra-Muros. Situ\u00e9 au 3\u00e8me \u00e9tage sans ascenseur d\u2019un petit immeuble dans le charmant quartier de Solidor, cet appartement lumineux est parfait pour un s\u00e9jour au calme avec une ambiance maritime.<\/p>\n\n\n\n<div class=\"wp-block-columns alignwide is-layout-flex wp-container-core-columns-is-layout-9d6595d7 wp-block-columns-is-layout-flex\">\n<div class=\"wp-block-column is-layout-flow wp-block-column-is-layout-flow\">\n<figure data-wp-context=\"{&quot;imageId&quot;:&quot;69da230c7a286&quot;}\" data-wp-interactive=\"core\/image\" data-wp-key=\"69da230c7a286\" class=\"wp-block-image size-large wp-lightbox-container\" id=\"Salon\"><img loading=\"lazy\" decoding=\"async\" width=\"1024\" height=\"683\" data-wp-class--hide=\"state.isContentHidden\" data-wp-class--show=\"state.isContentVisible\" data-wp-init=\"callbacks.setButtonStyles\" data-wp-on--click=\"actions.showLightbox\" data-wp-on--load=\"callbacks.setButtonStyles\" data-wp-on-window--resize=\"callbacks.setButtonStyles\" src=\"http:\/\/launay-quinard.ovh\/wp-content\/uploads\/2024\/12\/Solidor_Salon1-1-1024x683.jpg\" alt=\"\" class=\"wp-image-88\" srcset=\"https:\/\/launay-quinard.ovh\/wp-content\/uploads\/2024\/12\/Solidor_Salon1-1-1024x683.jpg 1024w, https:\/\/launay-quinard.ovh\/wp-content\/uploads\/2024\/12\/Solidor_Salon1-1-300x200.jpg 300w, https:\/\/launay-quinard.ovh\/wp-content\/uploads\/2024\/12\/Solidor_Salon1-1-768x512.jpg 768w, https:\/\/launay-quinard.ovh\/wp-content\/uploads\/2024\/12\/Solidor_Salon1-1-1536x1024.jpg 1536w, https:\/\/launay-quinard.ovh\/wp-content\/uploads\/2024\/12\/Solidor_Salon1-1-892x594.jpg 892w, https:\/\/launay-quinard.ovh\/wp-content\/uploads\/2024\/12\/Solidor_Salon1-1-150x100.jpg 150w, https:\/\/launay-quinard.ovh\/wp-content\/uploads\/2024\/12\/Solidor_Salon1-1.jpg 2048w\" sizes=\"auto, (max-width: 1024px) 100vw, 1024px\" \/><button\n\t\t\tclass=\"lightbox-trigger\"\n\t\t\ttype=\"button\"\n\t\t\taria-haspopup=\"dialog\"\n\t\t\taria-label=\"Agrandir\"\n\t\t\tdata-wp-init=\"callbacks.initTriggerButton\"\n\t\t\tdata-wp-on--click=\"actions.showLightbox\"\n\t\t\tdata-wp-style--right=\"state.imageButtonRight\"\n\t\t\tdata-wp-style--top=\"state.imageButtonTop\"\n\t\t>\n\t\t\t<svg xmlns=\"http:\/\/www.w3.org\/2000\/svg\" width=\"12\" height=\"12\" fill=\"none\" viewBox=\"0 0 12 12\">\n\t\t\t\t<path fill=\"#fff\" d=\"M2 0a2 2 0 0 0-2 2v2h1.5V2a.5.5 0 0 1 .5-.5h2V0H2Zm2 10.5H2a.5.5 0 0 1-.5-.5V8H0v2a2 2 0 0 0 2 2h2v-1.5ZM8 12v-1.5h2a.5.5 0 0 0 .5-.5V8H12v2a2 2 0 0 1-2 2H8Zm2-12a2 2 0 0 1 2 2v2h-1.5V2a.5.5 0 0 0-.5-.5H8V0h2Z\" \/>\n\t\t\t<\/svg>\n\t\t<\/button><\/figure>\n<\/div>\n\n\n\n<div class=\"wp-block-column is-layout-flow wp-block-column-is-layout-flow\">\n<figure data-wp-context=\"{&quot;imageId&quot;:&quot;69da230c7a9d9&quot;}\" data-wp-interactive=\"core\/image\" data-wp-key=\"69da230c7a9d9\" class=\"wp-block-image size-large wp-lightbox-container\"><img loading=\"lazy\" decoding=\"async\" width=\"1024\" height=\"683\" data-wp-class--hide=\"state.isContentHidden\" data-wp-class--show=\"state.isContentVisible\" data-wp-init=\"callbacks.setButtonStyles\" data-wp-on--click=\"actions.showLightbox\" data-wp-on--load=\"callbacks.setButtonStyles\" data-wp-on-window--resize=\"callbacks.setButtonStyles\" src=\"http:\/\/launay-quinard.ovh\/wp-content\/uploads\/2024\/12\/Solidor_Chambre1-1-1024x683.jpg\" alt=\"\" class=\"wp-image-82\" srcset=\"https:\/\/launay-quinard.ovh\/wp-content\/uploads\/2024\/12\/Solidor_Chambre1-1-1024x683.jpg 1024w, https:\/\/launay-quinard.ovh\/wp-content\/uploads\/2024\/12\/Solidor_Chambre1-1-300x200.jpg 300w, https:\/\/launay-quinard.ovh\/wp-content\/uploads\/2024\/12\/Solidor_Chambre1-1-768x512.jpg 768w, https:\/\/launay-quinard.ovh\/wp-content\/uploads\/2024\/12\/Solidor_Chambre1-1-1536x1024.jpg 1536w, https:\/\/launay-quinard.ovh\/wp-content\/uploads\/2024\/12\/Solidor_Chambre1-1-892x594.jpg 892w, https:\/\/launay-quinard.ovh\/wp-content\/uploads\/2024\/12\/Solidor_Chambre1-1-150x100.jpg 150w, https:\/\/launay-quinard.ovh\/wp-content\/uploads\/2024\/12\/Solidor_Chambre1-1.jpg 2048w\" sizes=\"auto, (max-width: 1024px) 100vw, 1024px\" \/><button\n\t\t\tclass=\"lightbox-trigger\"\n\t\t\ttype=\"button\"\n\t\t\taria-haspopup=\"dialog\"\n\t\t\taria-label=\"Agrandir\"\n\t\t\tdata-wp-init=\"callbacks.initTriggerButton\"\n\t\t\tdata-wp-on--click=\"actions.showLightbox\"\n\t\t\tdata-wp-style--right=\"state.imageButtonRight\"\n\t\t\tdata-wp-style--top=\"state.imageButtonTop\"\n\t\t>\n\t\t\t<svg xmlns=\"http:\/\/www.w3.org\/2000\/svg\" width=\"12\" height=\"12\" fill=\"none\" viewBox=\"0 0 12 12\">\n\t\t\t\t<path fill=\"#fff\" d=\"M2 0a2 2 0 0 0-2 2v2h1.5V2a.5.5 0 0 1 .5-.5h2V0H2Zm2 10.5H2a.5.5 0 0 1-.5-.5V8H0v2a2 2 0 0 0 2 2h2v-1.5ZM8 12v-1.5h2a.5.5 0 0 0 .5-.5V8H12v2a2 2 0 0 1-2 2H8Zm2-12a2 2 0 0 1 2 2v2h-1.5V2a.5.5 0 0 0-.5-.5H8V0h2Z\" \/>\n\t\t\t<\/svg>\n\t\t<\/button><\/figure>\n<\/div>\n<\/div>\n\n\n\n<p><\/p>\n\n\n\n<p>Au rez-de-chauss\u00e9e, vous trouverez :<br> \u25cb un s\u00e9jour avec cuisine \u00e9quip\u00e9e (plaque \u00e9lectrique 2 feux, hotte, cafeti\u00e8re, grille-pain, bouilloire) et tout le n\u00e9cessaire pour cuisiner.<br> \u25cb un coin repas.<br> \u25cb un salon avec canap\u00e9-lit 2 places.<br> \u25cb une salle d\u2019eau avec WC et v\u00e9lux.<\/p>\n\n\n\n<p>Deux belles fen\u00eatres, dont une donnant sur la plage et la mer, illuminent la pi\u00e8ce principale.<\/p>\n\n\n\n<p>\u00c0 l\u2019\u00e9tage, une mezzanine avec v\u00e9lux offre une vue imprenable sur la mer, Intra-Muros et ses remparts. Cet espace cloisonn\u00e9 comprend un lit double (140 cm). Lit et chaise b\u00e9b\u00e9 disponibles sur demande.<\/p>\n\n\n\n<p><\/p>\n\n\n\n<p><strong>Local \u00e0 v\u00e9los priv\u00e9<\/strong><br><strong>Acc\u00e8s wifi gratuit<\/strong><br><strong>Chauffage inclus<\/strong><br><strong>Recharge \u00e9lectrique publique face \u00e0 l&rsquo;appartement<\/strong><\/p>\n\n\n\n<p>parking public gratuit autour de l&rsquo;appartement<\/p>\n\n\n\n<div class=\"wp-block-getwid-images-slider has-arrows-inside has-dots-inside has-images-center has-cropped-images has-fixed-height alignwide\"><div class=\"wp-block-getwid-images-slider__wrapper\" data-effect=\"slide\" data-slides-show=\"1\" data-slides-show-laptop=\"1\" data-slides-show-tablet=\"1\" data-slides-show-mobile=\"1\" data-slides-scroll=\"1\" data-autoplay=\"true\" data-pause-hover=\"true\" data-autoplay-speed=\"6000\" data-infinite=\"true\" data-animation-speed=\"800\" data-center-mode=\"false\" data-variable-width=\"false\" data-arrows=\"inside\" data-dots=\"inside\" data-spacing=\"none\"><div class=\"wp-block-getwid-images-slider__item\" style=\"height:600px\"><figure><img loading=\"lazy\" decoding=\"async\" width=\"2048\" height=\"1365\" src=\"http:\/\/launay-quinard.ovh\/wp-content\/uploads\/2024\/12\/Solidor_Salon5-1.jpg\" data-id=\"92\" data-link=\"https:\/\/launay-quinard.ovh\/solidor_salon5-2\/\" data-original-link=\"http:\/\/launay-quinard.ovh\/wp-content\/uploads\/2024\/12\/Solidor_Salon5-1.jpg\" class=\"wp-block-getwid-images-slider__image wp-image-92\" srcset=\"https:\/\/launay-quinard.ovh\/wp-content\/uploads\/2024\/12\/Solidor_Salon5-1.jpg 2048w, https:\/\/launay-quinard.ovh\/wp-content\/uploads\/2024\/12\/Solidor_Salon5-1-300x200.jpg 300w, https:\/\/launay-quinard.ovh\/wp-content\/uploads\/2024\/12\/Solidor_Salon5-1-1024x683.jpg 1024w, https:\/\/launay-quinard.ovh\/wp-content\/uploads\/2024\/12\/Solidor_Salon5-1-768x512.jpg 768w, https:\/\/launay-quinard.ovh\/wp-content\/uploads\/2024\/12\/Solidor_Salon5-1-1536x1024.jpg 1536w, https:\/\/launay-quinard.ovh\/wp-content\/uploads\/2024\/12\/Solidor_Salon5-1-892x594.jpg 892w, https:\/\/launay-quinard.ovh\/wp-content\/uploads\/2024\/12\/Solidor_Salon5-1-150x100.jpg 150w\" sizes=\"auto, (max-width: 2048px) 100vw, 2048px\" \/><\/figure><\/div><div class=\"wp-block-getwid-images-slider__item\" style=\"height:600px\"><figure><img loading=\"lazy\" decoding=\"async\" width=\"2048\" height=\"1365\" src=\"http:\/\/launay-quinard.ovh\/wp-content\/uploads\/2024\/12\/Solidor_Salon4-1.jpg\" data-id=\"91\" data-link=\"https:\/\/launay-quinard.ovh\/discarded_img0scene2-15\/\" data-original-link=\"http:\/\/launay-quinard.ovh\/wp-content\/uploads\/2024\/12\/Solidor_Salon4-1.jpg\" class=\"wp-block-getwid-images-slider__image wp-image-91\" srcset=\"https:\/\/launay-quinard.ovh\/wp-content\/uploads\/2024\/12\/Solidor_Salon4-1.jpg 2048w, https:\/\/launay-quinard.ovh\/wp-content\/uploads\/2024\/12\/Solidor_Salon4-1-300x200.jpg 300w, https:\/\/launay-quinard.ovh\/wp-content\/uploads\/2024\/12\/Solidor_Salon4-1-1024x683.jpg 1024w, https:\/\/launay-quinard.ovh\/wp-content\/uploads\/2024\/12\/Solidor_Salon4-1-768x512.jpg 768w, https:\/\/launay-quinard.ovh\/wp-content\/uploads\/2024\/12\/Solidor_Salon4-1-1536x1024.jpg 1536w, https:\/\/launay-quinard.ovh\/wp-content\/uploads\/2024\/12\/Solidor_Salon4-1-892x594.jpg 892w, https:\/\/launay-quinard.ovh\/wp-content\/uploads\/2024\/12\/Solidor_Salon4-1-150x100.jpg 150w\" sizes=\"auto, (max-width: 2048px) 100vw, 2048px\" \/><\/figure><\/div><div class=\"wp-block-getwid-images-slider__item\" style=\"height:600px\"><figure><img loading=\"lazy\" decoding=\"async\" width=\"2048\" height=\"1365\" src=\"http:\/\/launay-quinard.ovh\/wp-content\/uploads\/2024\/12\/Solidor_Salon2-1.jpg\" data-id=\"89\" data-link=\"https:\/\/launay-quinard.ovh\/discarded_img0scene2-13\/\" data-original-link=\"http:\/\/launay-quinard.ovh\/wp-content\/uploads\/2024\/12\/Solidor_Salon2-1.jpg\" class=\"wp-block-getwid-images-slider__image wp-image-89\" srcset=\"https:\/\/launay-quinard.ovh\/wp-content\/uploads\/2024\/12\/Solidor_Salon2-1.jpg 2048w, https:\/\/launay-quinard.ovh\/wp-content\/uploads\/2024\/12\/Solidor_Salon2-1-300x200.jpg 300w, https:\/\/launay-quinard.ovh\/wp-content\/uploads\/2024\/12\/Solidor_Salon2-1-1024x683.jpg 1024w, https:\/\/launay-quinard.ovh\/wp-content\/uploads\/2024\/12\/Solidor_Salon2-1-768x512.jpg 768w, https:\/\/launay-quinard.ovh\/wp-content\/uploads\/2024\/12\/Solidor_Salon2-1-1536x1024.jpg 1536w, https:\/\/launay-quinard.ovh\/wp-content\/uploads\/2024\/12\/Solidor_Salon2-1-892x594.jpg 892w, https:\/\/launay-quinard.ovh\/wp-content\/uploads\/2024\/12\/Solidor_Salon2-1-150x100.jpg 150w\" sizes=\"auto, (max-width: 2048px) 100vw, 2048px\" \/><\/figure><\/div><div class=\"wp-block-getwid-images-slider__item\" style=\"height:600px\"><figure><img loading=\"lazy\" decoding=\"async\" width=\"2048\" height=\"1365\" src=\"http:\/\/launay-quinard.ovh\/wp-content\/uploads\/2024\/12\/Solidor_CoinRepas2-1.jpg\" data-id=\"84\" data-link=\"https:\/\/launay-quinard.ovh\/discarded_img0scene2-12\/\" data-original-link=\"http:\/\/launay-quinard.ovh\/wp-content\/uploads\/2024\/12\/Solidor_CoinRepas2-1.jpg\" class=\"wp-block-getwid-images-slider__image wp-image-84\" srcset=\"https:\/\/launay-quinard.ovh\/wp-content\/uploads\/2024\/12\/Solidor_CoinRepas2-1.jpg 2048w, https:\/\/launay-quinard.ovh\/wp-content\/uploads\/2024\/12\/Solidor_CoinRepas2-1-300x200.jpg 300w, https:\/\/launay-quinard.ovh\/wp-content\/uploads\/2024\/12\/Solidor_CoinRepas2-1-1024x683.jpg 1024w, https:\/\/launay-quinard.ovh\/wp-content\/uploads\/2024\/12\/Solidor_CoinRepas2-1-768x512.jpg 768w, https:\/\/launay-quinard.ovh\/wp-content\/uploads\/2024\/12\/Solidor_CoinRepas2-1-1536x1024.jpg 1536w, https:\/\/launay-quinard.ovh\/wp-content\/uploads\/2024\/12\/Solidor_CoinRepas2-1-892x594.jpg 892w, https:\/\/launay-quinard.ovh\/wp-content\/uploads\/2024\/12\/Solidor_CoinRepas2-1-150x100.jpg 150w\" sizes=\"auto, (max-width: 2048px) 100vw, 2048px\" \/><\/figure><\/div><div class=\"wp-block-getwid-images-slider__item\" style=\"height:600px\"><figure><img loading=\"lazy\" decoding=\"async\" width=\"2048\" height=\"1365\" src=\"http:\/\/launay-quinard.ovh\/wp-content\/uploads\/2024\/12\/Solidor_CoinRepas1-1.jpg\" data-id=\"83\" data-link=\"https:\/\/launay-quinard.ovh\/discarded_img0scene2-11\/\" data-original-link=\"http:\/\/launay-quinard.ovh\/wp-content\/uploads\/2024\/12\/Solidor_CoinRepas1-1.jpg\" class=\"wp-block-getwid-images-slider__image wp-image-83\" srcset=\"https:\/\/launay-quinard.ovh\/wp-content\/uploads\/2024\/12\/Solidor_CoinRepas1-1.jpg 2048w, https:\/\/launay-quinard.ovh\/wp-content\/uploads\/2024\/12\/Solidor_CoinRepas1-1-300x200.jpg 300w, https:\/\/launay-quinard.ovh\/wp-content\/uploads\/2024\/12\/Solidor_CoinRepas1-1-1024x683.jpg 1024w, https:\/\/launay-quinard.ovh\/wp-content\/uploads\/2024\/12\/Solidor_CoinRepas1-1-768x512.jpg 768w, https:\/\/launay-quinard.ovh\/wp-content\/uploads\/2024\/12\/Solidor_CoinRepas1-1-1536x1024.jpg 1536w, https:\/\/launay-quinard.ovh\/wp-content\/uploads\/2024\/12\/Solidor_CoinRepas1-1-892x594.jpg 892w, https:\/\/launay-quinard.ovh\/wp-content\/uploads\/2024\/12\/Solidor_CoinRepas1-1-150x100.jpg 150w\" sizes=\"auto, (max-width: 2048px) 100vw, 2048px\" \/><\/figure><\/div><div class=\"wp-block-getwid-images-slider__item\" style=\"height:600px\"><figure><img loading=\"lazy\" decoding=\"async\" width=\"2048\" height=\"1365\" src=\"http:\/\/launay-quinard.ovh\/wp-content\/uploads\/2024\/12\/Solidor_Cuisine1-1.jpg\" data-id=\"85\" data-link=\"https:\/\/launay-quinard.ovh\/solidor_cuisine1-2\/\" data-original-link=\"http:\/\/launay-quinard.ovh\/wp-content\/uploads\/2024\/12\/Solidor_Cuisine1-1.jpg\" class=\"wp-block-getwid-images-slider__image wp-image-85\" srcset=\"https:\/\/launay-quinard.ovh\/wp-content\/uploads\/2024\/12\/Solidor_Cuisine1-1.jpg 2048w, https:\/\/launay-quinard.ovh\/wp-content\/uploads\/2024\/12\/Solidor_Cuisine1-1-300x200.jpg 300w, https:\/\/launay-quinard.ovh\/wp-content\/uploads\/2024\/12\/Solidor_Cuisine1-1-1024x683.jpg 1024w, https:\/\/launay-quinard.ovh\/wp-content\/uploads\/2024\/12\/Solidor_Cuisine1-1-768x512.jpg 768w, https:\/\/launay-quinard.ovh\/wp-content\/uploads\/2024\/12\/Solidor_Cuisine1-1-1536x1024.jpg 1536w, https:\/\/launay-quinard.ovh\/wp-content\/uploads\/2024\/12\/Solidor_Cuisine1-1-892x594.jpg 892w, https:\/\/launay-quinard.ovh\/wp-content\/uploads\/2024\/12\/Solidor_Cuisine1-1-150x100.jpg 150w\" sizes=\"auto, (max-width: 2048px) 100vw, 2048px\" \/><\/figure><\/div><div class=\"wp-block-getwid-images-slider__item\" style=\"height:600px\"><figure><img loading=\"lazy\" decoding=\"async\" width=\"2048\" height=\"1365\" src=\"http:\/\/launay-quinard.ovh\/wp-content\/uploads\/2024\/12\/Solidor_SalleDeBain1-1.jpg\" data-id=\"87\" data-link=\"https:\/\/launay-quinard.ovh\/solidor_salledebain1-2\/\" data-original-link=\"http:\/\/launay-quinard.ovh\/wp-content\/uploads\/2024\/12\/Solidor_SalleDeBain1-1.jpg\" class=\"wp-block-getwid-images-slider__image wp-image-87\" srcset=\"https:\/\/launay-quinard.ovh\/wp-content\/uploads\/2024\/12\/Solidor_SalleDeBain1-1.jpg 2048w, https:\/\/launay-quinard.ovh\/wp-content\/uploads\/2024\/12\/Solidor_SalleDeBain1-1-300x200.jpg 300w, https:\/\/launay-quinard.ovh\/wp-content\/uploads\/2024\/12\/Solidor_SalleDeBain1-1-1024x683.jpg 1024w, https:\/\/launay-quinard.ovh\/wp-content\/uploads\/2024\/12\/Solidor_SalleDeBain1-1-768x512.jpg 768w, https:\/\/launay-quinard.ovh\/wp-content\/uploads\/2024\/12\/Solidor_SalleDeBain1-1-1536x1024.jpg 1536w, https:\/\/launay-quinard.ovh\/wp-content\/uploads\/2024\/12\/Solidor_SalleDeBain1-1-892x594.jpg 892w, https:\/\/launay-quinard.ovh\/wp-content\/uploads\/2024\/12\/Solidor_SalleDeBain1-1-150x100.jpg 150w\" sizes=\"auto, (max-width: 2048px) 100vw, 2048px\" \/><\/figure><\/div><div class=\"wp-block-getwid-images-slider__item\" style=\"height:600px\"><figure><img loading=\"lazy\" decoding=\"async\" width=\"2048\" height=\"1365\" src=\"http:\/\/launay-quinard.ovh\/wp-content\/uploads\/2024\/12\/Solidor_Chambre1-1.jpg\" data-id=\"82\" data-link=\"https:\/\/launay-quinard.ovh\/discarded_img0scene2-10\/\" data-original-link=\"http:\/\/launay-quinard.ovh\/wp-content\/uploads\/2024\/12\/Solidor_Chambre1-1.jpg\" class=\"wp-block-getwid-images-slider__image wp-image-82\" srcset=\"https:\/\/launay-quinard.ovh\/wp-content\/uploads\/2024\/12\/Solidor_Chambre1-1.jpg 2048w, https:\/\/launay-quinard.ovh\/wp-content\/uploads\/2024\/12\/Solidor_Chambre1-1-300x200.jpg 300w, https:\/\/launay-quinard.ovh\/wp-content\/uploads\/2024\/12\/Solidor_Chambre1-1-1024x683.jpg 1024w, https:\/\/launay-quinard.ovh\/wp-content\/uploads\/2024\/12\/Solidor_Chambre1-1-768x512.jpg 768w, https:\/\/launay-quinard.ovh\/wp-content\/uploads\/2024\/12\/Solidor_Chambre1-1-1536x1024.jpg 1536w, https:\/\/launay-quinard.ovh\/wp-content\/uploads\/2024\/12\/Solidor_Chambre1-1-892x594.jpg 892w, https:\/\/launay-quinard.ovh\/wp-content\/uploads\/2024\/12\/Solidor_Chambre1-1-150x100.jpg 150w\" sizes=\"auto, (max-width: 2048px) 100vw, 2048px\" \/><\/figure><\/div><div class=\"wp-block-getwid-images-slider__item\" style=\"height:600px\"><figure><img loading=\"lazy\" decoding=\"async\" width=\"2560\" height=\"1211\" src=\"http:\/\/launay-quinard.ovh\/wp-content\/uploads\/2024\/12\/Solidor_Vue1-scaled.jpg\" data-id=\"93\" data-link=\"https:\/\/launay-quinard.ovh\/solidor_vue1\/\" data-original-link=\"http:\/\/launay-quinard.ovh\/wp-content\/uploads\/2024\/12\/Solidor_Vue1-scaled.jpg\" class=\"wp-block-getwid-images-slider__image wp-image-93\" srcset=\"https:\/\/launay-quinard.ovh\/wp-content\/uploads\/2024\/12\/Solidor_Vue1-scaled.jpg 2560w, https:\/\/launay-quinard.ovh\/wp-content\/uploads\/2024\/12\/Solidor_Vue1-300x142.jpg 300w, https:\/\/launay-quinard.ovh\/wp-content\/uploads\/2024\/12\/Solidor_Vue1-1024x485.jpg 1024w, https:\/\/launay-quinard.ovh\/wp-content\/uploads\/2024\/12\/Solidor_Vue1-768x363.jpg 768w, https:\/\/launay-quinard.ovh\/wp-content\/uploads\/2024\/12\/Solidor_Vue1-1536x727.jpg 1536w, https:\/\/launay-quinard.ovh\/wp-content\/uploads\/2024\/12\/Solidor_Vue1-2048x969.jpg 2048w, https:\/\/launay-quinard.ovh\/wp-content\/uploads\/2024\/12\/Solidor_Vue1-892x422.jpg 892w\" sizes=\"auto, (max-width: 2560px) 100vw, 2560px\" \/><\/figure><\/div><\/div><\/div>\n\n\n\n<h3 class=\"wp-block-heading\"><strong>Acc\u00e8s<\/strong><\/h3>\n\n\n\n<iframe src=\"https:\/\/www.google.com\/maps\/embed?pb=!1m18!1m12!1m3!1d2636.6507672072116!2d-2.0256941874015006!3d48.63566461623412!2m3!1f0!2f0!3f0!3m2!1i1024!2i768!4f13.1!3m3!1m2!1s0x480e813b833ee1e5%3A0x9551c511fff87eeb!2s40%20Rue%20de%20la%20Cit%C3%A9%2C%2035400%20Saint-Malo!5e0!3m2!1sfr!2sfr!4v1734780655173!5m2!1sfr!2sfr\" width=\"2000\" height=\"450\" style=\"border:0;\" allowfullscreen=\"\" loading=\"lazy\" referrerpolicy=\"no-referrer-when-downgrade\"><\/iframe>\n\n\n\n<h3 class=\"wp-block-heading\"><strong>Tarifs 2026<\/strong><\/h3>\n\n\n\n<figure class=\"wp-block-table is-style-regular\"><table class=\"has-fixed-layout\"><thead><tr><th class=\"has-text-align-center\" data-align=\"center\"><\/th><th class=\"has-text-align-center\" data-align=\"center\">Tr\u00e8s Haute Saison<\/th><th class=\"has-text-align-center\" data-align=\"center\">Haute Saison<\/th><th class=\"has-text-align-center\" data-align=\"center\">Moyenne Saison<\/th><th class=\"has-text-align-center\" data-align=\"center\">Basse Saison<\/th><\/tr><\/thead><tbody><tr><td class=\"has-text-align-center\" data-align=\"center\"><strong>Semaine<\/strong><\/td><td class=\"has-text-align-center\" data-align=\"center\">850 \u20ac \u00e0 940 \u20ac<\/td><td class=\"has-text-align-center\" data-align=\"center\">800 \u20ac<\/td><td class=\"has-text-align-center\" data-align=\"center\">670 \u20ac<\/td><td class=\"has-text-align-center\" data-align=\"center\">670 \u20ac<\/td><\/tr><\/tbody><\/table><\/figure>\n\n\n\n<p><\/p>\n\n\n\n<p>* Week-end , ponts ou courts s\u00e9jours sur demande<br>Prix pour 2 nuits : \u00e0 partir de  240 \u20ac<br>Prix pour 3 nuits :\u00e0 partir de  350 \u20ac<\/p>\n\n\n\n<p><strong>Options possibles<\/strong><br> \u25cb Forfait m\u00e9nage fin de s\u00e9jour : 50 \u20ac<br> \u25cb Location de draps : 16 \u20ac par lit<br> \u25cb Location de linge de toilettes : 9 \u20ac par personne<\/p>\n\n\n\n<p><strong>Ch\u00e8ques vacances accept\u00e9s<\/strong><\/p>\n\n\n\n<p><strong>Taxe de s\u00e9jour non comprise<\/strong> : 1,35 \u20ac par personne et par jour<\/p>\n\n\n\n<p><strong>Route du Rhum<\/strong> : 26 octobre 2026 au 1er novembre 2026<\/p>\n\n\n\n<p>250 \u20ac la nuit minimum 4 nuits<\/p>\n","protected":false},"excerpt":{"rendered":"<p>Location 2 \u00e0 4 personnes. Bel appartement T1 bis en duplex, enti\u00e8rement r\u00e9nov\u00e9 en juin 2017, offrant une vue exceptionnelle sur la mer et Saint-Malo Intra-Muros. Situ\u00e9 au 3\u00e8me \u00e9tage sans ascenseur d\u2019un petit immeuble dans le charmant quartier de Solidor, cet appartement lumineux est parfait pour un s\u00e9jour au calme avec une ambiance maritime. [&hellip;]<\/p>\n","protected":false},"author":1,"featured_media":0,"parent":0,"menu_order":0,"comment_status":"closed","ping_status":"closed","template":"","meta":{"footnotes":""},"folder":[],"class_list":["post-13","page","type-page","status-publish","hentry"],"_links":{"self":[{"href":"https:\/\/launay-quinard.ovh\/index.php\/wp-json\/wp\/v2\/pages\/13","targetHints":{"allow":["GET"]}}],"collection":[{"href":"https:\/\/launay-quinard.ovh\/index.php\/wp-json\/wp\/v2\/pages"}],"about":[{"href":"https:\/\/launay-quinard.ovh\/index.php\/wp-json\/wp\/v2\/types\/page"}],"author":[{"embeddable":true,"href":"https:\/\/launay-quinard.ovh\/index.php\/wp-json\/wp\/v2\/users\/1"}],"replies":[{"embeddable":true,"href":"https:\/\/launay-quinard.ovh\/index.php\/wp-json\/wp\/v2\/comments?post=13"}],"version-history":[{"count":47,"href":"https:\/\/launay-quinard.ovh\/index.php\/wp-json\/wp\/v2\/pages\/13\/revisions"}],"predecessor-version":[{"id":529,"href":"https:\/\/launay-quinard.ovh\/index.php\/wp-json\/wp\/v2\/pages\/13\/revisions\/529"}],"wp:attachment":[{"href":"https:\/\/launay-quinard.ovh\/index.php\/wp-json\/wp\/v2\/media?parent=13"}],"wp:term":[{"taxonomy":"folder","embeddable":true,"href":"https:\/\/launay-quinard.ovh\/index.php\/wp-json\/wp\/v2\/folder?post=13"}],"curies":[{"name":"wp","href":"https:\/\/api.w.org\/{rel}","templated":true}]}}