{"id":142,"date":"2024-12-22T12:24:45","date_gmt":"2024-12-22T11:24:45","guid":{"rendered":"https:\/\/launay-quinard.ovh\/?page_id=142"},"modified":"2026-02-23T18:54:22","modified_gmt":"2026-02-23T17:54:22","slug":"appartement-ensoleille-intra-muros","status":"publish","type":"page","link":"https:\/\/launay-quinard.ovh\/index.php\/appartement-ensoleille-intra-muros\/","title":{"rendered":"Appartement tr\u00e8s ensoleill\u00e9 \u00e0 Intra-Muros"},"content":{"rendered":"\n<div class=\"wp-block-columns is-layout-flex wp-container-core-columns-is-layout-9d6595d7 wp-block-columns-is-layout-flex\">\n<div class=\"wp-block-column is-vertically-aligned-center is-layout-flow wp-block-column-is-layout-flow\">\n<p>Location 2 personnes<\/p>\n<\/div>\n\n\n\n<div class=\"wp-block-column is-layout-flow wp-block-column-is-layout-flow\"><pre class=\"ti-widget\" style=\"display: none\"><template id=\"trustindex-airbnb-widget-html\"><div class=\" ti-widget  ti-airb ti-show-rating-text ti-review-text-mode-readmore ti-text-align-left\" data-no-translation=\"true\" data-layout-id=\"106\" data-layout-category=\"button\" data-set-id=\"drop-shadow\" data-pid=\"\" data-language=\"fr\" data-close-locale=\"Fermer\" data-css-version=\"2\" data-footer-link-domain=\"\" data-size=\"1\" > <div class=\"ti-widget-container\"> <a href=\"https:\/\/www.airbnb.com\/rooms\/1137569481781168889\" target=\"_blank\" rel=\"noopener nofollow\" class=\"ti-header ti-header-grid source-Airbnb\" > <div class=\"ti-fade-container\"> <div class=\"ti-small-logo\"><trustindex-image data-imgurl=\"https:\/\/launay-quinard.ovh\/wp-content\/plugins\/review-widgets-for-airbnb\/static\/img\/platform\/logo.svg?ver=do-not-care-12.8\" alt=\"Airbnb\" width=\"150\" height=\"25\" loading=\"lazy\"><\/div> <span class=\"ti-stars\"><img decoding=\"async\" class=\"ti-star\" src=\"https:\/\/cdn.trustindex.io\/assets\/platform\/Airbnb\/star\/f.svg\" alt=\"Airbnb\" width=\"17\" height=\"17\" loading=\"lazy\" ><\/trustindex-image><trustindex-image class=\"ti-star\" data-imgurl=\"https:\/\/cdn.trustindex.io\/assets\/platform\/Airbnb\/star\/f.svg\" alt=\"Airbnb\" width=\"17\" height=\"17\" loading=\"lazy\" ><\/trustindex-image><trustindex-image class=\"ti-star\" data-imgurl=\"https:\/\/cdn.trustindex.io\/assets\/platform\/Airbnb\/star\/f.svg\" alt=\"Airbnb\" width=\"17\" height=\"17\" loading=\"lazy\" ><\/trustindex-image><trustindex-image class=\"ti-star\" data-imgurl=\"https:\/\/cdn.trustindex.io\/assets\/platform\/Airbnb\/star\/f.svg\" alt=\"Airbnb\" width=\"17\" height=\"17\" loading=\"lazy\" ><\/trustindex-image><trustindex-image class=\"ti-star\" data-imgurl=\"https:\/\/cdn.trustindex.io\/assets\/platform\/Airbnb\/star\/f.svg\" alt=\"Airbnb\" width=\"17\" height=\"17\" loading=\"lazy\" ><\/trustindex-image><\/span> <div class=\"ti-mob-row\"> <span class=\"nowrap\"><strong>5.0<span class=\"ti-separator\"><\/span>32 avis<\/strong><\/span> <\/div> <\/div> <\/a> <\/div> <\/div> <\/template><\/pre><div data-src=\"https:\/\/cdn.trustindex.io\/loader.js?wp-widget\" data-template-id=\"trustindex-airbnb-widget-html\" data-css-url=\"https:\/\/launay-quinard.ovh\/wp-content\/uploads\/trustindex-airbnb-widget.css?1751829135\"><\/div>\n<\/div>\n<\/div>\n\n\n\n<p><\/p>\n\n\n\n<p>Id\u00e9alement situ\u00e9 au c\u0153ur de la vieille ville de Saint-Malo, ce bel appartement de 33 m\u00b2, enti\u00e8rement r\u00e9nov\u00e9 avec go\u00fbt, se trouve au 3\u00e8me \u00e9tage d\u2019un immeuble en pierre typique. Avec ses trois grandes fen\u00eatres expos\u00e9es plein sud, il b\u00e9n\u00e9ficie d\u2019un ensoleillement exceptionnel et d\u2019une petite vue mer, cr\u00e9ant une ambiance chaleureuse et lumineuse.<\/p>\n\n\n\n<div class=\"wp-block-columns alignwide is-layout-flex wp-container-core-columns-is-layout-9d6595d7 wp-block-columns-is-layout-flex\">\n<div class=\"wp-block-column is-layout-flow wp-block-column-is-layout-flow\">\n<figure data-wp-context=\"{&quot;imageId&quot;:&quot;69da22f8d10af&quot;}\" data-wp-interactive=\"core\/image\" data-wp-key=\"69da22f8d10af\" class=\"wp-block-image size-large wp-lightbox-container\"><img loading=\"lazy\" decoding=\"async\" width=\"1024\" height=\"768\" data-wp-class--hide=\"state.isContentHidden\" data-wp-class--show=\"state.isContentVisible\" data-wp-init=\"callbacks.setButtonStyles\" data-wp-on--click=\"actions.showLightbox\" data-wp-on--load=\"callbacks.setButtonStyles\" data-wp-on-window--resize=\"callbacks.setButtonStyles\" src=\"http:\/\/launay-quinard.ovh\/wp-content\/uploads\/2024\/12\/Intra3e_Sejour2-1024x768.jpg\" alt=\"\" class=\"wp-image-67\" srcset=\"https:\/\/launay-quinard.ovh\/wp-content\/uploads\/2024\/12\/Intra3e_Sejour2-1024x768.jpg 1024w, https:\/\/launay-quinard.ovh\/wp-content\/uploads\/2024\/12\/Intra3e_Sejour2-300x225.jpg 300w, https:\/\/launay-quinard.ovh\/wp-content\/uploads\/2024\/12\/Intra3e_Sejour2-768x576.jpg 768w, https:\/\/launay-quinard.ovh\/wp-content\/uploads\/2024\/12\/Intra3e_Sejour2-1536x1152.jpg 1536w, https:\/\/launay-quinard.ovh\/wp-content\/uploads\/2024\/12\/Intra3e_Sejour2-892x669.jpg 892w, https:\/\/launay-quinard.ovh\/wp-content\/uploads\/2024\/12\/Intra3e_Sejour2.jpg 1600w\" sizes=\"auto, (max-width: 1024px) 100vw, 1024px\" \/><button\n\t\t\tclass=\"lightbox-trigger\"\n\t\t\ttype=\"button\"\n\t\t\taria-haspopup=\"dialog\"\n\t\t\taria-label=\"Agrandir\"\n\t\t\tdata-wp-init=\"callbacks.initTriggerButton\"\n\t\t\tdata-wp-on--click=\"actions.showLightbox\"\n\t\t\tdata-wp-style--right=\"state.imageButtonRight\"\n\t\t\tdata-wp-style--top=\"state.imageButtonTop\"\n\t\t>\n\t\t\t<svg xmlns=\"http:\/\/www.w3.org\/2000\/svg\" width=\"12\" height=\"12\" fill=\"none\" viewBox=\"0 0 12 12\">\n\t\t\t\t<path fill=\"#fff\" d=\"M2 0a2 2 0 0 0-2 2v2h1.5V2a.5.5 0 0 1 .5-.5h2V0H2Zm2 10.5H2a.5.5 0 0 1-.5-.5V8H0v2a2 2 0 0 0 2 2h2v-1.5ZM8 12v-1.5h2a.5.5 0 0 0 .5-.5V8H12v2a2 2 0 0 1-2 2H8Zm2-12a2 2 0 0 1 2 2v2h-1.5V2a.5.5 0 0 0-.5-.5H8V0h2Z\" \/>\n\t\t\t<\/svg>\n\t\t<\/button><\/figure>\n<\/div>\n\n\n\n<div class=\"wp-block-column is-layout-flow wp-block-column-is-layout-flow\">\n<figure data-wp-context=\"{&quot;imageId&quot;:&quot;69da22f8d1521&quot;}\" data-wp-interactive=\"core\/image\" data-wp-key=\"69da22f8d1521\" class=\"wp-block-image size-large wp-lightbox-container\"><img loading=\"lazy\" decoding=\"async\" width=\"1024\" height=\"768\" data-wp-class--hide=\"state.isContentHidden\" data-wp-class--show=\"state.isContentVisible\" data-wp-init=\"callbacks.setButtonStyles\" data-wp-on--click=\"actions.showLightbox\" data-wp-on--load=\"callbacks.setButtonStyles\" data-wp-on-window--resize=\"callbacks.setButtonStyles\" src=\"http:\/\/launay-quinard.ovh\/wp-content\/uploads\/2024\/12\/Intra3e_Sejour5-1024x768.jpg\" alt=\"\" class=\"wp-image-70\" srcset=\"https:\/\/launay-quinard.ovh\/wp-content\/uploads\/2024\/12\/Intra3e_Sejour5-1024x768.jpg 1024w, https:\/\/launay-quinard.ovh\/wp-content\/uploads\/2024\/12\/Intra3e_Sejour5-300x225.jpg 300w, https:\/\/launay-quinard.ovh\/wp-content\/uploads\/2024\/12\/Intra3e_Sejour5-768x576.jpg 768w, https:\/\/launay-quinard.ovh\/wp-content\/uploads\/2024\/12\/Intra3e_Sejour5-1536x1152.jpg 1536w, https:\/\/launay-quinard.ovh\/wp-content\/uploads\/2024\/12\/Intra3e_Sejour5-892x669.jpg 892w, https:\/\/launay-quinard.ovh\/wp-content\/uploads\/2024\/12\/Intra3e_Sejour5.jpg 1600w\" sizes=\"auto, (max-width: 1024px) 100vw, 1024px\" \/><button\n\t\t\tclass=\"lightbox-trigger\"\n\t\t\ttype=\"button\"\n\t\t\taria-haspopup=\"dialog\"\n\t\t\taria-label=\"Agrandir\"\n\t\t\tdata-wp-init=\"callbacks.initTriggerButton\"\n\t\t\tdata-wp-on--click=\"actions.showLightbox\"\n\t\t\tdata-wp-style--right=\"state.imageButtonRight\"\n\t\t\tdata-wp-style--top=\"state.imageButtonTop\"\n\t\t>\n\t\t\t<svg xmlns=\"http:\/\/www.w3.org\/2000\/svg\" width=\"12\" height=\"12\" fill=\"none\" viewBox=\"0 0 12 12\">\n\t\t\t\t<path fill=\"#fff\" d=\"M2 0a2 2 0 0 0-2 2v2h1.5V2a.5.5 0 0 1 .5-.5h2V0H2Zm2 10.5H2a.5.5 0 0 1-.5-.5V8H0v2a2 2 0 0 0 2 2h2v-1.5ZM8 12v-1.5h2a.5.5 0 0 0 .5-.5V8H12v2a2 2 0 0 1-2 2H8Zm2-12a2 2 0 0 1 2 2v2h-1.5V2a.5.5 0 0 0-.5-.5H8V0h2Z\" \/>\n\t\t\t<\/svg>\n\t\t<\/button><\/figure>\n<\/div>\n<\/div>\n\n\n\n<p><\/p>\n\n\n\n<p>\u00c0 seulement 60 m\u00e8tres des remparts et de la plage de Bon-Secours, cet appartement central et calme permet de profiter pleinement de Saint-Malo \u00e0 pied. Vous \u00eates \u00e9galement \u00e0 proximit\u00e9 des commerces, restaurants, et march\u00e9s locaux, ainsi que des sites embl\u00e9matiques tels que la plage du Sillon avec ses c\u00e9l\u00e8bres brises-lames.<\/p>\n\n\n\n<p>Dans l\u2019appartement, vous trouverez :<br> \u25cb une chambre lumineuse avec lit double (140 cm), linge de lit inclus.<br> \u25cb un s\u00e9jour agr\u00e9able avec banquette (non convertible) et vue d\u00e9gag\u00e9e.<br> \u25cb une cuisine \u00e9quip\u00e9e avec micro-ondes, grille-pain, cafeti\u00e8re, bouilloire et vaisselle compl\u00e8te.<br> \u25cb une salle de bain avec douche, WC, et linge de toilette fourni.<\/p>\n\n\n\n<p>Pour votre arriv\u00e9e, des indications vous seront fournies concernant le stationnement : un parking public payant se trouve \u00e0 proximit\u00e9, et un parking gratuit est accessible \u00e0 15 minutes \u00e0 pied.<\/p>\n\n\n\n<p>Cet appartement est parfait pour explorer Saint-Malo \u00e0 pied et vivre pleinement l\u2019ambiance de la cit\u00e9 corsaire. Laissez-vous s\u00e9duire par sa luminosit\u00e9, son charme et son confort, pour un s\u00e9jour m\u00e9morable au c\u0153ur de cette ville historique.<\/p>\n\n\n\n<p><strong>Chauffage inclus<\/strong><br><strong>Acc\u00e8s wifi gratuit<\/strong><\/p>\n\n\n\n<div class=\"wp-block-getwid-images-slider has-arrows-inside has-dots-inside has-images-center has-fitted-images has-fixed-height alignwide\"><div class=\"wp-block-getwid-images-slider__wrapper\" data-effect=\"slide\" data-slides-show=\"1\" data-slides-show-laptop=\"1\" data-slides-show-tablet=\"1\" data-slides-show-mobile=\"1\" data-slides-scroll=\"1\" data-autoplay=\"true\" data-pause-hover=\"true\" data-autoplay-speed=\"6000\" data-infinite=\"true\" data-animation-speed=\"800\" data-center-mode=\"false\" data-variable-width=\"false\" data-arrows=\"inside\" data-dots=\"inside\" data-spacing=\"none\"><div class=\"wp-block-getwid-images-slider__item getwid-reset-height-tablet getwid-reset-height-mobile\" style=\"height:600px\"><figure><img loading=\"lazy\" decoding=\"async\" width=\"1600\" height=\"1200\" src=\"http:\/\/launay-quinard.ovh\/wp-content\/uploads\/2024\/12\/Intra3e_Sejour2.jpg\" data-id=\"67\" data-link=\"https:\/\/launay-quinard.ovh\/intra3e_sejour2\/\" data-original-link=\"http:\/\/launay-quinard.ovh\/wp-content\/uploads\/2024\/12\/Intra3e_Sejour2.jpg\" class=\"wp-block-getwid-images-slider__image wp-image-67\" srcset=\"https:\/\/launay-quinard.ovh\/wp-content\/uploads\/2024\/12\/Intra3e_Sejour2.jpg 1600w, https:\/\/launay-quinard.ovh\/wp-content\/uploads\/2024\/12\/Intra3e_Sejour2-300x225.jpg 300w, https:\/\/launay-quinard.ovh\/wp-content\/uploads\/2024\/12\/Intra3e_Sejour2-1024x768.jpg 1024w, https:\/\/launay-quinard.ovh\/wp-content\/uploads\/2024\/12\/Intra3e_Sejour2-768x576.jpg 768w, https:\/\/launay-quinard.ovh\/wp-content\/uploads\/2024\/12\/Intra3e_Sejour2-1536x1152.jpg 1536w, https:\/\/launay-quinard.ovh\/wp-content\/uploads\/2024\/12\/Intra3e_Sejour2-892x669.jpg 892w\" sizes=\"auto, (max-width: 1600px) 100vw, 1600px\" \/><\/figure><\/div><div class=\"wp-block-getwid-images-slider__item getwid-reset-height-tablet getwid-reset-height-mobile\" style=\"height:600px\"><figure><img loading=\"lazy\" decoding=\"async\" width=\"1600\" height=\"1200\" src=\"http:\/\/launay-quinard.ovh\/wp-content\/uploads\/2024\/12\/Intra3e_Sejour5.jpg\" data-id=\"70\" data-link=\"https:\/\/launay-quinard.ovh\/intra3e_sejour5\/\" data-original-link=\"http:\/\/launay-quinard.ovh\/wp-content\/uploads\/2024\/12\/Intra3e_Sejour5.jpg\" class=\"wp-block-getwid-images-slider__image wp-image-70\" srcset=\"https:\/\/launay-quinard.ovh\/wp-content\/uploads\/2024\/12\/Intra3e_Sejour5.jpg 1600w, https:\/\/launay-quinard.ovh\/wp-content\/uploads\/2024\/12\/Intra3e_Sejour5-300x225.jpg 300w, https:\/\/launay-quinard.ovh\/wp-content\/uploads\/2024\/12\/Intra3e_Sejour5-1024x768.jpg 1024w, https:\/\/launay-quinard.ovh\/wp-content\/uploads\/2024\/12\/Intra3e_Sejour5-768x576.jpg 768w, https:\/\/launay-quinard.ovh\/wp-content\/uploads\/2024\/12\/Intra3e_Sejour5-1536x1152.jpg 1536w, https:\/\/launay-quinard.ovh\/wp-content\/uploads\/2024\/12\/Intra3e_Sejour5-892x669.jpg 892w\" sizes=\"auto, (max-width: 1600px) 100vw, 1600px\" \/><\/figure><\/div><div class=\"wp-block-getwid-images-slider__item getwid-reset-height-tablet getwid-reset-height-mobile\" style=\"height:600px\"><figure><img loading=\"lazy\" decoding=\"async\" width=\"2100\" height=\"1575\" src=\"http:\/\/launay-quinard.ovh\/wp-content\/uploads\/2025\/01\/Intra3e_Sejour3_large.jpg\" data-id=\"407\" data-link=\"https:\/\/launay-quinard.ovh\/intra3e_sejour3_large\/\" data-original-link=\"http:\/\/launay-quinard.ovh\/wp-content\/uploads\/2025\/01\/Intra3e_Sejour3_large.jpg\" class=\"wp-block-getwid-images-slider__image wp-image-407\" srcset=\"https:\/\/launay-quinard.ovh\/wp-content\/uploads\/2025\/01\/Intra3e_Sejour3_large.jpg 2100w, https:\/\/launay-quinard.ovh\/wp-content\/uploads\/2025\/01\/Intra3e_Sejour3_large-300x225.jpg 300w, https:\/\/launay-quinard.ovh\/wp-content\/uploads\/2025\/01\/Intra3e_Sejour3_large-1024x768.jpg 1024w, https:\/\/launay-quinard.ovh\/wp-content\/uploads\/2025\/01\/Intra3e_Sejour3_large-768x576.jpg 768w, https:\/\/launay-quinard.ovh\/wp-content\/uploads\/2025\/01\/Intra3e_Sejour3_large-1536x1152.jpg 1536w, https:\/\/launay-quinard.ovh\/wp-content\/uploads\/2025\/01\/Intra3e_Sejour3_large-2048x1536.jpg 2048w, https:\/\/launay-quinard.ovh\/wp-content\/uploads\/2025\/01\/Intra3e_Sejour3_large-892x669.jpg 892w\" sizes=\"auto, (max-width: 2100px) 100vw, 2100px\" \/><\/figure><\/div><div class=\"wp-block-getwid-images-slider__item getwid-reset-height-tablet getwid-reset-height-mobile\" style=\"height:600px\"><figure><img loading=\"lazy\" decoding=\"async\" width=\"2100\" height=\"1575\" src=\"http:\/\/launay-quinard.ovh\/wp-content\/uploads\/2025\/01\/Intra3e_Chambre1_large.jpg\" data-id=\"408\" data-link=\"https:\/\/launay-quinard.ovh\/intra3e_chambre1_large\/\" data-original-link=\"http:\/\/launay-quinard.ovh\/wp-content\/uploads\/2025\/01\/Intra3e_Chambre1_large.jpg\" class=\"wp-block-getwid-images-slider__image wp-image-408\" srcset=\"https:\/\/launay-quinard.ovh\/wp-content\/uploads\/2025\/01\/Intra3e_Chambre1_large.jpg 2100w, https:\/\/launay-quinard.ovh\/wp-content\/uploads\/2025\/01\/Intra3e_Chambre1_large-300x225.jpg 300w, https:\/\/launay-quinard.ovh\/wp-content\/uploads\/2025\/01\/Intra3e_Chambre1_large-1024x768.jpg 1024w, https:\/\/launay-quinard.ovh\/wp-content\/uploads\/2025\/01\/Intra3e_Chambre1_large-768x576.jpg 768w, https:\/\/launay-quinard.ovh\/wp-content\/uploads\/2025\/01\/Intra3e_Chambre1_large-1536x1152.jpg 1536w, https:\/\/launay-quinard.ovh\/wp-content\/uploads\/2025\/01\/Intra3e_Chambre1_large-2048x1536.jpg 2048w, https:\/\/launay-quinard.ovh\/wp-content\/uploads\/2025\/01\/Intra3e_Chambre1_large-892x669.jpg 892w\" sizes=\"auto, (max-width: 2100px) 100vw, 2100px\" \/><\/figure><\/div><div class=\"wp-block-getwid-images-slider__item getwid-reset-height-tablet getwid-reset-height-mobile\" style=\"height:600px\"><figure><img loading=\"lazy\" decoding=\"async\" width=\"2100\" height=\"1575\" src=\"http:\/\/launay-quinard.ovh\/wp-content\/uploads\/2025\/01\/Intra3e_CoinRepas1_large.jpg\" data-id=\"409\" data-link=\"https:\/\/launay-quinard.ovh\/intra3e_coinrepas1_large\/\" data-original-link=\"http:\/\/launay-quinard.ovh\/wp-content\/uploads\/2025\/01\/Intra3e_CoinRepas1_large.jpg\" class=\"wp-block-getwid-images-slider__image wp-image-409\" srcset=\"https:\/\/launay-quinard.ovh\/wp-content\/uploads\/2025\/01\/Intra3e_CoinRepas1_large.jpg 2100w, https:\/\/launay-quinard.ovh\/wp-content\/uploads\/2025\/01\/Intra3e_CoinRepas1_large-300x225.jpg 300w, https:\/\/launay-quinard.ovh\/wp-content\/uploads\/2025\/01\/Intra3e_CoinRepas1_large-1024x768.jpg 1024w, https:\/\/launay-quinard.ovh\/wp-content\/uploads\/2025\/01\/Intra3e_CoinRepas1_large-768x576.jpg 768w, https:\/\/launay-quinard.ovh\/wp-content\/uploads\/2025\/01\/Intra3e_CoinRepas1_large-1536x1152.jpg 1536w, https:\/\/launay-quinard.ovh\/wp-content\/uploads\/2025\/01\/Intra3e_CoinRepas1_large-2048x1536.jpg 2048w, https:\/\/launay-quinard.ovh\/wp-content\/uploads\/2025\/01\/Intra3e_CoinRepas1_large-892x669.jpg 892w\" sizes=\"auto, (max-width: 2100px) 100vw, 2100px\" \/><\/figure><\/div><div class=\"wp-block-getwid-images-slider__item getwid-reset-height-tablet getwid-reset-height-mobile\" style=\"height:600px\"><figure><img loading=\"lazy\" decoding=\"async\" width=\"1600\" height=\"1200\" src=\"http:\/\/launay-quinard.ovh\/wp-content\/uploads\/2024\/12\/Intra3e_Dressing.jpg\" data-id=\"61\" data-link=\"https:\/\/launay-quinard.ovh\/intra3e_dressing\/\" data-original-link=\"http:\/\/launay-quinard.ovh\/wp-content\/uploads\/2024\/12\/Intra3e_Dressing.jpg\" class=\"wp-block-getwid-images-slider__image wp-image-61\" srcset=\"https:\/\/launay-quinard.ovh\/wp-content\/uploads\/2024\/12\/Intra3e_Dressing.jpg 1600w, https:\/\/launay-quinard.ovh\/wp-content\/uploads\/2024\/12\/Intra3e_Dressing-300x225.jpg 300w, https:\/\/launay-quinard.ovh\/wp-content\/uploads\/2024\/12\/Intra3e_Dressing-1024x768.jpg 1024w, https:\/\/launay-quinard.ovh\/wp-content\/uploads\/2024\/12\/Intra3e_Dressing-768x576.jpg 768w, https:\/\/launay-quinard.ovh\/wp-content\/uploads\/2024\/12\/Intra3e_Dressing-1536x1152.jpg 1536w, https:\/\/launay-quinard.ovh\/wp-content\/uploads\/2024\/12\/Intra3e_Dressing-892x669.jpg 892w\" sizes=\"auto, (max-width: 1600px) 100vw, 1600px\" \/><\/figure><\/div><div class=\"wp-block-getwid-images-slider__item getwid-reset-height-tablet getwid-reset-height-mobile\" style=\"height:600px\"><figure><img loading=\"lazy\" decoding=\"async\" width=\"2100\" height=\"1575\" src=\"http:\/\/launay-quinard.ovh\/wp-content\/uploads\/2025\/01\/Intra3e_SalleDeBains2_large.jpg\" data-id=\"412\" data-link=\"https:\/\/launay-quinard.ovh\/intra3e_salledebains2_large\/\" data-original-link=\"http:\/\/launay-quinard.ovh\/wp-content\/uploads\/2025\/01\/Intra3e_SalleDeBains2_large.jpg\" class=\"wp-block-getwid-images-slider__image wp-image-412\" srcset=\"https:\/\/launay-quinard.ovh\/wp-content\/uploads\/2025\/01\/Intra3e_SalleDeBains2_large.jpg 2100w, https:\/\/launay-quinard.ovh\/wp-content\/uploads\/2025\/01\/Intra3e_SalleDeBains2_large-300x225.jpg 300w, https:\/\/launay-quinard.ovh\/wp-content\/uploads\/2025\/01\/Intra3e_SalleDeBains2_large-1024x768.jpg 1024w, https:\/\/launay-quinard.ovh\/wp-content\/uploads\/2025\/01\/Intra3e_SalleDeBains2_large-768x576.jpg 768w, https:\/\/launay-quinard.ovh\/wp-content\/uploads\/2025\/01\/Intra3e_SalleDeBains2_large-1536x1152.jpg 1536w, https:\/\/launay-quinard.ovh\/wp-content\/uploads\/2025\/01\/Intra3e_SalleDeBains2_large-2048x1536.jpg 2048w, https:\/\/launay-quinard.ovh\/wp-content\/uploads\/2025\/01\/Intra3e_SalleDeBains2_large-892x669.jpg 892w\" sizes=\"auto, (max-width: 2100px) 100vw, 2100px\" \/><\/figure><\/div><div class=\"wp-block-getwid-images-slider__item getwid-reset-height-tablet getwid-reset-height-mobile\" style=\"height:600px\"><figure><img loading=\"lazy\" decoding=\"async\" width=\"2100\" height=\"1575\" src=\"http:\/\/launay-quinard.ovh\/wp-content\/uploads\/2025\/01\/Intra3e_SalleDeBains1_large.jpg\" data-id=\"411\" data-link=\"https:\/\/launay-quinard.ovh\/intra3e_salledebains1_large\/\" data-original-link=\"http:\/\/launay-quinard.ovh\/wp-content\/uploads\/2025\/01\/Intra3e_SalleDeBains1_large.jpg\" class=\"wp-block-getwid-images-slider__image wp-image-411\" srcset=\"https:\/\/launay-quinard.ovh\/wp-content\/uploads\/2025\/01\/Intra3e_SalleDeBains1_large.jpg 2100w, https:\/\/launay-quinard.ovh\/wp-content\/uploads\/2025\/01\/Intra3e_SalleDeBains1_large-300x225.jpg 300w, https:\/\/launay-quinard.ovh\/wp-content\/uploads\/2025\/01\/Intra3e_SalleDeBains1_large-1024x768.jpg 1024w, https:\/\/launay-quinard.ovh\/wp-content\/uploads\/2025\/01\/Intra3e_SalleDeBains1_large-768x576.jpg 768w, https:\/\/launay-quinard.ovh\/wp-content\/uploads\/2025\/01\/Intra3e_SalleDeBains1_large-1536x1152.jpg 1536w, https:\/\/launay-quinard.ovh\/wp-content\/uploads\/2025\/01\/Intra3e_SalleDeBains1_large-2048x1536.jpg 2048w, https:\/\/launay-quinard.ovh\/wp-content\/uploads\/2025\/01\/Intra3e_SalleDeBains1_large-892x669.jpg 892w\" sizes=\"auto, (max-width: 2100px) 100vw, 2100px\" \/><\/figure><\/div><div class=\"wp-block-getwid-images-slider__item getwid-reset-height-tablet getwid-reset-height-mobile\" style=\"height:600px\"><figure><img loading=\"lazy\" decoding=\"async\" width=\"1600\" height=\"1200\" src=\"http:\/\/launay-quinard.ovh\/wp-content\/uploads\/2024\/12\/Intra3e_Exterieur1.jpg\" data-id=\"62\" data-link=\"https:\/\/launay-quinard.ovh\/intra3e_exterieur1\/\" data-original-link=\"http:\/\/launay-quinard.ovh\/wp-content\/uploads\/2024\/12\/Intra3e_Exterieur1.jpg\" class=\"wp-block-getwid-images-slider__image wp-image-62\" srcset=\"https:\/\/launay-quinard.ovh\/wp-content\/uploads\/2024\/12\/Intra3e_Exterieur1.jpg 1600w, https:\/\/launay-quinard.ovh\/wp-content\/uploads\/2024\/12\/Intra3e_Exterieur1-300x225.jpg 300w, https:\/\/launay-quinard.ovh\/wp-content\/uploads\/2024\/12\/Intra3e_Exterieur1-1024x768.jpg 1024w, https:\/\/launay-quinard.ovh\/wp-content\/uploads\/2024\/12\/Intra3e_Exterieur1-768x576.jpg 768w, https:\/\/launay-quinard.ovh\/wp-content\/uploads\/2024\/12\/Intra3e_Exterieur1-1536x1152.jpg 1536w, https:\/\/launay-quinard.ovh\/wp-content\/uploads\/2024\/12\/Intra3e_Exterieur1-892x669.jpg 892w\" sizes=\"auto, (max-width: 1600px) 100vw, 1600px\" \/><\/figure><\/div><div class=\"wp-block-getwid-images-slider__item getwid-reset-height-tablet getwid-reset-height-mobile\" style=\"height:600px\"><figure><img loading=\"lazy\" decoding=\"async\" width=\"2100\" height=\"1575\" src=\"http:\/\/launay-quinard.ovh\/wp-content\/uploads\/2025\/01\/Intra3e_Exterieur2_large.jpg\" data-id=\"410\" data-link=\"https:\/\/launay-quinard.ovh\/intra3e_exterieur2_large\/\" data-original-link=\"http:\/\/launay-quinard.ovh\/wp-content\/uploads\/2025\/01\/Intra3e_Exterieur2_large.jpg\" class=\"wp-block-getwid-images-slider__image wp-image-410\" srcset=\"https:\/\/launay-quinard.ovh\/wp-content\/uploads\/2025\/01\/Intra3e_Exterieur2_large.jpg 2100w, https:\/\/launay-quinard.ovh\/wp-content\/uploads\/2025\/01\/Intra3e_Exterieur2_large-300x225.jpg 300w, https:\/\/launay-quinard.ovh\/wp-content\/uploads\/2025\/01\/Intra3e_Exterieur2_large-1024x768.jpg 1024w, https:\/\/launay-quinard.ovh\/wp-content\/uploads\/2025\/01\/Intra3e_Exterieur2_large-768x576.jpg 768w, https:\/\/launay-quinard.ovh\/wp-content\/uploads\/2025\/01\/Intra3e_Exterieur2_large-1536x1152.jpg 1536w, https:\/\/launay-quinard.ovh\/wp-content\/uploads\/2025\/01\/Intra3e_Exterieur2_large-2048x1536.jpg 2048w, https:\/\/launay-quinard.ovh\/wp-content\/uploads\/2025\/01\/Intra3e_Exterieur2_large-892x669.jpg 892w\" sizes=\"auto, (max-width: 2100px) 100vw, 2100px\" \/><\/figure><\/div><\/div><\/div>\n\n\n\n<h2 class=\"wp-block-heading\">Acc\u00e8s<\/h2>\n\n\n\n<iframe src=\"https:\/\/www.google.com\/maps\/embed?pb=!1m18!1m12!1m3!1d2636.002064217529!2d-2.029901087401039!3d48.64807571536374!2m3!1f0!2f0!3f0!3m2!1i1024!2i768!4f13.1!3m3!1m2!1s0x480e811a79e45629%3A0xc9b35335408b8775!2s9%20Rue%20de%20la%20Pie%20Qui%20Boit%2C%2035400%20Saint-Malo!5e0!3m2!1sfr!2sfr!4v1734861647257!5m2!1sfr!2sfr\" width=\"600\" height=\"450\" style=\"border:0;\" allowfullscreen=\"\" loading=\"lazy\" referrerpolicy=\"no-referrer-when-downgrade\"><\/iframe>\n\n\n\n<h2 class=\"wp-block-heading\">Tarifs 2026<\/h2>\n\n\n\n<figure class=\"wp-block-table\"><table class=\"has-fixed-layout\"><thead><tr><th class=\"has-text-align-center\" data-align=\"center\"><\/th><th class=\"has-text-align-center\" data-align=\"center\">Tr\u00e8s Haute Saison<\/th><th class=\"has-text-align-center\" data-align=\"center\">Haute Saison<\/th><th class=\"has-text-align-center\" data-align=\"center\">Moyenne Saison<\/th><th class=\"has-text-align-center\" data-align=\"center\">Basse Saison<\/th><\/tr><\/thead><tbody><tr><td class=\"has-text-align-center\" data-align=\"center\">Semaine<\/td><td class=\"has-text-align-center\" data-align=\"center\">900 \u20ac<\/td><td class=\"has-text-align-center\" data-align=\"center\">790 \u20ac<\/td><td class=\"has-text-align-center\" data-align=\"center\">690 \u20ac<\/td><td class=\"has-text-align-center\" data-align=\"center\">610 \u20ac<\/td><\/tr><\/tbody><\/table><\/figure>\n\n\n\n<p><\/p>\n\n\n\n<p>* Week-end ou courts s\u00e9jours sur demande<br>Prix pour 2 nuits : \u00e0 partir de 240 \u20ac<br>Prix pour 3 nuits : \u00e0 partir de 350 \u20ac<\/p>\n\n\n\n<p><strong>Options possibles<\/strong><br> \u25cb Forfait m\u00e9nage fin de s\u00e9jour : 40 \u20ac<br> \u25cb Location de draps : 15 \u20ac<br> \u25cb Location de linge de toilettes : 9 \u20ac par personne<\/p>\n\n\n\n<p><strong>Ch\u00e8ques vacances accept\u00e9s<\/strong><\/p>\n\n\n\n<p><strong>Taxe de s\u00e9jour non comprise<\/strong> : 1,35 \u20ac par personne et par jour<\/p>\n\n\n\n<p><strong>Route du Rhum<\/strong>  <strong>2026 <\/strong><\/p>\n\n\n\n<p>Du 18 au 26 octobre 2026 matin : 150 \u20ac la nuit<\/p>\n\n\n\n<p>Du 26 octobre au 1er novembre 2026 matin : 260 \u20ac la nuit minimum 4 nuits<\/p>\n\n\n\n<p><\/p>\n","protected":false},"excerpt":{"rendered":"<p>Location 2 personnes Id\u00e9alement situ\u00e9 au c\u0153ur de la vieille ville de Saint-Malo, ce bel appartement de 33 m\u00b2, enti\u00e8rement r\u00e9nov\u00e9 avec go\u00fbt, se trouve au 3\u00e8me \u00e9tage d\u2019un immeuble en pierre typique. Avec ses trois grandes fen\u00eatres expos\u00e9es plein sud, il b\u00e9n\u00e9ficie d\u2019un ensoleillement exceptionnel et d\u2019une petite vue mer, cr\u00e9ant une ambiance chaleureuse [&hellip;]<\/p>\n","protected":false},"author":1,"featured_media":0,"parent":0,"menu_order":0,"comment_status":"closed","ping_status":"closed","template":"","meta":{"footnotes":""},"folder":[],"class_list":["post-142","page","type-page","status-publish","hentry"],"_links":{"self":[{"href":"https:\/\/launay-quinard.ovh\/index.php\/wp-json\/wp\/v2\/pages\/142","targetHints":{"allow":["GET"]}}],"collection":[{"href":"https:\/\/launay-quinard.ovh\/index.php\/wp-json\/wp\/v2\/pages"}],"about":[{"href":"https:\/\/launay-quinard.ovh\/index.php\/wp-json\/wp\/v2\/types\/page"}],"author":[{"embeddable":true,"href":"https:\/\/launay-quinard.ovh\/index.php\/wp-json\/wp\/v2\/users\/1"}],"replies":[{"embeddable":true,"href":"https:\/\/launay-quinard.ovh\/index.php\/wp-json\/wp\/v2\/comments?post=142"}],"version-history":[{"count":39,"href":"https:\/\/launay-quinard.ovh\/index.php\/wp-json\/wp\/v2\/pages\/142\/revisions"}],"predecessor-version":[{"id":528,"href":"https:\/\/launay-quinard.ovh\/index.php\/wp-json\/wp\/v2\/pages\/142\/revisions\/528"}],"wp:attachment":[{"href":"https:\/\/launay-quinard.ovh\/index.php\/wp-json\/wp\/v2\/media?parent=142"}],"wp:term":[{"taxonomy":"folder","embeddable":true,"href":"https:\/\/launay-quinard.ovh\/index.php\/wp-json\/wp\/v2\/folder?post=142"}],"curies":[{"name":"wp","href":"https:\/\/api.w.org\/{rel}","templated":true}]}}