{"id":148,"date":"2024-12-22T12:45:33","date_gmt":"2024-12-22T11:45:33","guid":{"rendered":"https:\/\/launay-quinard.ovh\/?page_id=148"},"modified":"2025-01-06T12:25:31","modified_gmt":"2025-01-06T11:25:31","slug":"accueil","status":"publish","type":"page","link":"https:\/\/launay-quinard.ovh\/","title":{"rendered":"Vos escapades authentiques \u00e0 Saint-Malo et ses environs"},"content":{"rendered":"\n<div class=\"wp-block-getwid-section alignfull alignfull has-inner-blocks-gap-small getwid-margin-top-none getwid-margin-bottom-none getwid-section-content-full-width\"><div class=\"wp-block-getwid-section__wrapper getwid-padding-top-small getwid-padding-bottom-small getwid-padding-left-small getwid-padding-right-small getwid-padding-tablet-top-small getwid-padding-tablet-bottom-small getwid-padding-tablet-left-small getwid-padding-tablet-right-small getwid-padding-mobile-top-small getwid-padding-mobile-bottom-small getwid-padding-mobile-left-small getwid-padding-mobile-right-small getwid-margin-left-none getwid-margin-right-none getwid-align-items-tablet-center getwid-align-items-mobile-center getwid-justify-content-tablet-center getwid-justify-content-mobile-center\"><div class=\"wp-block-getwid-section__inner-wrapper\"><div class=\"wp-block-getwid-section__background-holder\"><div class=\"wp-block-getwid-section__background\"><\/div><div class=\"wp-block-getwid-section__foreground\"><\/div><\/div><div class=\"wp-block-getwid-section__content\"><div class=\"wp-block-getwid-section__inner-content\">\n<div class=\"wp-block-columns has-2-columns are-vertically-aligned-center is-layout-flex wp-container-core-columns-is-layout-9d6595d7 wp-block-columns-is-layout-flex\">\n<div class=\"wp-block-column is-vertically-aligned-center is-layout-flow wp-block-column-is-layout-flow\">\n<figure data-wp-context=\"{&quot;imageId&quot;:&quot;69da077847f8a&quot;}\" data-wp-interactive=\"core\/image\" data-wp-key=\"69da077847f8a\" class=\"wp-block-image size-large wp-lightbox-container\"><img loading=\"lazy\" decoding=\"async\" width=\"1024\" height=\"681\" data-wp-class--hide=\"state.isContentHidden\" data-wp-class--show=\"state.isContentVisible\" data-wp-init=\"callbacks.setButtonStyles\" data-wp-on--click=\"actions.showLightbox\" data-wp-on--load=\"callbacks.setButtonStyles\" data-wp-on-window--resize=\"callbacks.setButtonStyles\" src=\"http:\/\/launay-quinard.ovh\/wp-content\/uploads\/2024\/12\/Domaine_Etang1-1024x681.jpg\" alt=\"\" class=\"wp-image-128\" srcset=\"https:\/\/launay-quinard.ovh\/wp-content\/uploads\/2024\/12\/Domaine_Etang1-1024x681.jpg 1024w, https:\/\/launay-quinard.ovh\/wp-content\/uploads\/2024\/12\/Domaine_Etang1-300x199.jpg 300w, https:\/\/launay-quinard.ovh\/wp-content\/uploads\/2024\/12\/Domaine_Etang1-768x511.jpg 768w, https:\/\/launay-quinard.ovh\/wp-content\/uploads\/2024\/12\/Domaine_Etang1-1536x1021.jpg 1536w, https:\/\/launay-quinard.ovh\/wp-content\/uploads\/2024\/12\/Domaine_Etang1-2048x1362.jpg 2048w, https:\/\/launay-quinard.ovh\/wp-content\/uploads\/2024\/12\/Domaine_Etang1-892x594.jpg 892w, https:\/\/launay-quinard.ovh\/wp-content\/uploads\/2024\/12\/Domaine_Etang1-150x100.jpg 150w\" sizes=\"auto, (max-width: 1024px) 100vw, 1024px\" \/><button\n\t\t\tclass=\"lightbox-trigger\"\n\t\t\ttype=\"button\"\n\t\t\taria-haspopup=\"dialog\"\n\t\t\taria-label=\"Agrandir\"\n\t\t\tdata-wp-init=\"callbacks.initTriggerButton\"\n\t\t\tdata-wp-on--click=\"actions.showLightbox\"\n\t\t\tdata-wp-style--right=\"state.imageButtonRight\"\n\t\t\tdata-wp-style--top=\"state.imageButtonTop\"\n\t\t>\n\t\t\t<svg xmlns=\"http:\/\/www.w3.org\/2000\/svg\" width=\"12\" height=\"12\" fill=\"none\" viewBox=\"0 0 12 12\">\n\t\t\t\t<path fill=\"#fff\" d=\"M2 0a2 2 0 0 0-2 2v2h1.5V2a.5.5 0 0 1 .5-.5h2V0H2Zm2 10.5H2a.5.5 0 0 1-.5-.5V8H0v2a2 2 0 0 0 2 2h2v-1.5ZM8 12v-1.5h2a.5.5 0 0 0 .5-.5V8H12v2a2 2 0 0 1-2 2H8Zm2-12a2 2 0 0 1 2 2v2h-1.5V2a.5.5 0 0 0-.5-.5H8V0h2Z\" \/>\n\t\t\t<\/svg>\n\t\t<\/button><\/figure>\n<\/div>\n\n\n\n<div class=\"wp-block-column is-vertically-aligned-center is-layout-flow wp-block-column-is-layout-flow\">\n<div class=\"wp-block-getwid-advanced-heading\" style=\"margin-bottom:30px;margin-top:10px\"><h2 class=\"wp-block-getwid-advanced-heading__content\" style=\"text-align:left\">Launay Quinard<\/h2><\/div>\n\n\n\n<p class=\"has-text-align-left\">Au c\u0153ur de la vall\u00e9e de la Rance, le domaine de Launay Quinard vous offre un \u00e9crin de charme m\u00ealant s\u00e9r\u00e9nit\u00e9 et caract\u00e8re.<\/p>\n\n\n\n<div class=\"wp-block-button\"><a class=\"wp-block-button__link has-text-color has-background wp-element-button\" href=\"https:\/\/launay-quinard.ovh\/index.php\/le-domaine-de-launay-quinard\/\" style=\"color:#ffffff;background-color:#000000\">D\u00e9couvrir le domaine<\/a><\/div>\n<\/div>\n<\/div>\n<\/div><\/div><\/div><\/div><\/div>\n\n\n\n<div class=\"wp-block-getwid-section alignfull alignfull has-inner-blocks-gap-small getwid-margin-top-none getwid-margin-bottom-none getwid-section-content-full-width\"><div class=\"wp-block-getwid-section__wrapper getwid-padding-top-small getwid-padding-bottom-small getwid-padding-left-small getwid-padding-right-small getwid-padding-tablet-top-small getwid-padding-tablet-bottom-small getwid-padding-tablet-left-small getwid-padding-tablet-right-small getwid-padding-mobile-top-small getwid-padding-mobile-bottom-small getwid-padding-mobile-left-small getwid-padding-mobile-right-small getwid-margin-left-none getwid-margin-right-none getwid-align-items-tablet-center getwid-align-items-mobile-center getwid-justify-content-tablet-center getwid-justify-content-mobile-center\"><div class=\"wp-block-getwid-section__inner-wrapper\"><div class=\"wp-block-getwid-section__background-holder\"><div class=\"wp-block-getwid-section__background\"><\/div><div class=\"wp-block-getwid-section__foreground\"><\/div><\/div><div class=\"wp-block-getwid-section__content\"><div class=\"wp-block-getwid-section__inner-content\">\n<div class=\"wp-block-columns has-2-columns are-vertically-aligned-center is-layout-flex wp-container-core-columns-is-layout-9d6595d7 wp-block-columns-is-layout-flex\">\n<div class=\"wp-block-column is-vertically-aligned-center is-layout-flow wp-block-column-is-layout-flow\">\n<figure data-wp-context=\"{&quot;imageId&quot;:&quot;69da077848a00&quot;}\" data-wp-interactive=\"core\/image\" data-wp-key=\"69da077848a00\" class=\"wp-block-image size-large wp-lightbox-container\"><img loading=\"lazy\" decoding=\"async\" width=\"1024\" height=\"681\" data-wp-class--hide=\"state.isContentHidden\" data-wp-class--show=\"state.isContentVisible\" data-wp-init=\"callbacks.setButtonStyles\" data-wp-on--click=\"actions.showLightbox\" data-wp-on--load=\"callbacks.setButtonStyles\" data-wp-on-window--resize=\"callbacks.setButtonStyles\" src=\"http:\/\/launay-quinard.ovh\/wp-content\/uploads\/2024\/12\/Domaine_Jardin3-1024x681.jpg\" alt=\"\" class=\"wp-image-185\" srcset=\"https:\/\/launay-quinard.ovh\/wp-content\/uploads\/2024\/12\/Domaine_Jardin3-1024x681.jpg 1024w, https:\/\/launay-quinard.ovh\/wp-content\/uploads\/2024\/12\/Domaine_Jardin3-300x199.jpg 300w, https:\/\/launay-quinard.ovh\/wp-content\/uploads\/2024\/12\/Domaine_Jardin3-768x511.jpg 768w, https:\/\/launay-quinard.ovh\/wp-content\/uploads\/2024\/12\/Domaine_Jardin3-1536x1021.jpg 1536w, https:\/\/launay-quinard.ovh\/wp-content\/uploads\/2024\/12\/Domaine_Jardin3-2048x1362.jpg 2048w, https:\/\/launay-quinard.ovh\/wp-content\/uploads\/2024\/12\/Domaine_Jardin3-892x593.jpg 892w\" sizes=\"auto, (max-width: 1024px) 100vw, 1024px\" \/><button\n\t\t\tclass=\"lightbox-trigger\"\n\t\t\ttype=\"button\"\n\t\t\taria-haspopup=\"dialog\"\n\t\t\taria-label=\"Agrandir\"\n\t\t\tdata-wp-init=\"callbacks.initTriggerButton\"\n\t\t\tdata-wp-on--click=\"actions.showLightbox\"\n\t\t\tdata-wp-style--right=\"state.imageButtonRight\"\n\t\t\tdata-wp-style--top=\"state.imageButtonTop\"\n\t\t>\n\t\t\t<svg xmlns=\"http:\/\/www.w3.org\/2000\/svg\" width=\"12\" height=\"12\" fill=\"none\" viewBox=\"0 0 12 12\">\n\t\t\t\t<path fill=\"#fff\" d=\"M2 0a2 2 0 0 0-2 2v2h1.5V2a.5.5 0 0 1 .5-.5h2V0H2Zm2 10.5H2a.5.5 0 0 1-.5-.5V8H0v2a2 2 0 0 0 2 2h2v-1.5ZM8 12v-1.5h2a.5.5 0 0 0 .5-.5V8H12v2a2 2 0 0 1-2 2H8Zm2-12a2 2 0 0 1 2 2v2h-1.5V2a.5.5 0 0 0-.5-.5H8V0h2Z\" \/>\n\t\t\t<\/svg>\n\t\t<\/button><\/figure>\n<\/div>\n\n\n\n<div class=\"wp-block-column is-vertically-aligned-center is-layout-flow wp-block-column-is-layout-flow\">\n<div class=\"wp-block-getwid-advanced-heading\" style=\"margin-bottom:30px;margin-top:10px\"><h2 class=\"wp-block-getwid-advanced-heading__content\" style=\"text-align:left\">Nos locations au domaine<\/h2><\/div>\n\n\n\n<p class=\"has-text-align-left\">Aux portes de Saint-Malo, d\u00e9couvrez nos chambres d&rsquo;h\u00f4tes et notre g\u00eete, dans le cadre paisible et verdoyant du domaine de Launay Quinard.<\/p>\n\n\n\n<div class=\"wp-block-button\"><a class=\"wp-block-button__link has-text-color has-background wp-element-button\" href=\"https:\/\/launay-quinard.ovh\/index.php\/nos-locations-au-domaine\/\" style=\"color:#ffffff;background-color:#000000\">D\u00e9couvrir NOS Chambres &amp; G\u00eete<\/a><\/div>\n<\/div>\n<\/div>\n<\/div><\/div><\/div><\/div><\/div>\n\n\n\n<div class=\"wp-block-getwid-section alignfull alignfull has-inner-blocks-gap-small getwid-margin-top-none getwid-margin-bottom-none getwid-section-content-full-width\"><div class=\"wp-block-getwid-section__wrapper getwid-padding-top-small getwid-padding-bottom-small getwid-padding-left-small getwid-padding-right-small getwid-padding-tablet-top-small getwid-padding-tablet-bottom-small getwid-padding-tablet-left-small getwid-padding-tablet-right-small getwid-padding-mobile-top-small getwid-padding-mobile-bottom-small getwid-padding-mobile-left-small getwid-padding-mobile-right-small getwid-margin-left-none getwid-margin-right-none getwid-align-items-tablet-center getwid-align-items-mobile-center getwid-justify-content-tablet-center getwid-justify-content-mobile-center\"><div class=\"wp-block-getwid-section__inner-wrapper\"><div class=\"wp-block-getwid-section__background-holder\"><div class=\"wp-block-getwid-section__background\"><\/div><div class=\"wp-block-getwid-section__foreground\"><\/div><\/div><div class=\"wp-block-getwid-section__content\"><div class=\"wp-block-getwid-section__inner-content\">\n<div class=\"wp-block-columns has-2-columns are-vertically-aligned-center is-layout-flex wp-container-core-columns-is-layout-9d6595d7 wp-block-columns-is-layout-flex\">\n<div class=\"wp-block-column is-vertically-aligned-center is-layout-flow wp-block-column-is-layout-flow\">\n<figure data-wp-context=\"{&quot;imageId&quot;:&quot;69da077848f2b&quot;}\" data-wp-interactive=\"core\/image\" data-wp-key=\"69da077848f2b\" class=\"wp-block-image size-large wp-lightbox-container\"><img loading=\"lazy\" decoding=\"async\" width=\"1024\" height=\"683\" data-wp-class--hide=\"state.isContentHidden\" data-wp-class--show=\"state.isContentVisible\" data-wp-init=\"callbacks.setButtonStyles\" data-wp-on--click=\"actions.showLightbox\" data-wp-on--load=\"callbacks.setButtonStyles\" data-wp-on-window--resize=\"callbacks.setButtonStyles\" src=\"http:\/\/launay-quinard.ovh\/wp-content\/uploads\/2025\/01\/Grande_maree_-_St_Malo-SMBMSM-12367-1024x683.jpg\" alt=\"\" class=\"wp-image-383\" srcset=\"https:\/\/launay-quinard.ovh\/wp-content\/uploads\/2025\/01\/Grande_maree_-_St_Malo-SMBMSM-12367-1024x683.jpg 1024w, https:\/\/launay-quinard.ovh\/wp-content\/uploads\/2025\/01\/Grande_maree_-_St_Malo-SMBMSM-12367-300x200.jpg 300w, https:\/\/launay-quinard.ovh\/wp-content\/uploads\/2025\/01\/Grande_maree_-_St_Malo-SMBMSM-12367-768x512.jpg 768w, https:\/\/launay-quinard.ovh\/wp-content\/uploads\/2025\/01\/Grande_maree_-_St_Malo-SMBMSM-12367-1536x1024.jpg 1536w, https:\/\/launay-quinard.ovh\/wp-content\/uploads\/2025\/01\/Grande_maree_-_St_Malo-SMBMSM-12367-2048x1365.jpg 2048w, https:\/\/launay-quinard.ovh\/wp-content\/uploads\/2025\/01\/Grande_maree_-_St_Malo-SMBMSM-12367-892x594.jpg 892w, https:\/\/launay-quinard.ovh\/wp-content\/uploads\/2025\/01\/Grande_maree_-_St_Malo-SMBMSM-12367-150x100.jpg 150w\" sizes=\"auto, (max-width: 1024px) 100vw, 1024px\" \/><button\n\t\t\tclass=\"lightbox-trigger\"\n\t\t\ttype=\"button\"\n\t\t\taria-haspopup=\"dialog\"\n\t\t\taria-label=\"Agrandir\"\n\t\t\tdata-wp-init=\"callbacks.initTriggerButton\"\n\t\t\tdata-wp-on--click=\"actions.showLightbox\"\n\t\t\tdata-wp-style--right=\"state.imageButtonRight\"\n\t\t\tdata-wp-style--top=\"state.imageButtonTop\"\n\t\t>\n\t\t\t<svg xmlns=\"http:\/\/www.w3.org\/2000\/svg\" width=\"12\" height=\"12\" fill=\"none\" viewBox=\"0 0 12 12\">\n\t\t\t\t<path fill=\"#fff\" d=\"M2 0a2 2 0 0 0-2 2v2h1.5V2a.5.5 0 0 1 .5-.5h2V0H2Zm2 10.5H2a.5.5 0 0 1-.5-.5V8H0v2a2 2 0 0 0 2 2h2v-1.5ZM8 12v-1.5h2a.5.5 0 0 0 .5-.5V8H12v2a2 2 0 0 1-2 2H8Zm2-12a2 2 0 0 1 2 2v2h-1.5V2a.5.5 0 0 0-.5-.5H8V0h2Z\" \/>\n\t\t\t<\/svg>\n\t\t<\/button><\/figure>\n<\/div>\n\n\n\n<div class=\"wp-block-column is-vertically-aligned-center is-layout-flow wp-block-column-is-layout-flow\">\n<div class=\"wp-block-getwid-advanced-heading\" style=\"margin-bottom:30px;margin-top:10px\"><h2 class=\"wp-block-getwid-advanced-heading__content\">Nos locations \u00e0 Saint-Malo<\/h2><\/div>\n\n\n\n<p>Au c\u0153ur de Saint-Malo, d\u00e9couvrez nos appartements dans le quartier historique d&rsquo;Intra-Muros ainsi que dans le pittoresque quartier de Solidor.<\/p>\n\n\n\n<div class=\"wp-block-button\"><a class=\"wp-block-button__link has-text-color has-background wp-element-button\" href=\"https:\/\/launay-quinard.ovh\/index.php\/nos-locations-a-saint-malo\/\" style=\"color:#ffffff;background-color:#000000\">D\u00e9couvrir nos appartements<\/a><\/div>\n<\/div>\n<\/div>\n<\/div><\/div><\/div><\/div><\/div>\n\n\n\n<p><\/p>\n","protected":false},"excerpt":{"rendered":"","protected":false},"author":1,"featured_media":0,"parent":0,"menu_order":0,"comment_status":"closed","ping_status":"closed","template":"","meta":{"footnotes":""},"folder":[],"class_list":["post-148","page","type-page","status-publish","hentry"],"_links":{"self":[{"href":"https:\/\/launay-quinard.ovh\/index.php\/wp-json\/wp\/v2\/pages\/148","targetHints":{"allow":["GET"]}}],"collection":[{"href":"https:\/\/launay-quinard.ovh\/index.php\/wp-json\/wp\/v2\/pages"}],"about":[{"href":"https:\/\/launay-quinard.ovh\/index.php\/wp-json\/wp\/v2\/types\/page"}],"author":[{"embeddable":true,"href":"https:\/\/launay-quinard.ovh\/index.php\/wp-json\/wp\/v2\/users\/1"}],"replies":[{"embeddable":true,"href":"https:\/\/launay-quinard.ovh\/index.php\/wp-json\/wp\/v2\/comments?post=148"}],"version-history":[{"count":22,"href":"https:\/\/launay-quinard.ovh\/index.php\/wp-json\/wp\/v2\/pages\/148\/revisions"}],"predecessor-version":[{"id":395,"href":"https:\/\/launay-quinard.ovh\/index.php\/wp-json\/wp\/v2\/pages\/148\/revisions\/395"}],"wp:attachment":[{"href":"https:\/\/launay-quinard.ovh\/index.php\/wp-json\/wp\/v2\/media?parent=148"}],"wp:term":[{"taxonomy":"folder","embeddable":true,"href":"https:\/\/launay-quinard.ovh\/index.php\/wp-json\/wp\/v2\/folder?post=148"}],"curies":[{"name":"wp","href":"https:\/\/api.w.org\/{rel}","templated":true}]}}