{"id":219,"date":"2024-12-24T19:45:34","date_gmt":"2024-12-24T18:45:34","guid":{"rendered":"https:\/\/launay-quinard.ovh\/?page_id=219"},"modified":"2024-12-25T11:42:49","modified_gmt":"2024-12-25T10:42:49","slug":"le-domaine-de-launay-quinard","status":"publish","type":"page","link":"https:\/\/launay-quinard.ovh\/index.php\/le-domaine-de-launay-quinard\/","title":{"rendered":"Le domaine de Launay Quinard"},"content":{"rendered":"\n<p>Id\u00e9alement situ\u00e9 \u00e0 2 km de l\u2019entr\u00e9e de Saint-Malo, \u00e0 30 km du Mont-Saint-Michel et \u00e0 50 km de la capitale r\u00e9gionale Rennes, le Domaine de Launay Quinard est un lieu unique, empreint de charme et d\u2019histoire. Nich\u00e9 au c\u0153ur de la vall\u00e9e de la Rance, ce havre de paix offre un cadre exceptionnel o\u00f9 nature, s\u00e9r\u00e9nit\u00e9 et authenticit\u00e9 se rencontrent.<\/p>\n\n\n\n<div class=\"wp-block-getwid-images-slider has-arrows-inside has-dots-inside has-images-center has-fitted-images alignwide\"><div class=\"wp-block-getwid-images-slider__wrapper\" data-effect=\"slide\" data-slides-show=\"1\" data-slides-show-laptop=\"1\" data-slides-show-tablet=\"1\" data-slides-show-mobile=\"1\" data-slides-scroll=\"1\" data-autoplay=\"false\" data-pause-hover=\"false\" data-autoplay-speed=\"6000\" data-infinite=\"true\" data-animation-speed=\"800\" data-center-mode=\"false\" data-variable-width=\"false\" data-arrows=\"inside\" data-dots=\"inside\" data-spacing=\"none\"><div class=\"wp-block-getwid-images-slider__item\"><figure><img loading=\"lazy\" decoding=\"async\" width=\"2560\" height=\"1702\" src=\"http:\/\/launay-quinard.ovh\/wp-content\/uploads\/2024\/12\/Domaine_Etang1-scaled.jpg\" data-id=\"128\" data-link=\"https:\/\/launay-quinard.ovh\/domaine_etang1\/\" data-original-link=\"http:\/\/launay-quinard.ovh\/wp-content\/uploads\/2024\/12\/Domaine_Etang1-scaled.jpg\" class=\"wp-block-getwid-images-slider__image wp-image-128\" srcset=\"https:\/\/launay-quinard.ovh\/wp-content\/uploads\/2024\/12\/Domaine_Etang1-scaled.jpg 2560w, https:\/\/launay-quinard.ovh\/wp-content\/uploads\/2024\/12\/Domaine_Etang1-300x199.jpg 300w, https:\/\/launay-quinard.ovh\/wp-content\/uploads\/2024\/12\/Domaine_Etang1-1024x681.jpg 1024w, https:\/\/launay-quinard.ovh\/wp-content\/uploads\/2024\/12\/Domaine_Etang1-768x511.jpg 768w, https:\/\/launay-quinard.ovh\/wp-content\/uploads\/2024\/12\/Domaine_Etang1-1536x1021.jpg 1536w, https:\/\/launay-quinard.ovh\/wp-content\/uploads\/2024\/12\/Domaine_Etang1-2048x1362.jpg 2048w, https:\/\/launay-quinard.ovh\/wp-content\/uploads\/2024\/12\/Domaine_Etang1-892x594.jpg 892w, https:\/\/launay-quinard.ovh\/wp-content\/uploads\/2024\/12\/Domaine_Etang1-150x100.jpg 150w\" sizes=\"auto, (max-width: 2560px) 100vw, 2560px\" \/><\/figure><\/div><div class=\"wp-block-getwid-images-slider__item\"><figure><img loading=\"lazy\" decoding=\"async\" width=\"2560\" height=\"1702\" src=\"http:\/\/launay-quinard.ovh\/wp-content\/uploads\/2024\/12\/Domaine_Jardin1-scaled.jpg\" data-id=\"183\" data-link=\"https:\/\/launay-quinard.ovh\/domaine_jardin1\/\" data-original-link=\"http:\/\/launay-quinard.ovh\/wp-content\/uploads\/2024\/12\/Domaine_Jardin1-scaled.jpg\" class=\"wp-block-getwid-images-slider__image wp-image-183\" srcset=\"https:\/\/launay-quinard.ovh\/wp-content\/uploads\/2024\/12\/Domaine_Jardin1-scaled.jpg 2560w, https:\/\/launay-quinard.ovh\/wp-content\/uploads\/2024\/12\/Domaine_Jardin1-300x199.jpg 300w, https:\/\/launay-quinard.ovh\/wp-content\/uploads\/2024\/12\/Domaine_Jardin1-1024x681.jpg 1024w, https:\/\/launay-quinard.ovh\/wp-content\/uploads\/2024\/12\/Domaine_Jardin1-768x511.jpg 768w, https:\/\/launay-quinard.ovh\/wp-content\/uploads\/2024\/12\/Domaine_Jardin1-1536x1021.jpg 1536w, https:\/\/launay-quinard.ovh\/wp-content\/uploads\/2024\/12\/Domaine_Jardin1-2048x1362.jpg 2048w, https:\/\/launay-quinard.ovh\/wp-content\/uploads\/2024\/12\/Domaine_Jardin1-892x594.jpg 892w, https:\/\/launay-quinard.ovh\/wp-content\/uploads\/2024\/12\/Domaine_Jardin1-150x100.jpg 150w\" sizes=\"auto, (max-width: 2560px) 100vw, 2560px\" \/><\/figure><\/div><div class=\"wp-block-getwid-images-slider__item\"><figure><img loading=\"lazy\" decoding=\"async\" width=\"2560\" height=\"1702\" src=\"http:\/\/launay-quinard.ovh\/wp-content\/uploads\/2024\/12\/Domaine_Jardin3-scaled.jpg\" data-id=\"185\" data-link=\"https:\/\/launay-quinard.ovh\/domaine_jardin3\/\" data-original-link=\"http:\/\/launay-quinard.ovh\/wp-content\/uploads\/2024\/12\/Domaine_Jardin3-scaled.jpg\" class=\"wp-block-getwid-images-slider__image wp-image-185\" srcset=\"https:\/\/launay-quinard.ovh\/wp-content\/uploads\/2024\/12\/Domaine_Jardin3-scaled.jpg 2560w, https:\/\/launay-quinard.ovh\/wp-content\/uploads\/2024\/12\/Domaine_Jardin3-300x199.jpg 300w, https:\/\/launay-quinard.ovh\/wp-content\/uploads\/2024\/12\/Domaine_Jardin3-1024x681.jpg 1024w, https:\/\/launay-quinard.ovh\/wp-content\/uploads\/2024\/12\/Domaine_Jardin3-768x511.jpg 768w, https:\/\/launay-quinard.ovh\/wp-content\/uploads\/2024\/12\/Domaine_Jardin3-1536x1021.jpg 1536w, https:\/\/launay-quinard.ovh\/wp-content\/uploads\/2024\/12\/Domaine_Jardin3-2048x1362.jpg 2048w, https:\/\/launay-quinard.ovh\/wp-content\/uploads\/2024\/12\/Domaine_Jardin3-892x593.jpg 892w\" sizes=\"auto, (max-width: 2560px) 100vw, 2560px\" \/><\/figure><\/div><div class=\"wp-block-getwid-images-slider__item\"><figure><img loading=\"lazy\" decoding=\"async\" width=\"2560\" height=\"1702\" src=\"http:\/\/launay-quinard.ovh\/wp-content\/uploads\/2024\/12\/Domaine_Jardin2-scaled.jpg\" data-id=\"184\" data-link=\"https:\/\/launay-quinard.ovh\/domaine_jardin2\/\" data-original-link=\"http:\/\/launay-quinard.ovh\/wp-content\/uploads\/2024\/12\/Domaine_Jardin2-scaled.jpg\" class=\"wp-block-getwid-images-slider__image wp-image-184\" srcset=\"https:\/\/launay-quinard.ovh\/wp-content\/uploads\/2024\/12\/Domaine_Jardin2-scaled.jpg 2560w, https:\/\/launay-quinard.ovh\/wp-content\/uploads\/2024\/12\/Domaine_Jardin2-300x199.jpg 300w, https:\/\/launay-quinard.ovh\/wp-content\/uploads\/2024\/12\/Domaine_Jardin2-1024x681.jpg 1024w, https:\/\/launay-quinard.ovh\/wp-content\/uploads\/2024\/12\/Domaine_Jardin2-768x511.jpg 768w, https:\/\/launay-quinard.ovh\/wp-content\/uploads\/2024\/12\/Domaine_Jardin2-1536x1021.jpg 1536w, https:\/\/launay-quinard.ovh\/wp-content\/uploads\/2024\/12\/Domaine_Jardin2-2048x1362.jpg 2048w, https:\/\/launay-quinard.ovh\/wp-content\/uploads\/2024\/12\/Domaine_Jardin2-892x594.jpg 892w, https:\/\/launay-quinard.ovh\/wp-content\/uploads\/2024\/12\/Domaine_Jardin2-150x100.jpg 150w\" sizes=\"auto, (max-width: 2560px) 100vw, 2560px\" \/><\/figure><\/div><div class=\"wp-block-getwid-images-slider__item\"><figure><img loading=\"lazy\" decoding=\"async\" width=\"2560\" height=\"1702\" src=\"http:\/\/launay-quinard.ovh\/wp-content\/uploads\/2024\/12\/Domaine_Etang5-scaled.jpg\" data-id=\"182\" data-link=\"https:\/\/launay-quinard.ovh\/domaine_etang5\/\" data-original-link=\"http:\/\/launay-quinard.ovh\/wp-content\/uploads\/2024\/12\/Domaine_Etang5-scaled.jpg\" class=\"wp-block-getwid-images-slider__image wp-image-182\" srcset=\"https:\/\/launay-quinard.ovh\/wp-content\/uploads\/2024\/12\/Domaine_Etang5-scaled.jpg 2560w, https:\/\/launay-quinard.ovh\/wp-content\/uploads\/2024\/12\/Domaine_Etang5-300x199.jpg 300w, https:\/\/launay-quinard.ovh\/wp-content\/uploads\/2024\/12\/Domaine_Etang5-1024x681.jpg 1024w, https:\/\/launay-quinard.ovh\/wp-content\/uploads\/2024\/12\/Domaine_Etang5-768x511.jpg 768w, https:\/\/launay-quinard.ovh\/wp-content\/uploads\/2024\/12\/Domaine_Etang5-1536x1021.jpg 1536w, https:\/\/launay-quinard.ovh\/wp-content\/uploads\/2024\/12\/Domaine_Etang5-2048x1362.jpg 2048w, https:\/\/launay-quinard.ovh\/wp-content\/uploads\/2024\/12\/Domaine_Etang5-892x594.jpg 892w, https:\/\/launay-quinard.ovh\/wp-content\/uploads\/2024\/12\/Domaine_Etang5-150x100.jpg 150w\" sizes=\"auto, (max-width: 2560px) 100vw, 2560px\" \/><\/figure><\/div><div class=\"wp-block-getwid-images-slider__item\"><figure><img loading=\"lazy\" decoding=\"async\" width=\"2560\" height=\"1702\" src=\"http:\/\/launay-quinard.ovh\/wp-content\/uploads\/2024\/12\/Domaine_Etang3-scaled.jpg\" data-id=\"180\" data-link=\"https:\/\/launay-quinard.ovh\/domaine_etang3\/\" data-original-link=\"http:\/\/launay-quinard.ovh\/wp-content\/uploads\/2024\/12\/Domaine_Etang3-scaled.jpg\" class=\"wp-block-getwid-images-slider__image wp-image-180\" srcset=\"https:\/\/launay-quinard.ovh\/wp-content\/uploads\/2024\/12\/Domaine_Etang3-scaled.jpg 2560w, https:\/\/launay-quinard.ovh\/wp-content\/uploads\/2024\/12\/Domaine_Etang3-300x199.jpg 300w, https:\/\/launay-quinard.ovh\/wp-content\/uploads\/2024\/12\/Domaine_Etang3-1024x681.jpg 1024w, https:\/\/launay-quinard.ovh\/wp-content\/uploads\/2024\/12\/Domaine_Etang3-768x511.jpg 768w, https:\/\/launay-quinard.ovh\/wp-content\/uploads\/2024\/12\/Domaine_Etang3-1536x1021.jpg 1536w, https:\/\/launay-quinard.ovh\/wp-content\/uploads\/2024\/12\/Domaine_Etang3-2048x1362.jpg 2048w, https:\/\/launay-quinard.ovh\/wp-content\/uploads\/2024\/12\/Domaine_Etang3-892x594.jpg 892w, https:\/\/launay-quinard.ovh\/wp-content\/uploads\/2024\/12\/Domaine_Etang3-150x100.jpg 150w\" sizes=\"auto, (max-width: 2560px) 100vw, 2560px\" \/><\/figure><\/div><div class=\"wp-block-getwid-images-slider__item\"><figure><img loading=\"lazy\" decoding=\"async\" width=\"2560\" height=\"1702\" src=\"http:\/\/launay-quinard.ovh\/wp-content\/uploads\/2024\/12\/Domaine_Etang4-scaled.jpg\" data-id=\"181\" data-link=\"https:\/\/launay-quinard.ovh\/domaine_etang4\/\" data-original-link=\"http:\/\/launay-quinard.ovh\/wp-content\/uploads\/2024\/12\/Domaine_Etang4-scaled.jpg\" class=\"wp-block-getwid-images-slider__image wp-image-181\" srcset=\"https:\/\/launay-quinard.ovh\/wp-content\/uploads\/2024\/12\/Domaine_Etang4-scaled.jpg 2560w, https:\/\/launay-quinard.ovh\/wp-content\/uploads\/2024\/12\/Domaine_Etang4-300x199.jpg 300w, https:\/\/launay-quinard.ovh\/wp-content\/uploads\/2024\/12\/Domaine_Etang4-1024x681.jpg 1024w, https:\/\/launay-quinard.ovh\/wp-content\/uploads\/2024\/12\/Domaine_Etang4-768x511.jpg 768w, https:\/\/launay-quinard.ovh\/wp-content\/uploads\/2024\/12\/Domaine_Etang4-1536x1021.jpg 1536w, https:\/\/launay-quinard.ovh\/wp-content\/uploads\/2024\/12\/Domaine_Etang4-2048x1362.jpg 2048w, https:\/\/launay-quinard.ovh\/wp-content\/uploads\/2024\/12\/Domaine_Etang4-892x594.jpg 892w, https:\/\/launay-quinard.ovh\/wp-content\/uploads\/2024\/12\/Domaine_Etang4-150x100.jpg 150w\" sizes=\"auto, (max-width: 2560px) 100vw, 2560px\" \/><\/figure><\/div><div class=\"wp-block-getwid-images-slider__item\"><figure><img loading=\"lazy\" decoding=\"async\" width=\"2560\" height=\"1702\" src=\"http:\/\/launay-quinard.ovh\/wp-content\/uploads\/2024\/12\/Domaine_Cabane2-scaled.jpg\" data-id=\"295\" data-link=\"https:\/\/launay-quinard.ovh\/domaine_cabane2\/\" data-original-link=\"http:\/\/launay-quinard.ovh\/wp-content\/uploads\/2024\/12\/Domaine_Cabane2-scaled.jpg\" class=\"wp-block-getwid-images-slider__image wp-image-295\" srcset=\"https:\/\/launay-quinard.ovh\/wp-content\/uploads\/2024\/12\/Domaine_Cabane2-scaled.jpg 2560w, https:\/\/launay-quinard.ovh\/wp-content\/uploads\/2024\/12\/Domaine_Cabane2-300x199.jpg 300w, https:\/\/launay-quinard.ovh\/wp-content\/uploads\/2024\/12\/Domaine_Cabane2-1024x681.jpg 1024w, https:\/\/launay-quinard.ovh\/wp-content\/uploads\/2024\/12\/Domaine_Cabane2-768x511.jpg 768w, https:\/\/launay-quinard.ovh\/wp-content\/uploads\/2024\/12\/Domaine_Cabane2-1536x1021.jpg 1536w, https:\/\/launay-quinard.ovh\/wp-content\/uploads\/2024\/12\/Domaine_Cabane2-2048x1362.jpg 2048w, https:\/\/launay-quinard.ovh\/wp-content\/uploads\/2024\/12\/Domaine_Cabane2-892x594.jpg 892w, https:\/\/launay-quinard.ovh\/wp-content\/uploads\/2024\/12\/Domaine_Cabane2-150x100.jpg 150w\" sizes=\"auto, (max-width: 2560px) 100vw, 2560px\" \/><\/figure><\/div><div class=\"wp-block-getwid-images-slider__item\"><figure><img loading=\"lazy\" decoding=\"async\" width=\"2560\" height=\"1702\" src=\"http:\/\/launay-quinard.ovh\/wp-content\/uploads\/2024\/12\/Domaine_Animaux1-scaled.jpg\" data-id=\"178\" data-link=\"https:\/\/launay-quinard.ovh\/domaine_animaux1\/\" data-original-link=\"http:\/\/launay-quinard.ovh\/wp-content\/uploads\/2024\/12\/Domaine_Animaux1-scaled.jpg\" class=\"wp-block-getwid-images-slider__image wp-image-178\" srcset=\"https:\/\/launay-quinard.ovh\/wp-content\/uploads\/2024\/12\/Domaine_Animaux1-scaled.jpg 2560w, https:\/\/launay-quinard.ovh\/wp-content\/uploads\/2024\/12\/Domaine_Animaux1-300x199.jpg 300w, https:\/\/launay-quinard.ovh\/wp-content\/uploads\/2024\/12\/Domaine_Animaux1-1024x681.jpg 1024w, https:\/\/launay-quinard.ovh\/wp-content\/uploads\/2024\/12\/Domaine_Animaux1-768x511.jpg 768w, https:\/\/launay-quinard.ovh\/wp-content\/uploads\/2024\/12\/Domaine_Animaux1-1536x1021.jpg 1536w, https:\/\/launay-quinard.ovh\/wp-content\/uploads\/2024\/12\/Domaine_Animaux1-2048x1362.jpg 2048w, https:\/\/launay-quinard.ovh\/wp-content\/uploads\/2024\/12\/Domaine_Animaux1-892x594.jpg 892w, https:\/\/launay-quinard.ovh\/wp-content\/uploads\/2024\/12\/Domaine_Animaux1-150x100.jpg 150w\" sizes=\"auto, (max-width: 2560px) 100vw, 2560px\" \/><\/figure><\/div><\/div><\/div>\n\n\n\n<p>Au c\u0153ur de la propri\u00e9t\u00e9 se dresse une \u00e9l\u00e9gante chapelle du XVIIIe si\u00e8cle, t\u00e9moin de l\u2019histoire du domaine. Elle est entour\u00e9e d\u2019un parc arbor\u00e9 d\u2019un hectare, enti\u00e8rement clos de murs en pierre, qui invite \u00e0 la d\u00e9tente et \u00e0 la contemplation. Un \u00e9tang de 2 000 m\u00b2, parfait pour la p\u00eache ou une balade en barge, ajoute une touche bucolique \u00e0 cet \u00e9crin de verdure.<\/p>\n\n\n\n<p>Le domaine est le point de d\u00e9part id\u00e9al pour explorer les tr\u00e9sors de la Bretagne. Que ce soit pour fl\u00e2ner dans les ruelles pav\u00e9es de Saint-Malo, d\u00e9couvrir la majest\u00e9 du Mont-Saint-Michel ou profiter des superbes plages de Saint-Malo, chaque destination est \u00e0 port\u00e9e de main.<\/p>\n\n\n\n<p>Que vous veniez en famille, entre amis ou \u00e0 deux, le Domaine de Launay Quinard vous promet un s\u00e9jour ressour\u00e7ant et inoubliable. Les enfants appr\u00e9cieront la balan\u00e7oire nich\u00e9e dans le parc, tandis que les adultes se laisseront s\u00e9duire par la s\u00e9r\u00e9nit\u00e9 des lieux et l\u2019atmosph\u00e8re apaisante de cet \u00e9crin de verdure.<\/p>\n","protected":false},"excerpt":{"rendered":"<p>Id\u00e9alement situ\u00e9 \u00e0 2 km de l\u2019entr\u00e9e de Saint-Malo, \u00e0 30 km du Mont-Saint-Michel et \u00e0 50 km de la capitale r\u00e9gionale Rennes, le Domaine de Launay Quinard est un lieu unique, empreint de charme et d\u2019histoire. Nich\u00e9 au c\u0153ur de la vall\u00e9e de la Rance, ce havre de paix offre un cadre exceptionnel o\u00f9 [&hellip;]<\/p>\n","protected":false},"author":1,"featured_media":0,"parent":0,"menu_order":0,"comment_status":"closed","ping_status":"closed","template":"","meta":{"footnotes":""},"folder":[],"class_list":["post-219","page","type-page","status-publish","hentry"],"_links":{"self":[{"href":"https:\/\/launay-quinard.ovh\/index.php\/wp-json\/wp\/v2\/pages\/219","targetHints":{"allow":["GET"]}}],"collection":[{"href":"https:\/\/launay-quinard.ovh\/index.php\/wp-json\/wp\/v2\/pages"}],"about":[{"href":"https:\/\/launay-quinard.ovh\/index.php\/wp-json\/wp\/v2\/types\/page"}],"author":[{"embeddable":true,"href":"https:\/\/launay-quinard.ovh\/index.php\/wp-json\/wp\/v2\/users\/1"}],"replies":[{"embeddable":true,"href":"https:\/\/launay-quinard.ovh\/index.php\/wp-json\/wp\/v2\/comments?post=219"}],"version-history":[{"count":8,"href":"https:\/\/launay-quinard.ovh\/index.php\/wp-json\/wp\/v2\/pages\/219\/revisions"}],"predecessor-version":[{"id":303,"href":"https:\/\/launay-quinard.ovh\/index.php\/wp-json\/wp\/v2\/pages\/219\/revisions\/303"}],"wp:attachment":[{"href":"https:\/\/launay-quinard.ovh\/index.php\/wp-json\/wp\/v2\/media?parent=219"}],"wp:term":[{"taxonomy":"folder","embeddable":true,"href":"https:\/\/launay-quinard.ovh\/index.php\/wp-json\/wp\/v2\/folder?post=219"}],"curies":[{"name":"wp","href":"https:\/\/api.w.org\/{rel}","templated":true}]}}