{"id":222,"date":"2024-12-24T19:52:36","date_gmt":"2024-12-24T18:52:36","guid":{"rendered":"https:\/\/launay-quinard.ovh\/?page_id=222"},"modified":"2024-12-25T00:35:59","modified_gmt":"2024-12-24T23:35:59","slug":"nos-locations-au-domaine","status":"publish","type":"page","link":"https:\/\/launay-quinard.ovh\/index.php\/nos-locations-au-domaine\/","title":{"rendered":"Nos locations au domaine"},"content":{"rendered":"\n<p>Aux portes de Saint-Malo, le domaine de Launay Quinard vous invite \u00e0 vivre un s\u00e9jour dans un cadre paisible au c\u0153ur de la vall\u00e9e de la Rance, alliant charme et histoire. Ce lieu singulier propose diff\u00e9rents h\u00e9bergements : un g\u00eete rural 3 \u00e9pis, id\u00e9al pour les familles ou groupes, et deux chambres d\u2019h\u00f4tes labellis\u00e9es &lsquo;Chambres au Jardin&rsquo;, parfaites pour les couples ou les s\u00e9jours en famille.<\/p>\n\n\n\n<div class=\"wp-block-getwid-section alignfull alignfull has-inner-blocks-gap-small getwid-margin-top-medium getwid-margin-bottom-medium getwid-margin-tablet-top-medium getwid-margin-tablet-bottom-medium getwid-margin-mobile-top-medium getwid-margin-mobile-bottom-medium getwid-section-content-full-width\"><div class=\"wp-block-getwid-section__wrapper getwid-padding-top-small getwid-padding-bottom-small getwid-padding-left-small getwid-padding-right-small getwid-padding-tablet-top-small getwid-padding-tablet-bottom-small getwid-padding-tablet-left-small getwid-padding-tablet-right-small getwid-padding-mobile-top-small getwid-padding-mobile-bottom-small getwid-padding-mobile-left-small getwid-padding-mobile-right-small getwid-margin-left-medium getwid-margin-right-medium getwid-margin-tablet-left-medium getwid-margin-tablet-right-medium getwid-margin-mobile-left-medium getwid-margin-mobile-right-medium getwid-align-items-tablet-center getwid-align-items-mobile-center getwid-justify-content-tablet-center getwid-justify-content-mobile-center\"><div class=\"wp-block-getwid-section__inner-wrapper\"><div class=\"wp-block-getwid-section__background-holder\"><div class=\"wp-block-getwid-section__background\"><\/div><div class=\"wp-block-getwid-section__foreground\"><\/div><\/div><div class=\"wp-block-getwid-section__content\"><div class=\"wp-block-getwid-section__inner-content\">\n<div class=\"wp-block-columns has-2-columns are-vertically-aligned-center is-layout-flex wp-container-core-columns-is-layout-9d6595d7 wp-block-columns-is-layout-flex\">\n<div class=\"wp-block-column is-vertically-aligned-center is-layout-flow wp-block-column-is-layout-flow\">\n<figure data-wp-context=\"{&quot;imageId&quot;:&quot;69dcadc3bed38&quot;}\" data-wp-interactive=\"core\/image\" data-wp-key=\"69dcadc3bed38\" class=\"wp-block-image size-large wp-lightbox-container\"><img loading=\"lazy\" decoding=\"async\" width=\"1024\" height=\"768\" data-wp-class--hide=\"state.isContentHidden\" data-wp-class--show=\"state.isContentVisible\" data-wp-init=\"callbacks.setButtonStyles\" data-wp-on--click=\"actions.showLightbox\" data-wp-on--load=\"callbacks.setButtonStyles\" data-wp-on-window--resize=\"callbacks.setButtonStyles\" src=\"http:\/\/launay-quinard.ovh\/wp-content\/uploads\/2024\/12\/Gite_Exterieur2-1024x768.jpg\" alt=\"\" class=\"wp-image-119\" srcset=\"https:\/\/launay-quinard.ovh\/wp-content\/uploads\/2024\/12\/Gite_Exterieur2-1024x768.jpg 1024w, https:\/\/launay-quinard.ovh\/wp-content\/uploads\/2024\/12\/Gite_Exterieur2-300x225.jpg 300w, https:\/\/launay-quinard.ovh\/wp-content\/uploads\/2024\/12\/Gite_Exterieur2-768x576.jpg 768w, https:\/\/launay-quinard.ovh\/wp-content\/uploads\/2024\/12\/Gite_Exterieur2-1536x1152.jpg 1536w, https:\/\/launay-quinard.ovh\/wp-content\/uploads\/2024\/12\/Gite_Exterieur2-892x669.jpg 892w, https:\/\/launay-quinard.ovh\/wp-content\/uploads\/2024\/12\/Gite_Exterieur2.jpg 2016w\" sizes=\"auto, (max-width: 1024px) 100vw, 1024px\" \/><button\n\t\t\tclass=\"lightbox-trigger\"\n\t\t\ttype=\"button\"\n\t\t\taria-haspopup=\"dialog\"\n\t\t\taria-label=\"Agrandir\"\n\t\t\tdata-wp-init=\"callbacks.initTriggerButton\"\n\t\t\tdata-wp-on--click=\"actions.showLightbox\"\n\t\t\tdata-wp-style--right=\"state.imageButtonRight\"\n\t\t\tdata-wp-style--top=\"state.imageButtonTop\"\n\t\t>\n\t\t\t<svg xmlns=\"http:\/\/www.w3.org\/2000\/svg\" width=\"12\" height=\"12\" fill=\"none\" viewBox=\"0 0 12 12\">\n\t\t\t\t<path fill=\"#fff\" d=\"M2 0a2 2 0 0 0-2 2v2h1.5V2a.5.5 0 0 1 .5-.5h2V0H2Zm2 10.5H2a.5.5 0 0 1-.5-.5V8H0v2a2 2 0 0 0 2 2h2v-1.5ZM8 12v-1.5h2a.5.5 0 0 0 .5-.5V8H12v2a2 2 0 0 1-2 2H8Zm2-12a2 2 0 0 1 2 2v2h-1.5V2a.5.5 0 0 0-.5-.5H8V0h2Z\" \/>\n\t\t\t<\/svg>\n\t\t<\/button><\/figure>\n<\/div>\n\n\n\n<div class=\"wp-block-column is-vertically-aligned-center is-layout-flow wp-block-column-is-layout-flow\">\n<div class=\"wp-block-getwid-advanced-heading\" style=\"margin-bottom:30px;margin-top:10px\"><h2 class=\"wp-block-getwid-advanced-heading__content\" style=\"text-align:left\"><strong><strong><strong>G\u00eete rural<\/strong><\/strong><\/strong><\/h2><\/div>\n\n\n\n<p class=\"has-text-align-left\">Laissez-vous s\u00e9duire par notre g\u00eete rural 3 \u00e9pis, un ancien pavillon de chasse adoss\u00e9 \u00e0 la chapelle. Avec ses 70 m\u00b2, il offre un cadre paisible et tout le confort n\u00e9cessaire pour un s\u00e9jour en famille ou entre amis.<\/p>\n\n\n\n<div class=\"wp-block-button\"><a class=\"wp-block-button__link has-text-color has-background wp-element-button\" href=\"https:\/\/launay-quinard.ovh\/index.php\/gite-rural\/\" style=\"color:#ffffff;background-color:#000000\">D\u00e9couvrir le g\u00eete<\/a><\/div>\n<\/div>\n<\/div>\n<\/div><\/div><\/div><\/div><\/div>\n\n\n\n<div class=\"wp-block-getwid-section alignfull alignfull has-inner-blocks-gap-small getwid-margin-top-medium getwid-margin-bottom-medium getwid-margin-tablet-top-medium getwid-margin-tablet-bottom-medium getwid-margin-mobile-top-medium getwid-margin-mobile-bottom-medium getwid-section-content-full-width\"><div class=\"wp-block-getwid-section__wrapper getwid-padding-top-small getwid-padding-bottom-small getwid-padding-left-small getwid-padding-right-small getwid-padding-tablet-top-small getwid-padding-tablet-bottom-small getwid-padding-tablet-left-small getwid-padding-tablet-right-small getwid-padding-mobile-top-small getwid-padding-mobile-bottom-small getwid-padding-mobile-left-small getwid-padding-mobile-right-small getwid-margin-left-medium getwid-margin-right-medium getwid-margin-tablet-left-medium getwid-margin-tablet-right-medium getwid-margin-mobile-left-medium getwid-margin-mobile-right-medium getwid-align-items-tablet-center getwid-align-items-mobile-center getwid-justify-content-tablet-center getwid-justify-content-mobile-center\"><div class=\"wp-block-getwid-section__inner-wrapper\"><div class=\"wp-block-getwid-section__background-holder\"><div class=\"wp-block-getwid-section__background\"><\/div><div class=\"wp-block-getwid-section__foreground\"><\/div><\/div><div class=\"wp-block-getwid-section__content\"><div class=\"wp-block-getwid-section__inner-content\">\n<div class=\"wp-block-columns has-2-columns are-vertically-aligned-center is-layout-flex wp-container-core-columns-is-layout-9d6595d7 wp-block-columns-is-layout-flex\">\n<div class=\"wp-block-column is-vertically-aligned-center is-layout-flow wp-block-column-is-layout-flow\">\n<figure data-wp-context=\"{&quot;imageId&quot;:&quot;69dcadc3bf662&quot;}\" data-wp-interactive=\"core\/image\" data-wp-key=\"69dcadc3bf662\" class=\"wp-block-image size-large wp-lightbox-container\"><img loading=\"lazy\" decoding=\"async\" width=\"1024\" height=\"683\" data-wp-class--hide=\"state.isContentHidden\" data-wp-class--show=\"state.isContentVisible\" data-wp-init=\"callbacks.setButtonStyles\" data-wp-on--click=\"actions.showLightbox\" data-wp-on--load=\"callbacks.setButtonStyles\" data-wp-on-window--resize=\"callbacks.setButtonStyles\" src=\"http:\/\/launay-quinard.ovh\/wp-content\/uploads\/2024\/12\/ChambreAncolie_Terrasse1-1024x683.jpg\" alt=\"\" class=\"wp-image-111\" srcset=\"https:\/\/launay-quinard.ovh\/wp-content\/uploads\/2024\/12\/ChambreAncolie_Terrasse1-1024x683.jpg 1024w, https:\/\/launay-quinard.ovh\/wp-content\/uploads\/2024\/12\/ChambreAncolie_Terrasse1-300x200.jpg 300w, https:\/\/launay-quinard.ovh\/wp-content\/uploads\/2024\/12\/ChambreAncolie_Terrasse1-768x512.jpg 768w, https:\/\/launay-quinard.ovh\/wp-content\/uploads\/2024\/12\/ChambreAncolie_Terrasse1-1536x1024.jpg 1536w, https:\/\/launay-quinard.ovh\/wp-content\/uploads\/2024\/12\/ChambreAncolie_Terrasse1-892x594.jpg 892w, https:\/\/launay-quinard.ovh\/wp-content\/uploads\/2024\/12\/ChambreAncolie_Terrasse1-150x100.jpg 150w, https:\/\/launay-quinard.ovh\/wp-content\/uploads\/2024\/12\/ChambreAncolie_Terrasse1.jpg 2048w\" sizes=\"auto, (max-width: 1024px) 100vw, 1024px\" \/><button\n\t\t\tclass=\"lightbox-trigger\"\n\t\t\ttype=\"button\"\n\t\t\taria-haspopup=\"dialog\"\n\t\t\taria-label=\"Agrandir\"\n\t\t\tdata-wp-init=\"callbacks.initTriggerButton\"\n\t\t\tdata-wp-on--click=\"actions.showLightbox\"\n\t\t\tdata-wp-style--right=\"state.imageButtonRight\"\n\t\t\tdata-wp-style--top=\"state.imageButtonTop\"\n\t\t>\n\t\t\t<svg xmlns=\"http:\/\/www.w3.org\/2000\/svg\" width=\"12\" height=\"12\" fill=\"none\" viewBox=\"0 0 12 12\">\n\t\t\t\t<path fill=\"#fff\" d=\"M2 0a2 2 0 0 0-2 2v2h1.5V2a.5.5 0 0 1 .5-.5h2V0H2Zm2 10.5H2a.5.5 0 0 1-.5-.5V8H0v2a2 2 0 0 0 2 2h2v-1.5ZM8 12v-1.5h2a.5.5 0 0 0 .5-.5V8H12v2a2 2 0 0 1-2 2H8Zm2-12a2 2 0 0 1 2 2v2h-1.5V2a.5.5 0 0 0-.5-.5H8V0h2Z\" \/>\n\t\t\t<\/svg>\n\t\t<\/button><\/figure>\n<\/div>\n\n\n\n<div class=\"wp-block-column is-vertically-aligned-center is-layout-flow wp-block-column-is-layout-flow\">\n<div class=\"wp-block-getwid-advanced-heading\" style=\"margin-bottom:30px;margin-top:10px\"><h2 class=\"wp-block-getwid-advanced-heading__content\" style=\"text-align:left\">C<strong>hambre Ancolie<\/strong><\/h2><\/div>\n\n\n\n<p class=\"has-text-align-left\">Laissez-vous charmer par la chambre Ancolie, situ\u00e9e au rez-de-chauss\u00e9e de la chapelle. Calme et confortable, elle est id\u00e9ale pour un s\u00e9jour en couple, avec sa terrasse privative et ses espaces am\u00e9nag\u00e9s avec soin.<\/p>\n\n\n\n<div class=\"wp-block-button\"><a class=\"wp-block-button__link has-text-color has-background wp-element-button\" href=\"https:\/\/launay-quinard.ovh\/index.php\/chambre-ancolie\/\" style=\"color:#ffffff;background-color:#000000\">D\u00e9couvrir la chambre ancolie<\/a><\/div>\n<\/div>\n<\/div>\n<\/div><\/div><\/div><\/div><\/div>\n\n\n\n<div class=\"wp-block-getwid-section alignfull alignfull has-inner-blocks-gap-small getwid-margin-top-medium getwid-margin-bottom-medium getwid-margin-tablet-top-medium getwid-margin-tablet-bottom-medium getwid-margin-mobile-top-medium getwid-margin-mobile-bottom-medium getwid-section-content-full-width\"><div class=\"wp-block-getwid-section__wrapper getwid-padding-top-small getwid-padding-bottom-small getwid-padding-left-small getwid-padding-right-small getwid-padding-tablet-top-small getwid-padding-tablet-bottom-small getwid-padding-tablet-left-small getwid-padding-tablet-right-small getwid-padding-mobile-top-small getwid-padding-mobile-bottom-small getwid-padding-mobile-left-small getwid-padding-mobile-right-small getwid-margin-left-medium getwid-margin-right-medium getwid-margin-tablet-left-medium getwid-margin-tablet-right-medium getwid-margin-mobile-left-medium getwid-margin-mobile-right-medium getwid-align-items-tablet-center getwid-align-items-mobile-center getwid-justify-content-tablet-center getwid-justify-content-mobile-center\"><div class=\"wp-block-getwid-section__inner-wrapper\"><div class=\"wp-block-getwid-section__background-holder\"><div class=\"wp-block-getwid-section__background\"><\/div><div class=\"wp-block-getwid-section__foreground\"><\/div><\/div><div class=\"wp-block-getwid-section__content\"><div class=\"wp-block-getwid-section__inner-content\">\n<div class=\"wp-block-columns has-2-columns are-vertically-aligned-center is-layout-flex wp-container-core-columns-is-layout-9d6595d7 wp-block-columns-is-layout-flex\">\n<div class=\"wp-block-column is-vertically-aligned-center is-layout-flow wp-block-column-is-layout-flow\">\n<figure data-wp-context=\"{&quot;imageId&quot;:&quot;69dcadc3bfb28&quot;}\" data-wp-interactive=\"core\/image\" data-wp-key=\"69dcadc3bfb28\" class=\"wp-block-image size-large wp-lightbox-container\"><img loading=\"lazy\" decoding=\"async\" width=\"1024\" height=\"683\" data-wp-class--hide=\"state.isContentHidden\" data-wp-class--show=\"state.isContentVisible\" data-wp-init=\"callbacks.setButtonStyles\" data-wp-on--click=\"actions.showLightbox\" data-wp-on--load=\"callbacks.setButtonStyles\" data-wp-on-window--resize=\"callbacks.setButtonStyles\" src=\"http:\/\/launay-quinard.ovh\/wp-content\/uploads\/2024\/12\/ChambreHortensia_Exterieur1-1024x683.jpg\" alt=\"\" class=\"wp-image-101\" srcset=\"https:\/\/launay-quinard.ovh\/wp-content\/uploads\/2024\/12\/ChambreHortensia_Exterieur1-1024x683.jpg 1024w, https:\/\/launay-quinard.ovh\/wp-content\/uploads\/2024\/12\/ChambreHortensia_Exterieur1-300x200.jpg 300w, https:\/\/launay-quinard.ovh\/wp-content\/uploads\/2024\/12\/ChambreHortensia_Exterieur1-768x512.jpg 768w, https:\/\/launay-quinard.ovh\/wp-content\/uploads\/2024\/12\/ChambreHortensia_Exterieur1-1536x1024.jpg 1536w, https:\/\/launay-quinard.ovh\/wp-content\/uploads\/2024\/12\/ChambreHortensia_Exterieur1-892x594.jpg 892w, https:\/\/launay-quinard.ovh\/wp-content\/uploads\/2024\/12\/ChambreHortensia_Exterieur1-150x100.jpg 150w, https:\/\/launay-quinard.ovh\/wp-content\/uploads\/2024\/12\/ChambreHortensia_Exterieur1.jpg 2048w\" sizes=\"auto, (max-width: 1024px) 100vw, 1024px\" \/><button\n\t\t\tclass=\"lightbox-trigger\"\n\t\t\ttype=\"button\"\n\t\t\taria-haspopup=\"dialog\"\n\t\t\taria-label=\"Agrandir\"\n\t\t\tdata-wp-init=\"callbacks.initTriggerButton\"\n\t\t\tdata-wp-on--click=\"actions.showLightbox\"\n\t\t\tdata-wp-style--right=\"state.imageButtonRight\"\n\t\t\tdata-wp-style--top=\"state.imageButtonTop\"\n\t\t>\n\t\t\t<svg xmlns=\"http:\/\/www.w3.org\/2000\/svg\" width=\"12\" height=\"12\" fill=\"none\" viewBox=\"0 0 12 12\">\n\t\t\t\t<path fill=\"#fff\" d=\"M2 0a2 2 0 0 0-2 2v2h1.5V2a.5.5 0 0 1 .5-.5h2V0H2Zm2 10.5H2a.5.5 0 0 1-.5-.5V8H0v2a2 2 0 0 0 2 2h2v-1.5ZM8 12v-1.5h2a.5.5 0 0 0 .5-.5V8H12v2a2 2 0 0 1-2 2H8Zm2-12a2 2 0 0 1 2 2v2h-1.5V2a.5.5 0 0 0-.5-.5H8V0h2Z\" \/>\n\t\t\t<\/svg>\n\t\t<\/button><\/figure>\n<\/div>\n\n\n\n<div class=\"wp-block-column is-vertically-aligned-center is-layout-flow wp-block-column-is-layout-flow\">\n<div class=\"wp-block-getwid-advanced-heading\" style=\"margin-bottom:30px;margin-top:10px\"><h2 class=\"wp-block-getwid-advanced-heading__content\">C<strong>hambre Hortensia<\/strong><\/h2><\/div>\n\n\n\n<p>Laissez-vous tenter par la chambre Hortensia, une grande chambre familiale id\u00e9ale pour 2 \u00e0 5 personnes. Situ\u00e9e dans un cadre fleuri avec une entr\u00e9e ind\u00e9pendante, elle allie espace et confort pour un s\u00e9jour en toute s\u00e9r\u00e9nit\u00e9.<\/p>\n\n\n\n<div class=\"wp-block-button\"><a class=\"wp-block-button__link has-text-color has-background wp-element-button\" href=\"https:\/\/launay-quinard.ovh\/index.php\/chambre-hortensia\/\" style=\"color:#ffffff;background-color:#000000\">D\u00e9couvrir la chambre hortensia<\/a><\/div>\n<\/div>\n<\/div>\n<\/div><\/div><\/div><\/div><\/div>\n\n\n\n<p><br>R\u00e9servez d\u00e8s maintenant et laissez-vous s\u00e9duire par l\u2019ambiance chaleureuse du domaine.<\/p>\n","protected":false},"excerpt":{"rendered":"<p>Aux portes de Saint-Malo, le domaine de Launay Quinard vous invite \u00e0 vivre un s\u00e9jour dans un cadre paisible au c\u0153ur de la vall\u00e9e de la Rance, alliant charme et histoire. Ce lieu singulier propose diff\u00e9rents h\u00e9bergements : un g\u00eete rural 3 \u00e9pis, id\u00e9al pour les familles ou groupes, et deux chambres d\u2019h\u00f4tes labellis\u00e9es &lsquo;Chambres [&hellip;]<\/p>\n","protected":false},"author":1,"featured_media":0,"parent":0,"menu_order":0,"comment_status":"closed","ping_status":"closed","template":"","meta":{"footnotes":""},"folder":[],"class_list":["post-222","page","type-page","status-publish","hentry"],"_links":{"self":[{"href":"https:\/\/launay-quinard.ovh\/index.php\/wp-json\/wp\/v2\/pages\/222","targetHints":{"allow":["GET"]}}],"collection":[{"href":"https:\/\/launay-quinard.ovh\/index.php\/wp-json\/wp\/v2\/pages"}],"about":[{"href":"https:\/\/launay-quinard.ovh\/index.php\/wp-json\/wp\/v2\/types\/page"}],"author":[{"embeddable":true,"href":"https:\/\/launay-quinard.ovh\/index.php\/wp-json\/wp\/v2\/users\/1"}],"replies":[{"embeddable":true,"href":"https:\/\/launay-quinard.ovh\/index.php\/wp-json\/wp\/v2\/comments?post=222"}],"version-history":[{"count":9,"href":"https:\/\/launay-quinard.ovh\/index.php\/wp-json\/wp\/v2\/pages\/222\/revisions"}],"predecessor-version":[{"id":254,"href":"https:\/\/launay-quinard.ovh\/index.php\/wp-json\/wp\/v2\/pages\/222\/revisions\/254"}],"wp:attachment":[{"href":"https:\/\/launay-quinard.ovh\/index.php\/wp-json\/wp\/v2\/media?parent=222"}],"wp:term":[{"taxonomy":"folder","embeddable":true,"href":"https:\/\/launay-quinard.ovh\/index.php\/wp-json\/wp\/v2\/folder?post=222"}],"curies":[{"name":"wp","href":"https:\/\/api.w.org\/{rel}","templated":true}]}}