{"id":233,"date":"2024-12-25T00:13:24","date_gmt":"2024-12-24T23:13:24","guid":{"rendered":"https:\/\/launay-quinard.ovh\/?page_id=233"},"modified":"2025-01-06T14:47:48","modified_gmt":"2025-01-06T13:47:48","slug":"nos-locations-a-saint-malo","status":"publish","type":"page","link":"https:\/\/launay-quinard.ovh\/index.php\/nos-locations-a-saint-malo\/","title":{"rendered":"Nos locations \u00e0 Saint-Malo"},"content":{"rendered":"\n<p>D\u00e9couvrez nos appartements situ\u00e9s dans deux des quartiers les plus embl\u00e9matiques de Saint-Malo : Intra-Muros, au c\u0153ur des remparts historiques, et Solidor, avec son charme maritime unique. Chaque appartement a \u00e9t\u00e9 pens\u00e9 pour vous offrir confort et authenticit\u00e9, que vous soyez en qu\u00eate d\u2019un s\u00e9jour au centre de l\u2019animation ou d\u2019une atmosph\u00e8re plus paisible.<\/p>\n\n\n\n<div class=\"wp-block-getwid-section alignfull alignfull has-inner-blocks-gap-small getwid-margin-top-medium getwid-margin-bottom-medium getwid-margin-tablet-top-medium getwid-margin-tablet-bottom-medium getwid-margin-mobile-top-medium getwid-margin-mobile-bottom-medium getwid-section-content-full-width\"><div class=\"wp-block-getwid-section__wrapper getwid-padding-top-small getwid-padding-bottom-small getwid-padding-left-small getwid-padding-right-small getwid-padding-tablet-top-small getwid-padding-tablet-bottom-small getwid-padding-tablet-left-small getwid-padding-tablet-right-small getwid-padding-mobile-top-small getwid-padding-mobile-bottom-small getwid-padding-mobile-left-small getwid-padding-mobile-right-small getwid-margin-left-medium getwid-margin-right-medium getwid-margin-tablet-left-medium getwid-margin-tablet-right-medium getwid-margin-mobile-left-medium getwid-margin-mobile-right-medium getwid-align-items-tablet-center getwid-align-items-mobile-center getwid-justify-content-tablet-center getwid-justify-content-mobile-center\"><div class=\"wp-block-getwid-section__inner-wrapper\"><div class=\"wp-block-getwid-section__background-holder\"><div class=\"wp-block-getwid-section__background\"><\/div><div class=\"wp-block-getwid-section__foreground\"><\/div><\/div><div class=\"wp-block-getwid-section__content\"><div class=\"wp-block-getwid-section__inner-content\">\n<div class=\"wp-block-columns has-2-columns are-vertically-aligned-center is-layout-flex wp-container-core-columns-is-layout-9d6595d7 wp-block-columns-is-layout-flex\">\n<div class=\"wp-block-column is-vertically-aligned-center is-layout-flow wp-block-column-is-layout-flow\">\n<figure data-wp-context=\"{&quot;imageId&quot;:&quot;69da22f8d0ba5&quot;}\" data-wp-interactive=\"core\/image\" data-wp-key=\"69da22f8d0ba5\" class=\"wp-block-image size-large wp-lightbox-container\"><img loading=\"lazy\" decoding=\"async\" width=\"1024\" height=\"683\" data-wp-class--hide=\"state.isContentHidden\" data-wp-class--show=\"state.isContentVisible\" data-wp-init=\"callbacks.setButtonStyles\" data-wp-on--click=\"actions.showLightbox\" data-wp-on--load=\"callbacks.setButtonStyles\" data-wp-on-window--resize=\"callbacks.setButtonStyles\" src=\"http:\/\/launay-quinard.ovh\/wp-content\/uploads\/2024\/12\/Solidor_Salon1-1-1024x683.jpg\" alt=\"\" class=\"wp-image-88\" srcset=\"https:\/\/launay-quinard.ovh\/wp-content\/uploads\/2024\/12\/Solidor_Salon1-1-1024x683.jpg 1024w, https:\/\/launay-quinard.ovh\/wp-content\/uploads\/2024\/12\/Solidor_Salon1-1-300x200.jpg 300w, https:\/\/launay-quinard.ovh\/wp-content\/uploads\/2024\/12\/Solidor_Salon1-1-768x512.jpg 768w, https:\/\/launay-quinard.ovh\/wp-content\/uploads\/2024\/12\/Solidor_Salon1-1-1536x1024.jpg 1536w, https:\/\/launay-quinard.ovh\/wp-content\/uploads\/2024\/12\/Solidor_Salon1-1-892x594.jpg 892w, https:\/\/launay-quinard.ovh\/wp-content\/uploads\/2024\/12\/Solidor_Salon1-1-150x100.jpg 150w, https:\/\/launay-quinard.ovh\/wp-content\/uploads\/2024\/12\/Solidor_Salon1-1.jpg 2048w\" sizes=\"auto, (max-width: 1024px) 100vw, 1024px\" \/><button\n\t\t\tclass=\"lightbox-trigger\"\n\t\t\ttype=\"button\"\n\t\t\taria-haspopup=\"dialog\"\n\t\t\taria-label=\"Agrandir\"\n\t\t\tdata-wp-init=\"callbacks.initTriggerButton\"\n\t\t\tdata-wp-on--click=\"actions.showLightbox\"\n\t\t\tdata-wp-style--right=\"state.imageButtonRight\"\n\t\t\tdata-wp-style--top=\"state.imageButtonTop\"\n\t\t>\n\t\t\t<svg xmlns=\"http:\/\/www.w3.org\/2000\/svg\" width=\"12\" height=\"12\" fill=\"none\" viewBox=\"0 0 12 12\">\n\t\t\t\t<path fill=\"#fff\" d=\"M2 0a2 2 0 0 0-2 2v2h1.5V2a.5.5 0 0 1 .5-.5h2V0H2Zm2 10.5H2a.5.5 0 0 1-.5-.5V8H0v2a2 2 0 0 0 2 2h2v-1.5ZM8 12v-1.5h2a.5.5 0 0 0 .5-.5V8H12v2a2 2 0 0 1-2 2H8Zm2-12a2 2 0 0 1 2 2v2h-1.5V2a.5.5 0 0 0-.5-.5H8V0h2Z\" \/>\n\t\t\t<\/svg>\n\t\t<\/button><\/figure>\n<\/div>\n\n\n\n<div class=\"wp-block-column is-vertically-aligned-center is-layout-flow wp-block-column-is-layout-flow\">\n<div class=\"wp-block-getwid-advanced-heading\" style=\"margin-bottom:30px;margin-top:10px\"><h2 class=\"wp-block-getwid-advanced-heading__content\" style=\"text-align:left\"><strong><strong><strong>Solidor<\/strong><\/strong><\/strong><\/h2><\/div>\n\n\n\n<p class=\"has-text-align-left\">Situ\u00e9 dans le charmant quartier de Solidor, cet appartement combine le calme et l\u2019authenticit\u00e9 maritime de Saint-Malo, \u00e0 deux pas de la tour Solidor, du centre historique, et des plages de la Rance.<\/p>\n\n\n\n<div class=\"wp-block-button\"><a class=\"wp-block-button__link has-text-color has-background wp-element-button\" href=\"https:\/\/launay-quinard.ovh\/index.php\/appartement-solidor\/\" style=\"color:#ffffff;background-color:#000000\">D\u00e9couvrir Appartement SOlidor<\/a><\/div>\n<\/div>\n<\/div>\n<\/div><\/div><\/div><\/div><\/div>\n\n\n\n<div class=\"wp-block-getwid-section alignfull alignfull has-inner-blocks-gap-small getwid-margin-top-medium getwid-margin-bottom-medium getwid-margin-tablet-top-medium getwid-margin-tablet-bottom-medium getwid-margin-mobile-top-medium getwid-margin-mobile-bottom-medium getwid-section-content-full-width\"><div class=\"wp-block-getwid-section__wrapper getwid-padding-top-small getwid-padding-bottom-small getwid-padding-left-small getwid-padding-right-small getwid-padding-tablet-top-small getwid-padding-tablet-bottom-small getwid-padding-tablet-left-small getwid-padding-tablet-right-small getwid-padding-mobile-top-small getwid-padding-mobile-bottom-small getwid-padding-mobile-left-small getwid-padding-mobile-right-small getwid-margin-left-medium getwid-margin-right-medium getwid-margin-tablet-left-medium getwid-margin-tablet-right-medium getwid-margin-mobile-left-medium getwid-margin-mobile-right-medium getwid-align-items-tablet-center getwid-align-items-mobile-center getwid-justify-content-tablet-center getwid-justify-content-mobile-center\"><div class=\"wp-block-getwid-section__inner-wrapper\"><div class=\"wp-block-getwid-section__background-holder\"><div class=\"wp-block-getwid-section__background\"><\/div><div class=\"wp-block-getwid-section__foreground\"><\/div><\/div><div class=\"wp-block-getwid-section__content\"><div class=\"wp-block-getwid-section__inner-content\">\n<div class=\"wp-block-columns has-2-columns are-vertically-aligned-center is-layout-flex wp-container-core-columns-is-layout-9d6595d7 wp-block-columns-is-layout-flex\">\n<div class=\"wp-block-column is-vertically-aligned-center is-layout-flow wp-block-column-is-layout-flow\">\n<figure data-wp-context=\"{&quot;imageId&quot;:&quot;69da22f8d1496&quot;}\" data-wp-interactive=\"core\/image\" data-wp-key=\"69da22f8d1496\" class=\"wp-block-image size-large wp-lightbox-container\"><img loading=\"lazy\" decoding=\"async\" width=\"1024\" height=\"683\" data-wp-class--hide=\"state.isContentHidden\" data-wp-class--show=\"state.isContentVisible\" data-wp-init=\"callbacks.setButtonStyles\" data-wp-on--click=\"actions.showLightbox\" data-wp-on--load=\"callbacks.setButtonStyles\" data-wp-on-window--resize=\"callbacks.setButtonStyles\" src=\"http:\/\/launay-quinard.ovh\/wp-content\/uploads\/2024\/12\/IntraRDC_Salon3-1024x683.jpg\" alt=\"\" class=\"wp-image-81\" srcset=\"https:\/\/launay-quinard.ovh\/wp-content\/uploads\/2024\/12\/IntraRDC_Salon3-1024x683.jpg 1024w, https:\/\/launay-quinard.ovh\/wp-content\/uploads\/2024\/12\/IntraRDC_Salon3-300x200.jpg 300w, https:\/\/launay-quinard.ovh\/wp-content\/uploads\/2024\/12\/IntraRDC_Salon3-768x512.jpg 768w, https:\/\/launay-quinard.ovh\/wp-content\/uploads\/2024\/12\/IntraRDC_Salon3-1536x1024.jpg 1536w, https:\/\/launay-quinard.ovh\/wp-content\/uploads\/2024\/12\/IntraRDC_Salon3-892x594.jpg 892w, https:\/\/launay-quinard.ovh\/wp-content\/uploads\/2024\/12\/IntraRDC_Salon3-150x100.jpg 150w, https:\/\/launay-quinard.ovh\/wp-content\/uploads\/2024\/12\/IntraRDC_Salon3.jpg 2048w\" sizes=\"auto, (max-width: 1024px) 100vw, 1024px\" \/><button\n\t\t\tclass=\"lightbox-trigger\"\n\t\t\ttype=\"button\"\n\t\t\taria-haspopup=\"dialog\"\n\t\t\taria-label=\"Agrandir\"\n\t\t\tdata-wp-init=\"callbacks.initTriggerButton\"\n\t\t\tdata-wp-on--click=\"actions.showLightbox\"\n\t\t\tdata-wp-style--right=\"state.imageButtonRight\"\n\t\t\tdata-wp-style--top=\"state.imageButtonTop\"\n\t\t>\n\t\t\t<svg xmlns=\"http:\/\/www.w3.org\/2000\/svg\" width=\"12\" height=\"12\" fill=\"none\" viewBox=\"0 0 12 12\">\n\t\t\t\t<path fill=\"#fff\" d=\"M2 0a2 2 0 0 0-2 2v2h1.5V2a.5.5 0 0 1 .5-.5h2V0H2Zm2 10.5H2a.5.5 0 0 1-.5-.5V8H0v2a2 2 0 0 0 2 2h2v-1.5ZM8 12v-1.5h2a.5.5 0 0 0 .5-.5V8H12v2a2 2 0 0 1-2 2H8Zm2-12a2 2 0 0 1 2 2v2h-1.5V2a.5.5 0 0 0-.5-.5H8V0h2Z\" \/>\n\t\t\t<\/svg>\n\t\t<\/button><\/figure>\n<\/div>\n\n\n\n<div class=\"wp-block-column is-vertically-aligned-center is-layout-flow wp-block-column-is-layout-flow\">\n<div class=\"wp-block-getwid-advanced-heading\" style=\"margin-bottom:30px;margin-top:10px\"><h2 class=\"wp-block-getwid-advanced-heading__content\" style=\"text-align:left\"><strong>Intra-Muros vieille ville<\/strong><\/h2><\/div>\n\n\n\n<p class=\"has-text-align-left\">Situ\u00e9 au rez-de-chauss\u00e9e d\u2019un immeuble historique au c\u0153ur d\u2019Intra-Muros, cet appartement offre tout le confort n\u00e9cessaire pour un s\u00e9jour pratique et authentique \u00e0 Saint-Malo.<\/p>\n\n\n\n<div class=\"wp-block-button\"><a class=\"wp-block-button__link has-text-color has-background wp-element-button\" href=\"https:\/\/launay-quinard.ovh\/index.php\/appartement-au-coeur-de-lintra-muros\/\" style=\"color:#ffffff;background-color:#000000\">D\u00e9couvrir Appartement Intra-Muros RDC<\/a><\/div>\n<\/div>\n<\/div>\n<\/div><\/div><\/div><\/div><\/div>\n\n\n\n<div class=\"wp-block-getwid-section alignfull alignfull has-inner-blocks-gap-small getwid-margin-top-medium getwid-margin-bottom-medium getwid-margin-tablet-top-medium getwid-margin-tablet-bottom-medium getwid-margin-mobile-top-medium getwid-margin-mobile-bottom-medium getwid-section-content-full-width\"><div class=\"wp-block-getwid-section__wrapper getwid-padding-top-small getwid-padding-bottom-small getwid-padding-left-small getwid-padding-right-small getwid-padding-tablet-top-small getwid-padding-tablet-bottom-small getwid-padding-tablet-left-small getwid-padding-tablet-right-small getwid-padding-mobile-top-small getwid-padding-mobile-bottom-small getwid-padding-mobile-left-small getwid-padding-mobile-right-small getwid-margin-left-medium getwid-margin-right-medium getwid-margin-tablet-left-medium getwid-margin-tablet-right-medium getwid-margin-mobile-left-medium getwid-margin-mobile-right-medium getwid-align-items-tablet-center getwid-align-items-mobile-center getwid-justify-content-tablet-center getwid-justify-content-mobile-center\"><div class=\"wp-block-getwid-section__inner-wrapper\"><div class=\"wp-block-getwid-section__background-holder\"><div class=\"wp-block-getwid-section__background\"><\/div><div class=\"wp-block-getwid-section__foreground\"><\/div><\/div><div class=\"wp-block-getwid-section__content\"><div class=\"wp-block-getwid-section__inner-content\">\n<div class=\"wp-block-columns has-2-columns are-vertically-aligned-center is-layout-flex wp-container-core-columns-is-layout-9d6595d7 wp-block-columns-is-layout-flex\">\n<div class=\"wp-block-column is-vertically-aligned-center is-layout-flow wp-block-column-is-layout-flow\">\n<figure data-wp-context=\"{&quot;imageId&quot;:&quot;69da22f8d18e2&quot;}\" data-wp-interactive=\"core\/image\" data-wp-key=\"69da22f8d18e2\" class=\"wp-block-image size-large wp-lightbox-container\"><img loading=\"lazy\" decoding=\"async\" width=\"1024\" height=\"768\" data-wp-class--hide=\"state.isContentHidden\" data-wp-class--show=\"state.isContentVisible\" data-wp-init=\"callbacks.setButtonStyles\" data-wp-on--click=\"actions.showLightbox\" data-wp-on--load=\"callbacks.setButtonStyles\" data-wp-on-window--resize=\"callbacks.setButtonStyles\" src=\"http:\/\/launay-quinard.ovh\/wp-content\/uploads\/2024\/12\/Intra3e_Sejour2-1024x768.jpg\" alt=\"\" class=\"wp-image-67\" srcset=\"https:\/\/launay-quinard.ovh\/wp-content\/uploads\/2024\/12\/Intra3e_Sejour2-1024x768.jpg 1024w, https:\/\/launay-quinard.ovh\/wp-content\/uploads\/2024\/12\/Intra3e_Sejour2-300x225.jpg 300w, https:\/\/launay-quinard.ovh\/wp-content\/uploads\/2024\/12\/Intra3e_Sejour2-768x576.jpg 768w, https:\/\/launay-quinard.ovh\/wp-content\/uploads\/2024\/12\/Intra3e_Sejour2-1536x1152.jpg 1536w, https:\/\/launay-quinard.ovh\/wp-content\/uploads\/2024\/12\/Intra3e_Sejour2-892x669.jpg 892w, https:\/\/launay-quinard.ovh\/wp-content\/uploads\/2024\/12\/Intra3e_Sejour2.jpg 1600w\" sizes=\"auto, (max-width: 1024px) 100vw, 1024px\" \/><button\n\t\t\tclass=\"lightbox-trigger\"\n\t\t\ttype=\"button\"\n\t\t\taria-haspopup=\"dialog\"\n\t\t\taria-label=\"Agrandir\"\n\t\t\tdata-wp-init=\"callbacks.initTriggerButton\"\n\t\t\tdata-wp-on--click=\"actions.showLightbox\"\n\t\t\tdata-wp-style--right=\"state.imageButtonRight\"\n\t\t\tdata-wp-style--top=\"state.imageButtonTop\"\n\t\t>\n\t\t\t<svg xmlns=\"http:\/\/www.w3.org\/2000\/svg\" width=\"12\" height=\"12\" fill=\"none\" viewBox=\"0 0 12 12\">\n\t\t\t\t<path fill=\"#fff\" d=\"M2 0a2 2 0 0 0-2 2v2h1.5V2a.5.5 0 0 1 .5-.5h2V0H2Zm2 10.5H2a.5.5 0 0 1-.5-.5V8H0v2a2 2 0 0 0 2 2h2v-1.5ZM8 12v-1.5h2a.5.5 0 0 0 .5-.5V8H12v2a2 2 0 0 1-2 2H8Zm2-12a2 2 0 0 1 2 2v2h-1.5V2a.5.5 0 0 0-.5-.5H8V0h2Z\" \/>\n\t\t\t<\/svg>\n\t\t<\/button><\/figure>\n<\/div>\n\n\n\n<div class=\"wp-block-column is-vertically-aligned-center is-layout-flow wp-block-column-is-layout-flow\">\n<div class=\"wp-block-getwid-advanced-heading\" style=\"margin-bottom:30px;margin-top:10px\"><h2 class=\"wp-block-getwid-advanced-heading__content\"><strong>Intra-Muros vieille ville<\/strong><br><strong>3\u00e8 \u00e9tage<\/strong><\/h2><\/div>\n\n\n\n<p>Situ\u00e9 au troisi\u00e8me \u00e9tage d\u2019un b\u00e2timent typique, cet appartement baign\u00e9 de lumi\u00e8re offre une vue d\u00e9gag\u00e9e et une atmosph\u00e8re chaleureuse, id\u00e9al pour un s\u00e9jour relaxant dans la cit\u00e9 corsaire.<\/p>\n\n\n\n<div class=\"wp-block-button\"><a class=\"wp-block-button__link has-text-color has-background wp-element-button\" href=\"https:\/\/launay-quinard.ovh\/index.php\/appartement-ensoleille-intra-muros\/\" style=\"color:#ffffff;background-color:#000000\">D\u00e9couvrir Appartement Intra-muros 3\u00e8 etage<\/a><\/div>\n<\/div>\n<\/div>\n<\/div><\/div><\/div><\/div><\/div>\n\n\n\n<p><br>R\u00e9servez d\u00e8s maintenant et laissez-vous s\u00e9duire par le charme authentique de Saint-Malo.<\/p>\n","protected":false},"excerpt":{"rendered":"<p>D\u00e9couvrez nos appartements situ\u00e9s dans deux des quartiers les plus embl\u00e9matiques de Saint-Malo : Intra-Muros, au c\u0153ur des remparts historiques, et Solidor, avec son charme maritime unique. Chaque appartement a \u00e9t\u00e9 pens\u00e9 pour vous offrir confort et authenticit\u00e9, que vous soyez en qu\u00eate d\u2019un s\u00e9jour au centre de l\u2019animation ou d\u2019une atmosph\u00e8re plus paisible. R\u00e9servez [&hellip;]<\/p>\n","protected":false},"author":1,"featured_media":0,"parent":0,"menu_order":0,"comment_status":"closed","ping_status":"closed","template":"","meta":{"footnotes":""},"folder":[],"class_list":["post-233","page","type-page","status-publish","hentry"],"_links":{"self":[{"href":"https:\/\/launay-quinard.ovh\/index.php\/wp-json\/wp\/v2\/pages\/233","targetHints":{"allow":["GET"]}}],"collection":[{"href":"https:\/\/launay-quinard.ovh\/index.php\/wp-json\/wp\/v2\/pages"}],"about":[{"href":"https:\/\/launay-quinard.ovh\/index.php\/wp-json\/wp\/v2\/types\/page"}],"author":[{"embeddable":true,"href":"https:\/\/launay-quinard.ovh\/index.php\/wp-json\/wp\/v2\/users\/1"}],"replies":[{"embeddable":true,"href":"https:\/\/launay-quinard.ovh\/index.php\/wp-json\/wp\/v2\/comments?post=233"}],"version-history":[{"count":8,"href":"https:\/\/launay-quinard.ovh\/index.php\/wp-json\/wp\/v2\/pages\/233\/revisions"}],"predecessor-version":[{"id":404,"href":"https:\/\/launay-quinard.ovh\/index.php\/wp-json\/wp\/v2\/pages\/233\/revisions\/404"}],"wp:attachment":[{"href":"https:\/\/launay-quinard.ovh\/index.php\/wp-json\/wp\/v2\/media?parent=233"}],"wp:term":[{"taxonomy":"folder","embeddable":true,"href":"https:\/\/launay-quinard.ovh\/index.php\/wp-json\/wp\/v2\/folder?post=233"}],"curies":[{"name":"wp","href":"https:\/\/api.w.org\/{rel}","templated":true}]}}