{"id":242,"date":"2024-12-25T00:26:01","date_gmt":"2024-12-24T23:26:01","guid":{"rendered":"https:\/\/launay-quinard.ovh\/?page_id=242"},"modified":"2025-10-28T15:24:16","modified_gmt":"2025-10-28T14:24:16","slug":"gite-rural","status":"publish","type":"page","link":"https:\/\/launay-quinard.ovh\/index.php\/gite-rural\/","title":{"rendered":"G\u00eete Rural"},"content":{"rendered":"\n<p>Situ\u00e9 au c\u0153ur du domaine de Launay Quinard, le g\u00eete rural 3 \u00e9pis offre un cadre paisible et authentique pour des vacances en famille ou entre amis.<\/p>\n\n\n\n<div class=\"wp-block-getwid-images-slider has-arrows-inside has-dots-inside has-images-center has-cropped-images has-fixed-height alignwide\"><div class=\"wp-block-getwid-images-slider__wrapper\" data-effect=\"slide\" data-slides-show=\"1\" data-slides-show-laptop=\"1\" data-slides-show-tablet=\"1\" data-slides-show-mobile=\"1\" data-slides-scroll=\"1\" data-autoplay=\"true\" data-pause-hover=\"false\" data-autoplay-speed=\"6000\" data-infinite=\"true\" data-animation-speed=\"800\" data-center-mode=\"false\" data-variable-width=\"false\" data-arrows=\"inside\" data-dots=\"inside\" data-spacing=\"none\"><div class=\"wp-block-getwid-images-slider__item\" style=\"height:600px\"><figure><img loading=\"lazy\" decoding=\"async\" width=\"2048\" height=\"1365\" src=\"http:\/\/launay-quinard.ovh\/wp-content\/uploads\/2024\/12\/Gite_Sejour3.jpg\" data-id=\"126\" data-link=\"https:\/\/launay-quinard.ovh\/gite_sejour3\/\" data-original-link=\"http:\/\/launay-quinard.ovh\/wp-content\/uploads\/2024\/12\/Gite_Sejour3.jpg\" class=\"wp-block-getwid-images-slider__image wp-image-126\" srcset=\"https:\/\/launay-quinard.ovh\/wp-content\/uploads\/2024\/12\/Gite_Sejour3.jpg 2048w, https:\/\/launay-quinard.ovh\/wp-content\/uploads\/2024\/12\/Gite_Sejour3-300x200.jpg 300w, https:\/\/launay-quinard.ovh\/wp-content\/uploads\/2024\/12\/Gite_Sejour3-1024x683.jpg 1024w, https:\/\/launay-quinard.ovh\/wp-content\/uploads\/2024\/12\/Gite_Sejour3-768x512.jpg 768w, https:\/\/launay-quinard.ovh\/wp-content\/uploads\/2024\/12\/Gite_Sejour3-1536x1024.jpg 1536w, https:\/\/launay-quinard.ovh\/wp-content\/uploads\/2024\/12\/Gite_Sejour3-892x594.jpg 892w, https:\/\/launay-quinard.ovh\/wp-content\/uploads\/2024\/12\/Gite_Sejour3-150x100.jpg 150w\" sizes=\"auto, (max-width: 2048px) 100vw, 2048px\" \/><\/figure><\/div><div class=\"wp-block-getwid-images-slider__item\" style=\"height:600px\"><figure><img loading=\"lazy\" decoding=\"async\" width=\"1024\" height=\"681\" src=\"http:\/\/launay-quinard.ovh\/wp-content\/uploads\/2024\/12\/Gite_Sejour2.jpg\" data-id=\"125\" data-link=\"https:\/\/launay-quinard.ovh\/gite_sejour2\/\" data-original-link=\"http:\/\/launay-quinard.ovh\/wp-content\/uploads\/2024\/12\/Gite_Sejour2.jpg\" class=\"wp-block-getwid-images-slider__image wp-image-125\" srcset=\"https:\/\/launay-quinard.ovh\/wp-content\/uploads\/2024\/12\/Gite_Sejour2.jpg 1024w, https:\/\/launay-quinard.ovh\/wp-content\/uploads\/2024\/12\/Gite_Sejour2-300x200.jpg 300w, https:\/\/launay-quinard.ovh\/wp-content\/uploads\/2024\/12\/Gite_Sejour2-768x511.jpg 768w, https:\/\/launay-quinard.ovh\/wp-content\/uploads\/2024\/12\/Gite_Sejour2-892x594.jpg 892w, https:\/\/launay-quinard.ovh\/wp-content\/uploads\/2024\/12\/Gite_Sejour2-150x100.jpg 150w\" sizes=\"auto, (max-width: 1024px) 100vw, 1024px\" \/><\/figure><\/div><div class=\"wp-block-getwid-images-slider__item\" style=\"height:600px\"><figure><img loading=\"lazy\" decoding=\"async\" width=\"2048\" height=\"1365\" src=\"http:\/\/launay-quinard.ovh\/wp-content\/uploads\/2024\/12\/Gite_Sejour4.jpg\" data-id=\"127\" data-link=\"https:\/\/launay-quinard.ovh\/gite_sejour4\/\" data-original-link=\"http:\/\/launay-quinard.ovh\/wp-content\/uploads\/2024\/12\/Gite_Sejour4.jpg\" class=\"wp-block-getwid-images-slider__image wp-image-127\" srcset=\"https:\/\/launay-quinard.ovh\/wp-content\/uploads\/2024\/12\/Gite_Sejour4.jpg 2048w, https:\/\/launay-quinard.ovh\/wp-content\/uploads\/2024\/12\/Gite_Sejour4-300x200.jpg 300w, https:\/\/launay-quinard.ovh\/wp-content\/uploads\/2024\/12\/Gite_Sejour4-1024x683.jpg 1024w, https:\/\/launay-quinard.ovh\/wp-content\/uploads\/2024\/12\/Gite_Sejour4-768x512.jpg 768w, https:\/\/launay-quinard.ovh\/wp-content\/uploads\/2024\/12\/Gite_Sejour4-1536x1024.jpg 1536w, https:\/\/launay-quinard.ovh\/wp-content\/uploads\/2024\/12\/Gite_Sejour4-892x594.jpg 892w, https:\/\/launay-quinard.ovh\/wp-content\/uploads\/2024\/12\/Gite_Sejour4-150x100.jpg 150w\" sizes=\"auto, (max-width: 2048px) 100vw, 2048px\" \/><\/figure><\/div><div class=\"wp-block-getwid-images-slider__item\" style=\"height:600px\"><figure><img loading=\"lazy\" decoding=\"async\" width=\"1280\" height=\"960\" src=\"http:\/\/launay-quinard.ovh\/wp-content\/uploads\/2024\/12\/Gite_Cuisine1.jpg\" data-id=\"117\" data-link=\"https:\/\/launay-quinard.ovh\/minolta-digital-camera\/\" data-original-link=\"http:\/\/launay-quinard.ovh\/wp-content\/uploads\/2024\/12\/Gite_Cuisine1.jpg\" class=\"wp-block-getwid-images-slider__image wp-image-117\" srcset=\"https:\/\/launay-quinard.ovh\/wp-content\/uploads\/2024\/12\/Gite_Cuisine1.jpg 1280w, https:\/\/launay-quinard.ovh\/wp-content\/uploads\/2024\/12\/Gite_Cuisine1-300x225.jpg 300w, https:\/\/launay-quinard.ovh\/wp-content\/uploads\/2024\/12\/Gite_Cuisine1-1024x768.jpg 1024w, https:\/\/launay-quinard.ovh\/wp-content\/uploads\/2024\/12\/Gite_Cuisine1-768x576.jpg 768w, https:\/\/launay-quinard.ovh\/wp-content\/uploads\/2024\/12\/Gite_Cuisine1-892x669.jpg 892w\" sizes=\"auto, (max-width: 1280px) 100vw, 1280px\" \/><\/figure><\/div><div class=\"wp-block-getwid-images-slider__item\" style=\"height:600px\"><figure><img loading=\"lazy\" decoding=\"async\" width=\"2048\" height=\"1365\" src=\"http:\/\/launay-quinard.ovh\/wp-content\/uploads\/2024\/12\/Gite_Chambre2.jpg\" data-id=\"116\" data-link=\"https:\/\/launay-quinard.ovh\/gite_chambre2\/\" data-original-link=\"http:\/\/launay-quinard.ovh\/wp-content\/uploads\/2024\/12\/Gite_Chambre2.jpg\" class=\"wp-block-getwid-images-slider__image wp-image-116\" srcset=\"https:\/\/launay-quinard.ovh\/wp-content\/uploads\/2024\/12\/Gite_Chambre2.jpg 2048w, https:\/\/launay-quinard.ovh\/wp-content\/uploads\/2024\/12\/Gite_Chambre2-300x200.jpg 300w, https:\/\/launay-quinard.ovh\/wp-content\/uploads\/2024\/12\/Gite_Chambre2-1024x683.jpg 1024w, https:\/\/launay-quinard.ovh\/wp-content\/uploads\/2024\/12\/Gite_Chambre2-768x512.jpg 768w, https:\/\/launay-quinard.ovh\/wp-content\/uploads\/2024\/12\/Gite_Chambre2-1536x1024.jpg 1536w, https:\/\/launay-quinard.ovh\/wp-content\/uploads\/2024\/12\/Gite_Chambre2-892x594.jpg 892w, https:\/\/launay-quinard.ovh\/wp-content\/uploads\/2024\/12\/Gite_Chambre2-150x100.jpg 150w\" sizes=\"auto, (max-width: 2048px) 100vw, 2048px\" \/><\/figure><\/div><div class=\"wp-block-getwid-images-slider__item\" style=\"height:600px\"><figure><img loading=\"lazy\" decoding=\"async\" width=\"2560\" height=\"1671\" src=\"http:\/\/launay-quinard.ovh\/wp-content\/uploads\/2024\/12\/Gite_Chambre1-scaled.jpg\" data-id=\"115\" data-link=\"https:\/\/launay-quinard.ovh\/gite_chambre1\/\" data-original-link=\"http:\/\/launay-quinard.ovh\/wp-content\/uploads\/2024\/12\/Gite_Chambre1-scaled.jpg\" class=\"wp-block-getwid-images-slider__image wp-image-115\" srcset=\"https:\/\/launay-quinard.ovh\/wp-content\/uploads\/2024\/12\/Gite_Chambre1-scaled.jpg 2560w, https:\/\/launay-quinard.ovh\/wp-content\/uploads\/2024\/12\/Gite_Chambre1-300x196.jpg 300w, https:\/\/launay-quinard.ovh\/wp-content\/uploads\/2024\/12\/Gite_Chambre1-1024x668.jpg 1024w, https:\/\/launay-quinard.ovh\/wp-content\/uploads\/2024\/12\/Gite_Chambre1-768x501.jpg 768w, https:\/\/launay-quinard.ovh\/wp-content\/uploads\/2024\/12\/Gite_Chambre1-1536x1003.jpg 1536w, https:\/\/launay-quinard.ovh\/wp-content\/uploads\/2024\/12\/Gite_Chambre1-2048x1337.jpg 2048w, https:\/\/launay-quinard.ovh\/wp-content\/uploads\/2024\/12\/Gite_Chambre1-892x582.jpg 892w\" sizes=\"auto, (max-width: 2560px) 100vw, 2560px\" \/><\/figure><\/div><div class=\"wp-block-getwid-images-slider__item\" style=\"height:600px\"><figure><img loading=\"lazy\" decoding=\"async\" width=\"2560\" height=\"1920\" src=\"http:\/\/launay-quinard.ovh\/wp-content\/uploads\/2024\/12\/Gite_SalleDebains1-scaled.jpg\" data-id=\"123\" data-link=\"https:\/\/launay-quinard.ovh\/olympus-digital-camera-7\/\" data-original-link=\"http:\/\/launay-quinard.ovh\/wp-content\/uploads\/2024\/12\/Gite_SalleDebains1-scaled.jpg\" class=\"wp-block-getwid-images-slider__image wp-image-123\" srcset=\"https:\/\/launay-quinard.ovh\/wp-content\/uploads\/2024\/12\/Gite_SalleDebains1-scaled.jpg 2560w, https:\/\/launay-quinard.ovh\/wp-content\/uploads\/2024\/12\/Gite_SalleDebains1-300x225.jpg 300w, https:\/\/launay-quinard.ovh\/wp-content\/uploads\/2024\/12\/Gite_SalleDebains1-1024x768.jpg 1024w, https:\/\/launay-quinard.ovh\/wp-content\/uploads\/2024\/12\/Gite_SalleDebains1-768x576.jpg 768w, https:\/\/launay-quinard.ovh\/wp-content\/uploads\/2024\/12\/Gite_SalleDebains1-1536x1152.jpg 1536w, https:\/\/launay-quinard.ovh\/wp-content\/uploads\/2024\/12\/Gite_SalleDebains1-2048x1536.jpg 2048w, https:\/\/launay-quinard.ovh\/wp-content\/uploads\/2024\/12\/Gite_SalleDebains1-892x669.jpg 892w\" sizes=\"auto, (max-width: 2560px) 100vw, 2560px\" \/><\/figure><\/div><div class=\"wp-block-getwid-images-slider__item\" style=\"height:600px\"><figure><img loading=\"lazy\" decoding=\"async\" width=\"2560\" height=\"1702\" src=\"http:\/\/launay-quinard.ovh\/wp-content\/uploads\/2024\/12\/Gite_Exterieur1-scaled.jpg\" data-id=\"118\" data-link=\"https:\/\/launay-quinard.ovh\/gite_exterieur1\/\" data-original-link=\"http:\/\/launay-quinard.ovh\/wp-content\/uploads\/2024\/12\/Gite_Exterieur1-scaled.jpg\" class=\"wp-block-getwid-images-slider__image wp-image-118\" srcset=\"https:\/\/launay-quinard.ovh\/wp-content\/uploads\/2024\/12\/Gite_Exterieur1-scaled.jpg 2560w, https:\/\/launay-quinard.ovh\/wp-content\/uploads\/2024\/12\/Gite_Exterieur1-300x199.jpg 300w, https:\/\/launay-quinard.ovh\/wp-content\/uploads\/2024\/12\/Gite_Exterieur1-1024x681.jpg 1024w, https:\/\/launay-quinard.ovh\/wp-content\/uploads\/2024\/12\/Gite_Exterieur1-768x511.jpg 768w, https:\/\/launay-quinard.ovh\/wp-content\/uploads\/2024\/12\/Gite_Exterieur1-1536x1021.jpg 1536w, https:\/\/launay-quinard.ovh\/wp-content\/uploads\/2024\/12\/Gite_Exterieur1-2048x1362.jpg 2048w, https:\/\/launay-quinard.ovh\/wp-content\/uploads\/2024\/12\/Gite_Exterieur1-892x594.jpg 892w, https:\/\/launay-quinard.ovh\/wp-content\/uploads\/2024\/12\/Gite_Exterieur1-150x100.jpg 150w\" sizes=\"auto, (max-width: 2560px) 100vw, 2560px\" \/><\/figure><\/div><div class=\"wp-block-getwid-images-slider__item\" style=\"height:600px\"><figure><img loading=\"lazy\" decoding=\"async\" width=\"2048\" height=\"1365\" src=\"http:\/\/launay-quinard.ovh\/wp-content\/uploads\/2024\/12\/Gite_Exterieur4.jpg\" data-id=\"121\" data-link=\"https:\/\/launay-quinard.ovh\/gite_exterieur4\/\" data-original-link=\"http:\/\/launay-quinard.ovh\/wp-content\/uploads\/2024\/12\/Gite_Exterieur4.jpg\" class=\"wp-block-getwid-images-slider__image wp-image-121\" srcset=\"https:\/\/launay-quinard.ovh\/wp-content\/uploads\/2024\/12\/Gite_Exterieur4.jpg 2048w, https:\/\/launay-quinard.ovh\/wp-content\/uploads\/2024\/12\/Gite_Exterieur4-300x200.jpg 300w, https:\/\/launay-quinard.ovh\/wp-content\/uploads\/2024\/12\/Gite_Exterieur4-1024x683.jpg 1024w, https:\/\/launay-quinard.ovh\/wp-content\/uploads\/2024\/12\/Gite_Exterieur4-768x512.jpg 768w, https:\/\/launay-quinard.ovh\/wp-content\/uploads\/2024\/12\/Gite_Exterieur4-1536x1024.jpg 1536w, https:\/\/launay-quinard.ovh\/wp-content\/uploads\/2024\/12\/Gite_Exterieur4-892x594.jpg 892w, https:\/\/launay-quinard.ovh\/wp-content\/uploads\/2024\/12\/Gite_Exterieur4-150x100.jpg 150w\" sizes=\"auto, (max-width: 2048px) 100vw, 2048px\" \/><\/figure><\/div><div class=\"wp-block-getwid-images-slider__item\" style=\"height:600px\"><figure><img loading=\"lazy\" decoding=\"async\" width=\"2016\" height=\"1512\" src=\"http:\/\/launay-quinard.ovh\/wp-content\/uploads\/2024\/12\/Gite_Exterieur2.jpg\" data-id=\"119\" data-link=\"https:\/\/launay-quinard.ovh\/gite_exterieur2\/\" data-original-link=\"http:\/\/launay-quinard.ovh\/wp-content\/uploads\/2024\/12\/Gite_Exterieur2.jpg\" class=\"wp-block-getwid-images-slider__image wp-image-119\" srcset=\"https:\/\/launay-quinard.ovh\/wp-content\/uploads\/2024\/12\/Gite_Exterieur2.jpg 2016w, https:\/\/launay-quinard.ovh\/wp-content\/uploads\/2024\/12\/Gite_Exterieur2-300x225.jpg 300w, https:\/\/launay-quinard.ovh\/wp-content\/uploads\/2024\/12\/Gite_Exterieur2-1024x768.jpg 1024w, https:\/\/launay-quinard.ovh\/wp-content\/uploads\/2024\/12\/Gite_Exterieur2-768x576.jpg 768w, https:\/\/launay-quinard.ovh\/wp-content\/uploads\/2024\/12\/Gite_Exterieur2-1536x1152.jpg 1536w, https:\/\/launay-quinard.ovh\/wp-content\/uploads\/2024\/12\/Gite_Exterieur2-892x669.jpg 892w\" sizes=\"auto, (max-width: 2016px) 100vw, 2016px\" \/><\/figure><\/div><div class=\"wp-block-getwid-images-slider__item\" style=\"height:600px\"><figure><img loading=\"lazy\" decoding=\"async\" width=\"2560\" height=\"1702\" src=\"http:\/\/launay-quinard.ovh\/wp-content\/uploads\/2024\/12\/Gite_Exterieur5-scaled.jpg\" data-id=\"122\" data-link=\"https:\/\/launay-quinard.ovh\/gite_exterieur5\/\" data-original-link=\"http:\/\/launay-quinard.ovh\/wp-content\/uploads\/2024\/12\/Gite_Exterieur5-scaled.jpg\" class=\"wp-block-getwid-images-slider__image wp-image-122\" srcset=\"https:\/\/launay-quinard.ovh\/wp-content\/uploads\/2024\/12\/Gite_Exterieur5-scaled.jpg 2560w, https:\/\/launay-quinard.ovh\/wp-content\/uploads\/2024\/12\/Gite_Exterieur5-300x199.jpg 300w, https:\/\/launay-quinard.ovh\/wp-content\/uploads\/2024\/12\/Gite_Exterieur5-1024x681.jpg 1024w, https:\/\/launay-quinard.ovh\/wp-content\/uploads\/2024\/12\/Gite_Exterieur5-768x511.jpg 768w, https:\/\/launay-quinard.ovh\/wp-content\/uploads\/2024\/12\/Gite_Exterieur5-1536x1021.jpg 1536w, https:\/\/launay-quinard.ovh\/wp-content\/uploads\/2024\/12\/Gite_Exterieur5-2048x1362.jpg 2048w, https:\/\/launay-quinard.ovh\/wp-content\/uploads\/2024\/12\/Gite_Exterieur5-892x594.jpg 892w, https:\/\/launay-quinard.ovh\/wp-content\/uploads\/2024\/12\/Gite_Exterieur5-150x100.jpg 150w\" sizes=\"auto, (max-width: 2560px) 100vw, 2560px\" \/><\/figure><\/div><\/div><\/div>\n\n\n\n<p>Adoss\u00e9 \u00e0 une chapelle du XVIIIe si\u00e8cle, cet ancien pavillon de chasse d\u2019environ 70 m\u00b2 est entour\u00e9 d\u2019un parc arbor\u00e9 d\u2019un hectare, agr\u00e9ment\u00e9 d\u2019un \u00e9tang de 2 000 m\u00b2, id\u00e9al pour la p\u00eache ou une promenade en barge. Les plus jeunes appr\u00e9cieront la balan\u00e7oire dans le parc, tandis que les adultes profiteront de la s\u00e9r\u00e9nit\u00e9 des lieux.<\/p>\n\n\n\n<h3 class=\"wp-block-heading\"><strong>Composition du g\u00eete<\/strong><\/h3>\n\n\n\n<ul class=\"wp-block-list\">\n<li><strong>\u00c0 l\u2019\u00e9tage :<\/strong>\n<ul class=\"wp-block-list\">\n<li>3 chambres :\n<ul class=\"wp-block-list\">\n<li>Une chambre avec un lit double (140 cm).<\/li>\n\n\n\n<li>Une chambre avec un lit double (140 cm) et un lit simple (90 cm).<\/li>\n\n\n\n<li>Une chambre avec un lit simple (90 cm).<\/li>\n<\/ul>\n<\/li>\n\n\n\n<li>Une salle de bain avec WC.<\/li>\n<\/ul>\n<\/li>\n\n\n\n<li><strong>Au rez-de-chauss\u00e9e :<\/strong>\n<ul class=\"wp-block-list\">\n<li>Un salon\/salle \u00e0 manger de 30 m\u00b2, \u00e9quip\u00e9 d\u2019un grand canap\u00e9, deux fauteuils, une table de ferme et deux bancs.<\/li>\n\n\n\n<li>Une cuisine enti\u00e8rement \u00e9quip\u00e9e : gazini\u00e8re, lave-vaisselle, micro-ondes, r\u00e9frig\u00e9rateur, cafeti\u00e8re, grille-pain, hotte aspirante, bouilloire et batterie de cuisine compl\u00e8te.<\/li>\n\n\n\n<li>Une douche, un WC s\u00e9par\u00e9, et un lave-mains.<\/li>\n<\/ul>\n<\/li>\n<\/ul>\n\n\n\n<p>Avec son cadre paisible, son vaste parc arbor\u00e9 et son ambiance authentique, le g\u00eete de Launay Quinard est l\u2019endroit id\u00e9al pour un s\u00e9jour convivial et ressour\u00e7ant en Bretagne.<\/p>\n\n\n\n<p><strong>Acc\u00e8s wifi gratuit<\/strong><\/p>\n\n\n\n<h3 class=\"wp-block-heading\"><strong>Tarifs 2026<\/strong><\/h3>\n\n\n\n<figure class=\"wp-block-table is-style-regular\"><table class=\"has-fixed-layout\"><thead><tr><th class=\"has-text-align-center\" data-align=\"center\"><\/th><th class=\"has-text-align-center\" data-align=\"center\">Tr\u00e8s Haute Saison<\/th><th class=\"has-text-align-center\" data-align=\"center\">Haute Saison<\/th><th class=\"has-text-align-center\" data-align=\"center\">Moyenne Saison<\/th><th class=\"has-text-align-center\" data-align=\"center\">Basse Saison<\/th><\/tr><\/thead><tbody><tr><td class=\"has-text-align-center\" data-align=\"center\"><strong>Semaine<\/strong><\/td><td class=\"has-text-align-center\" data-align=\"center\">950 \u20ac<\/td><td class=\"has-text-align-center\" data-align=\"center\">920 \u20ac<\/td><td class=\"has-text-align-center\" data-align=\"center\">690 \u20ac<\/td><td class=\"has-text-align-center\" data-align=\"center\">550 \u20ac<\/td><\/tr><\/tbody><\/table><\/figure>\n\n\n\n<p><\/p>\n\n\n\n<p>* Week-end ou courts s\u00e9jours sur demande<br>Prix pour 2 nuits : \u00e0 partir de 450 \u20ac<br>Prix pour 3 nuits : \u00e0 partir de 600 \u20ac<\/p>\n\n\n\n<p><strong>Options possibles<\/strong><br> \u25cb Forfait m\u00e9nage fin de s\u00e9jour : 90 \u20ac<br> \u25cb Location de draps : 15 \u20ac la paire<br> \u25cb Location de linge de toilettes : 9 \u20ac par personne<\/p>\n\n\n\n<p><strong>Ch\u00e8ques vacances accept\u00e9s<\/strong><\/p>\n\n\n\n<p><strong>Taxe de s\u00e9jour non comprise<\/strong> : 1,35 \u20ac par personne et par jour<\/p>\n\n\n\n<p><\/p>\n","protected":false},"excerpt":{"rendered":"<p>Situ\u00e9 au c\u0153ur du domaine de Launay Quinard, le g\u00eete rural 3 \u00e9pis offre un cadre paisible et authentique pour des vacances en famille ou entre amis. Adoss\u00e9 \u00e0 une chapelle du XVIIIe si\u00e8cle, cet ancien pavillon de chasse d\u2019environ 70 m\u00b2 est entour\u00e9 d\u2019un parc arbor\u00e9 d\u2019un hectare, agr\u00e9ment\u00e9 d\u2019un \u00e9tang de 2 000 [&hellip;]<\/p>\n","protected":false},"author":1,"featured_media":0,"parent":0,"menu_order":0,"comment_status":"closed","ping_status":"closed","template":"","meta":{"footnotes":""},"folder":[],"class_list":["post-242","page","type-page","status-publish","hentry"],"_links":{"self":[{"href":"https:\/\/launay-quinard.ovh\/index.php\/wp-json\/wp\/v2\/pages\/242","targetHints":{"allow":["GET"]}}],"collection":[{"href":"https:\/\/launay-quinard.ovh\/index.php\/wp-json\/wp\/v2\/pages"}],"about":[{"href":"https:\/\/launay-quinard.ovh\/index.php\/wp-json\/wp\/v2\/types\/page"}],"author":[{"embeddable":true,"href":"https:\/\/launay-quinard.ovh\/index.php\/wp-json\/wp\/v2\/users\/1"}],"replies":[{"embeddable":true,"href":"https:\/\/launay-quinard.ovh\/index.php\/wp-json\/wp\/v2\/comments?post=242"}],"version-history":[{"count":9,"href":"https:\/\/launay-quinard.ovh\/index.php\/wp-json\/wp\/v2\/pages\/242\/revisions"}],"predecessor-version":[{"id":489,"href":"https:\/\/launay-quinard.ovh\/index.php\/wp-json\/wp\/v2\/pages\/242\/revisions\/489"}],"wp:attachment":[{"href":"https:\/\/launay-quinard.ovh\/index.php\/wp-json\/wp\/v2\/media?parent=242"}],"wp:term":[{"taxonomy":"folder","embeddable":true,"href":"https:\/\/launay-quinard.ovh\/index.php\/wp-json\/wp\/v2\/folder?post=242"}],"curies":[{"name":"wp","href":"https:\/\/api.w.org\/{rel}","templated":true}]}}