{"id":245,"date":"2024-12-25T00:28:45","date_gmt":"2024-12-24T23:28:45","guid":{"rendered":"https:\/\/launay-quinard.ovh\/?page_id=245"},"modified":"2026-02-16T12:00:56","modified_gmt":"2026-02-16T11:00:56","slug":"chambre-ancolie","status":"publish","type":"page","link":"https:\/\/launay-quinard.ovh\/index.php\/chambre-ancolie\/","title":{"rendered":"Chambre Ancolie"},"content":{"rendered":"\n<p>La chambre Ancolie, situ\u00e9e au rez-de-chauss\u00e9e de notre chapelle enti\u00e8rement r\u00e9nov\u00e9e, est un cocon de calme et de s\u00e9r\u00e9nit\u00e9.<\/p>\n\n\n\n<div class=\"wp-block-getwid-images-slider has-arrows-inside has-dots-inside has-images-center has-cropped-images alignwide\"><div class=\"wp-block-getwid-images-slider__wrapper\" data-effect=\"slide\" data-slides-show=\"1\" data-slides-show-laptop=\"1\" data-slides-show-tablet=\"1\" data-slides-show-mobile=\"1\" data-slides-scroll=\"1\" data-autoplay=\"true\" data-pause-hover=\"false\" data-autoplay-speed=\"6000\" data-infinite=\"true\" data-animation-speed=\"800\" data-center-mode=\"false\" data-variable-width=\"false\" data-arrows=\"inside\" data-dots=\"inside\" data-spacing=\"none\"><div class=\"wp-block-getwid-images-slider__item\"><figure><img loading=\"lazy\" decoding=\"async\" width=\"2048\" height=\"1365\" src=\"http:\/\/launay-quinard.ovh\/wp-content\/uploads\/2024\/12\/ChambreAncolie_Chambre2.jpg\" data-id=\"106\" data-link=\"https:\/\/launay-quinard.ovh\/discarded_img0scene2-22\/\" data-original-link=\"http:\/\/launay-quinard.ovh\/wp-content\/uploads\/2024\/12\/ChambreAncolie_Chambre2.jpg\" class=\"wp-block-getwid-images-slider__image wp-image-106\" srcset=\"https:\/\/launay-quinard.ovh\/wp-content\/uploads\/2024\/12\/ChambreAncolie_Chambre2.jpg 2048w, https:\/\/launay-quinard.ovh\/wp-content\/uploads\/2024\/12\/ChambreAncolie_Chambre2-300x200.jpg 300w, https:\/\/launay-quinard.ovh\/wp-content\/uploads\/2024\/12\/ChambreAncolie_Chambre2-1024x683.jpg 1024w, https:\/\/launay-quinard.ovh\/wp-content\/uploads\/2024\/12\/ChambreAncolie_Chambre2-768x512.jpg 768w, https:\/\/launay-quinard.ovh\/wp-content\/uploads\/2024\/12\/ChambreAncolie_Chambre2-1536x1024.jpg 1536w, https:\/\/launay-quinard.ovh\/wp-content\/uploads\/2024\/12\/ChambreAncolie_Chambre2-892x594.jpg 892w, https:\/\/launay-quinard.ovh\/wp-content\/uploads\/2024\/12\/ChambreAncolie_Chambre2-150x100.jpg 150w\" sizes=\"auto, (max-width: 2048px) 100vw, 2048px\" \/><\/figure><\/div><div class=\"wp-block-getwid-images-slider__item\"><figure><img loading=\"lazy\" decoding=\"async\" width=\"2048\" height=\"1365\" src=\"http:\/\/launay-quinard.ovh\/wp-content\/uploads\/2024\/12\/ChambreAncolie_Chambre3.jpg\" data-id=\"107\" data-link=\"https:\/\/launay-quinard.ovh\/discarded_img0scene2-23\/\" data-original-link=\"http:\/\/launay-quinard.ovh\/wp-content\/uploads\/2024\/12\/ChambreAncolie_Chambre3.jpg\" class=\"wp-block-getwid-images-slider__image wp-image-107\" srcset=\"https:\/\/launay-quinard.ovh\/wp-content\/uploads\/2024\/12\/ChambreAncolie_Chambre3.jpg 2048w, https:\/\/launay-quinard.ovh\/wp-content\/uploads\/2024\/12\/ChambreAncolie_Chambre3-300x200.jpg 300w, https:\/\/launay-quinard.ovh\/wp-content\/uploads\/2024\/12\/ChambreAncolie_Chambre3-1024x683.jpg 1024w, https:\/\/launay-quinard.ovh\/wp-content\/uploads\/2024\/12\/ChambreAncolie_Chambre3-768x512.jpg 768w, https:\/\/launay-quinard.ovh\/wp-content\/uploads\/2024\/12\/ChambreAncolie_Chambre3-1536x1024.jpg 1536w, https:\/\/launay-quinard.ovh\/wp-content\/uploads\/2024\/12\/ChambreAncolie_Chambre3-892x594.jpg 892w, https:\/\/launay-quinard.ovh\/wp-content\/uploads\/2024\/12\/ChambreAncolie_Chambre3-150x100.jpg 150w\" sizes=\"auto, (max-width: 2048px) 100vw, 2048px\" \/><\/figure><\/div><div class=\"wp-block-getwid-images-slider__item\"><figure><img loading=\"lazy\" decoding=\"async\" width=\"2048\" height=\"1365\" src=\"http:\/\/launay-quinard.ovh\/wp-content\/uploads\/2024\/12\/ChambreAncolie_SalleDeBains1.jpg\" data-id=\"109\" data-link=\"https:\/\/launay-quinard.ovh\/discarded_img0scene2-25\/\" data-original-link=\"http:\/\/launay-quinard.ovh\/wp-content\/uploads\/2024\/12\/ChambreAncolie_SalleDeBains1.jpg\" class=\"wp-block-getwid-images-slider__image wp-image-109\" srcset=\"https:\/\/launay-quinard.ovh\/wp-content\/uploads\/2024\/12\/ChambreAncolie_SalleDeBains1.jpg 2048w, https:\/\/launay-quinard.ovh\/wp-content\/uploads\/2024\/12\/ChambreAncolie_SalleDeBains1-300x200.jpg 300w, https:\/\/launay-quinard.ovh\/wp-content\/uploads\/2024\/12\/ChambreAncolie_SalleDeBains1-1024x683.jpg 1024w, https:\/\/launay-quinard.ovh\/wp-content\/uploads\/2024\/12\/ChambreAncolie_SalleDeBains1-768x512.jpg 768w, https:\/\/launay-quinard.ovh\/wp-content\/uploads\/2024\/12\/ChambreAncolie_SalleDeBains1-1536x1024.jpg 1536w, https:\/\/launay-quinard.ovh\/wp-content\/uploads\/2024\/12\/ChambreAncolie_SalleDeBains1-892x594.jpg 892w, https:\/\/launay-quinard.ovh\/wp-content\/uploads\/2024\/12\/ChambreAncolie_SalleDeBains1-150x100.jpg 150w\" sizes=\"auto, (max-width: 2048px) 100vw, 2048px\" \/><\/figure><\/div><\/div><\/div>\n\n\n\n<p>Avec sa terrasse privative et son acc\u00e8s ind\u00e9pendant, elle est id\u00e9ale pour un s\u00e9jour en couple. Vous y trouverez un lit confortable (140 cm), une salle de bain privative avec douche \u00e0 l\u2019italienne, lavabo et WC s\u00e9par\u00e9s, ainsi qu\u2019un espace th\u00e9\/caf\u00e9 \u00e9quip\u00e9 d\u2019une bouilloire, de tasses, et d\u2019une s\u00e9lection de boissons. Une t\u00e9l\u00e9vision \u00e9cran plat et un s\u00e8che-cheveux compl\u00e8tent les \u00e9quipements.<\/p>\n\n\n\n<p>\u00c0 proximit\u00e9, une kitchenette commune est mise \u00e0 disposition, avec \u00e9vier, r\u00e9frig\u00e9rateur et micro-ondes.<\/p>\n\n\n\n<h3 class=\"wp-block-heading\"><strong>Petit-d\u00e9jeuner inclus<\/strong><\/h3>\n\n\n\n<p>Chaque matin, un petit-d\u00e9jeuner gourmand vous est servi : confitures maison, croissants de la boulangerie, pain frais, beurre, yaourt, jus d\u2019orange et boissons chaudes.<\/p>\n\n\n\n<div class=\"wp-block-columns alignwide is-layout-flex wp-container-core-columns-is-layout-9d6595d7 wp-block-columns-is-layout-flex\">\n<div class=\"wp-block-column is-layout-flow wp-block-column-is-layout-flow\">\n<figure data-wp-context=\"{&quot;imageId&quot;:&quot;69da23477895a&quot;}\" data-wp-interactive=\"core\/image\" data-wp-key=\"69da23477895a\" class=\"wp-block-image size-large wp-lightbox-container\"><img loading=\"lazy\" decoding=\"async\" width=\"1024\" height=\"683\" data-wp-class--hide=\"state.isContentHidden\" data-wp-class--show=\"state.isContentVisible\" data-wp-init=\"callbacks.setButtonStyles\" data-wp-on--click=\"actions.showLightbox\" data-wp-on--load=\"callbacks.setButtonStyles\" data-wp-on-window--resize=\"callbacks.setButtonStyles\" src=\"http:\/\/launay-quinard.ovh\/wp-content\/uploads\/2024\/12\/PetitDej_Sejour1-1024x683.jpg\" alt=\"\" class=\"wp-image-94\" srcset=\"https:\/\/launay-quinard.ovh\/wp-content\/uploads\/2024\/12\/PetitDej_Sejour1-1024x683.jpg 1024w, https:\/\/launay-quinard.ovh\/wp-content\/uploads\/2024\/12\/PetitDej_Sejour1-300x200.jpg 300w, https:\/\/launay-quinard.ovh\/wp-content\/uploads\/2024\/12\/PetitDej_Sejour1-768x512.jpg 768w, https:\/\/launay-quinard.ovh\/wp-content\/uploads\/2024\/12\/PetitDej_Sejour1-1536x1024.jpg 1536w, https:\/\/launay-quinard.ovh\/wp-content\/uploads\/2024\/12\/PetitDej_Sejour1-892x594.jpg 892w, https:\/\/launay-quinard.ovh\/wp-content\/uploads\/2024\/12\/PetitDej_Sejour1-150x100.jpg 150w, https:\/\/launay-quinard.ovh\/wp-content\/uploads\/2024\/12\/PetitDej_Sejour1.jpg 2048w\" sizes=\"auto, (max-width: 1024px) 100vw, 1024px\" \/><button\n\t\t\tclass=\"lightbox-trigger\"\n\t\t\ttype=\"button\"\n\t\t\taria-haspopup=\"dialog\"\n\t\t\taria-label=\"Agrandir\"\n\t\t\tdata-wp-init=\"callbacks.initTriggerButton\"\n\t\t\tdata-wp-on--click=\"actions.showLightbox\"\n\t\t\tdata-wp-style--right=\"state.imageButtonRight\"\n\t\t\tdata-wp-style--top=\"state.imageButtonTop\"\n\t\t>\n\t\t\t<svg xmlns=\"http:\/\/www.w3.org\/2000\/svg\" width=\"12\" height=\"12\" fill=\"none\" viewBox=\"0 0 12 12\">\n\t\t\t\t<path fill=\"#fff\" d=\"M2 0a2 2 0 0 0-2 2v2h1.5V2a.5.5 0 0 1 .5-.5h2V0H2Zm2 10.5H2a.5.5 0 0 1-.5-.5V8H0v2a2 2 0 0 0 2 2h2v-1.5ZM8 12v-1.5h2a.5.5 0 0 0 .5-.5V8H12v2a2 2 0 0 1-2 2H8Zm2-12a2 2 0 0 1 2 2v2h-1.5V2a.5.5 0 0 0-.5-.5H8V0h2Z\" \/>\n\t\t\t<\/svg>\n\t\t<\/button><\/figure>\n<\/div>\n\n\n\n<div class=\"wp-block-column is-layout-flow wp-block-column-is-layout-flow\">\n<figure data-wp-context=\"{&quot;imageId&quot;:&quot;69da2347794f6&quot;}\" data-wp-interactive=\"core\/image\" data-wp-key=\"69da2347794f6\" class=\"wp-block-image size-large wp-lightbox-container\"><img loading=\"lazy\" decoding=\"async\" width=\"1024\" height=\"683\" data-wp-class--hide=\"state.isContentHidden\" data-wp-class--show=\"state.isContentVisible\" data-wp-init=\"callbacks.setButtonStyles\" data-wp-on--click=\"actions.showLightbox\" data-wp-on--load=\"callbacks.setButtonStyles\" data-wp-on-window--resize=\"callbacks.setButtonStyles\" src=\"http:\/\/launay-quinard.ovh\/wp-content\/uploads\/2024\/12\/PetitDej_Table1-1024x683.jpg\" alt=\"\" class=\"wp-image-95\" srcset=\"https:\/\/launay-quinard.ovh\/wp-content\/uploads\/2024\/12\/PetitDej_Table1-1024x683.jpg 1024w, https:\/\/launay-quinard.ovh\/wp-content\/uploads\/2024\/12\/PetitDej_Table1-300x200.jpg 300w, https:\/\/launay-quinard.ovh\/wp-content\/uploads\/2024\/12\/PetitDej_Table1-768x512.jpg 768w, https:\/\/launay-quinard.ovh\/wp-content\/uploads\/2024\/12\/PetitDej_Table1-1536x1024.jpg 1536w, https:\/\/launay-quinard.ovh\/wp-content\/uploads\/2024\/12\/PetitDej_Table1-892x594.jpg 892w, https:\/\/launay-quinard.ovh\/wp-content\/uploads\/2024\/12\/PetitDej_Table1-150x100.jpg 150w, https:\/\/launay-quinard.ovh\/wp-content\/uploads\/2024\/12\/PetitDej_Table1.jpg 2048w\" sizes=\"auto, (max-width: 1024px) 100vw, 1024px\" \/><button\n\t\t\tclass=\"lightbox-trigger\"\n\t\t\ttype=\"button\"\n\t\t\taria-haspopup=\"dialog\"\n\t\t\taria-label=\"Agrandir\"\n\t\t\tdata-wp-init=\"callbacks.initTriggerButton\"\n\t\t\tdata-wp-on--click=\"actions.showLightbox\"\n\t\t\tdata-wp-style--right=\"state.imageButtonRight\"\n\t\t\tdata-wp-style--top=\"state.imageButtonTop\"\n\t\t>\n\t\t\t<svg xmlns=\"http:\/\/www.w3.org\/2000\/svg\" width=\"12\" height=\"12\" fill=\"none\" viewBox=\"0 0 12 12\">\n\t\t\t\t<path fill=\"#fff\" d=\"M2 0a2 2 0 0 0-2 2v2h1.5V2a.5.5 0 0 1 .5-.5h2V0H2Zm2 10.5H2a.5.5 0 0 1-.5-.5V8H0v2a2 2 0 0 0 2 2h2v-1.5ZM8 12v-1.5h2a.5.5 0 0 0 .5-.5V8H12v2a2 2 0 0 1-2 2H8Zm2-12a2 2 0 0 1 2 2v2h-1.5V2a.5.5 0 0 0-.5-.5H8V0h2Z\" \/>\n\t\t\t<\/svg>\n\t\t<\/button><\/figure>\n<\/div>\n<\/div>\n\n\n\n<p><br>Avec son parking priv\u00e9, son acc\u00e8s WiFi gratuit et son environnement paisible, la chambre Ancolie est parfaite pour un s\u00e9jour ressour\u00e7ant.<\/p>\n\n\n\n<div class=\"wp-block-columns alignwide is-layout-flex wp-container-core-columns-is-layout-9d6595d7 wp-block-columns-is-layout-flex\">\n<div class=\"wp-block-column is-layout-flow wp-block-column-is-layout-flow\">\n<figure data-wp-context=\"{&quot;imageId&quot;:&quot;69da234779b21&quot;}\" data-wp-interactive=\"core\/image\" data-wp-key=\"69da234779b21\" class=\"wp-block-image size-large wp-lightbox-container\"><img loading=\"lazy\" decoding=\"async\" width=\"1024\" height=\"683\" data-wp-class--hide=\"state.isContentHidden\" data-wp-class--show=\"state.isContentVisible\" data-wp-init=\"callbacks.setButtonStyles\" data-wp-on--click=\"actions.showLightbox\" data-wp-on--load=\"callbacks.setButtonStyles\" data-wp-on-window--resize=\"callbacks.setButtonStyles\" src=\"http:\/\/launay-quinard.ovh\/wp-content\/uploads\/2024\/12\/ChambreAncolie_Terrasse2-1024x683.jpg\" alt=\"\" class=\"wp-image-112\" srcset=\"https:\/\/launay-quinard.ovh\/wp-content\/uploads\/2024\/12\/ChambreAncolie_Terrasse2-1024x683.jpg 1024w, https:\/\/launay-quinard.ovh\/wp-content\/uploads\/2024\/12\/ChambreAncolie_Terrasse2-300x200.jpg 300w, https:\/\/launay-quinard.ovh\/wp-content\/uploads\/2024\/12\/ChambreAncolie_Terrasse2-768x512.jpg 768w, https:\/\/launay-quinard.ovh\/wp-content\/uploads\/2024\/12\/ChambreAncolie_Terrasse2-1536x1024.jpg 1536w, https:\/\/launay-quinard.ovh\/wp-content\/uploads\/2024\/12\/ChambreAncolie_Terrasse2-892x594.jpg 892w, https:\/\/launay-quinard.ovh\/wp-content\/uploads\/2024\/12\/ChambreAncolie_Terrasse2-150x100.jpg 150w, https:\/\/launay-quinard.ovh\/wp-content\/uploads\/2024\/12\/ChambreAncolie_Terrasse2.jpg 2048w\" sizes=\"auto, (max-width: 1024px) 100vw, 1024px\" \/><button\n\t\t\tclass=\"lightbox-trigger\"\n\t\t\ttype=\"button\"\n\t\t\taria-haspopup=\"dialog\"\n\t\t\taria-label=\"Agrandir\"\n\t\t\tdata-wp-init=\"callbacks.initTriggerButton\"\n\t\t\tdata-wp-on--click=\"actions.showLightbox\"\n\t\t\tdata-wp-style--right=\"state.imageButtonRight\"\n\t\t\tdata-wp-style--top=\"state.imageButtonTop\"\n\t\t>\n\t\t\t<svg xmlns=\"http:\/\/www.w3.org\/2000\/svg\" width=\"12\" height=\"12\" fill=\"none\" viewBox=\"0 0 12 12\">\n\t\t\t\t<path fill=\"#fff\" d=\"M2 0a2 2 0 0 0-2 2v2h1.5V2a.5.5 0 0 1 .5-.5h2V0H2Zm2 10.5H2a.5.5 0 0 1-.5-.5V8H0v2a2 2 0 0 0 2 2h2v-1.5ZM8 12v-1.5h2a.5.5 0 0 0 .5-.5V8H12v2a2 2 0 0 1-2 2H8Zm2-12a2 2 0 0 1 2 2v2h-1.5V2a.5.5 0 0 0-.5-.5H8V0h2Z\" \/>\n\t\t\t<\/svg>\n\t\t<\/button><\/figure>\n<\/div>\n\n\n\n<div class=\"wp-block-column is-layout-flow wp-block-column-is-layout-flow\">\n<figure data-wp-context=\"{&quot;imageId&quot;:&quot;69da23477a00e&quot;}\" data-wp-interactive=\"core\/image\" data-wp-key=\"69da23477a00e\" class=\"wp-block-image size-large wp-lightbox-container\"><img loading=\"lazy\" decoding=\"async\" width=\"1024\" height=\"683\" data-wp-class--hide=\"state.isContentHidden\" data-wp-class--show=\"state.isContentVisible\" data-wp-init=\"callbacks.setButtonStyles\" data-wp-on--click=\"actions.showLightbox\" data-wp-on--load=\"callbacks.setButtonStyles\" data-wp-on-window--resize=\"callbacks.setButtonStyles\" src=\"http:\/\/launay-quinard.ovh\/wp-content\/uploads\/2024\/12\/ChambreAncolie_Terrasse1-1024x683.jpg\" alt=\"\" class=\"wp-image-111\" srcset=\"https:\/\/launay-quinard.ovh\/wp-content\/uploads\/2024\/12\/ChambreAncolie_Terrasse1-1024x683.jpg 1024w, https:\/\/launay-quinard.ovh\/wp-content\/uploads\/2024\/12\/ChambreAncolie_Terrasse1-300x200.jpg 300w, https:\/\/launay-quinard.ovh\/wp-content\/uploads\/2024\/12\/ChambreAncolie_Terrasse1-768x512.jpg 768w, https:\/\/launay-quinard.ovh\/wp-content\/uploads\/2024\/12\/ChambreAncolie_Terrasse1-1536x1024.jpg 1536w, https:\/\/launay-quinard.ovh\/wp-content\/uploads\/2024\/12\/ChambreAncolie_Terrasse1-892x594.jpg 892w, https:\/\/launay-quinard.ovh\/wp-content\/uploads\/2024\/12\/ChambreAncolie_Terrasse1-150x100.jpg 150w, https:\/\/launay-quinard.ovh\/wp-content\/uploads\/2024\/12\/ChambreAncolie_Terrasse1.jpg 2048w\" sizes=\"auto, (max-width: 1024px) 100vw, 1024px\" \/><button\n\t\t\tclass=\"lightbox-trigger\"\n\t\t\ttype=\"button\"\n\t\t\taria-haspopup=\"dialog\"\n\t\t\taria-label=\"Agrandir\"\n\t\t\tdata-wp-init=\"callbacks.initTriggerButton\"\n\t\t\tdata-wp-on--click=\"actions.showLightbox\"\n\t\t\tdata-wp-style--right=\"state.imageButtonRight\"\n\t\t\tdata-wp-style--top=\"state.imageButtonTop\"\n\t\t>\n\t\t\t<svg xmlns=\"http:\/\/www.w3.org\/2000\/svg\" width=\"12\" height=\"12\" fill=\"none\" viewBox=\"0 0 12 12\">\n\t\t\t\t<path fill=\"#fff\" d=\"M2 0a2 2 0 0 0-2 2v2h1.5V2a.5.5 0 0 1 .5-.5h2V0H2Zm2 10.5H2a.5.5 0 0 1-.5-.5V8H0v2a2 2 0 0 0 2 2h2v-1.5ZM8 12v-1.5h2a.5.5 0 0 0 .5-.5V8H12v2a2 2 0 0 1-2 2H8Zm2-12a2 2 0 0 1 2 2v2h-1.5V2a.5.5 0 0 0-.5-.5H8V0h2Z\" \/>\n\t\t\t<\/svg>\n\t\t<\/button><\/figure>\n<\/div>\n<\/div>\n\n\n\n<h3 class=\"wp-block-heading\"><strong>Tarifs 2026<\/strong><\/h3>\n\n\n\n<figure class=\"wp-block-table is-style-regular\"><table class=\"has-fixed-layout\"><thead><tr><th class=\"has-text-align-center\" data-align=\"center\"><\/th><th class=\"has-text-align-center\" data-align=\"center\">Tr\u00e8s Haute Saison<\/th><th class=\"has-text-align-center\" data-align=\"center\">Moyenne  Saison<\/th><th class=\"has-text-align-center\" data-align=\"center\">Basse Saison<\/th><\/tr><\/thead><tbody><tr><td class=\"has-text-align-center\" data-align=\"center\"><strong>2 personnes<\/strong><\/td><td class=\"has-text-align-center\" data-align=\"center\">88 \u20ac \u00e0 120 \u20ac<\/td><td class=\"has-text-align-center\" data-align=\"center\">80 \u20ac \u00e0 86 \u20ac<\/td><td class=\"has-text-align-center\" data-align=\"center\">78 \u20ac<\/td><\/tr><\/tbody><\/table><\/figure>\n\n\n\n<p><\/p>\n\n\n\n<p><strong>Ch\u00e8ques vacances accept\u00e9s<\/strong><\/p>\n\n\n\n<p><strong>Taxe de s\u00e9jour non comprise<\/strong> : 090 \u20ac par jour et par adulte<\/p>\n\n\n\n<p><strong>Route du Rhum<\/strong> : du 27 octobre 2026 au 1er novembre 2026 :<\/p>\n\n\n\n<p>120 \u20ac la nuit minimum 3 nuits<\/p>\n\n\n\n<p><\/p>\n","protected":false},"excerpt":{"rendered":"<p>La chambre Ancolie, situ\u00e9e au rez-de-chauss\u00e9e de notre chapelle enti\u00e8rement r\u00e9nov\u00e9e, est un cocon de calme et de s\u00e9r\u00e9nit\u00e9. Avec sa terrasse privative et son acc\u00e8s ind\u00e9pendant, elle est id\u00e9ale pour un s\u00e9jour en couple. Vous y trouverez un lit confortable (140 cm), une salle de bain privative avec douche \u00e0 l\u2019italienne, lavabo et WC [&hellip;]<\/p>\n","protected":false},"author":1,"featured_media":0,"parent":0,"menu_order":0,"comment_status":"closed","ping_status":"closed","template":"","meta":{"footnotes":""},"folder":[],"class_list":["post-245","page","type-page","status-publish","hentry"],"_links":{"self":[{"href":"https:\/\/launay-quinard.ovh\/index.php\/wp-json\/wp\/v2\/pages\/245","targetHints":{"allow":["GET"]}}],"collection":[{"href":"https:\/\/launay-quinard.ovh\/index.php\/wp-json\/wp\/v2\/pages"}],"about":[{"href":"https:\/\/launay-quinard.ovh\/index.php\/wp-json\/wp\/v2\/types\/page"}],"author":[{"embeddable":true,"href":"https:\/\/launay-quinard.ovh\/index.php\/wp-json\/wp\/v2\/users\/1"}],"replies":[{"embeddable":true,"href":"https:\/\/launay-quinard.ovh\/index.php\/wp-json\/wp\/v2\/comments?post=245"}],"version-history":[{"count":19,"href":"https:\/\/launay-quinard.ovh\/index.php\/wp-json\/wp\/v2\/pages\/245\/revisions"}],"predecessor-version":[{"id":510,"href":"https:\/\/launay-quinard.ovh\/index.php\/wp-json\/wp\/v2\/pages\/245\/revisions\/510"}],"wp:attachment":[{"href":"https:\/\/launay-quinard.ovh\/index.php\/wp-json\/wp\/v2\/media?parent=245"}],"wp:term":[{"taxonomy":"folder","embeddable":true,"href":"https:\/\/launay-quinard.ovh\/index.php\/wp-json\/wp\/v2\/folder?post=245"}],"curies":[{"name":"wp","href":"https:\/\/api.w.org\/{rel}","templated":true}]}}