{"id":275,"date":"2024-12-25T11:05:49","date_gmt":"2024-12-25T10:05:49","guid":{"rendered":"https:\/\/launay-quinard.ovh\/?page_id=275"},"modified":"2026-02-17T18:40:24","modified_gmt":"2026-02-17T17:40:24","slug":"chambre-hortensia","status":"publish","type":"page","link":"https:\/\/launay-quinard.ovh\/index.php\/chambre-hortensia\/","title":{"rendered":"Chambre Hortensia"},"content":{"rendered":"\n<p>Spacieuse et lumineuse, la chambre Hortensia est id\u00e9ale pour les familles ou petits groupes.<\/p>\n\n\n\n<div class=\"wp-block-getwid-images-slider has-arrows-inside has-dots-inside has-images-center has-cropped-images alignwide\"><div class=\"wp-block-getwid-images-slider__wrapper\" data-effect=\"slide\" data-slides-show=\"1\" data-slides-show-laptop=\"1\" data-slides-show-tablet=\"1\" data-slides-show-mobile=\"1\" data-slides-scroll=\"1\" data-autoplay=\"true\" data-pause-hover=\"false\" data-autoplay-speed=\"6000\" data-infinite=\"true\" data-animation-speed=\"800\" data-center-mode=\"false\" data-variable-width=\"false\" data-arrows=\"inside\" data-dots=\"inside\" data-spacing=\"none\"><div class=\"wp-block-getwid-images-slider__item\"><figure><img loading=\"lazy\" decoding=\"async\" width=\"2048\" height=\"1365\" src=\"http:\/\/launay-quinard.ovh\/wp-content\/uploads\/2024\/12\/ChambreHortensia_Chambre1.jpg\" data-id=\"97\" data-link=\"https:\/\/launay-quinard.ovh\/discarded_img0scene2-18\/\" data-original-link=\"http:\/\/launay-quinard.ovh\/wp-content\/uploads\/2024\/12\/ChambreHortensia_Chambre1.jpg\" class=\"wp-block-getwid-images-slider__image wp-image-97\" srcset=\"https:\/\/launay-quinard.ovh\/wp-content\/uploads\/2024\/12\/ChambreHortensia_Chambre1.jpg 2048w, https:\/\/launay-quinard.ovh\/wp-content\/uploads\/2024\/12\/ChambreHortensia_Chambre1-300x200.jpg 300w, https:\/\/launay-quinard.ovh\/wp-content\/uploads\/2024\/12\/ChambreHortensia_Chambre1-1024x683.jpg 1024w, https:\/\/launay-quinard.ovh\/wp-content\/uploads\/2024\/12\/ChambreHortensia_Chambre1-768x512.jpg 768w, https:\/\/launay-quinard.ovh\/wp-content\/uploads\/2024\/12\/ChambreHortensia_Chambre1-1536x1024.jpg 1536w, https:\/\/launay-quinard.ovh\/wp-content\/uploads\/2024\/12\/ChambreHortensia_Chambre1-892x594.jpg 892w, https:\/\/launay-quinard.ovh\/wp-content\/uploads\/2024\/12\/ChambreHortensia_Chambre1-150x100.jpg 150w\" sizes=\"auto, (max-width: 2048px) 100vw, 2048px\" \/><\/figure><\/div><div class=\"wp-block-getwid-images-slider__item\"><figure><img loading=\"lazy\" decoding=\"async\" width=\"2048\" height=\"1365\" src=\"http:\/\/launay-quinard.ovh\/wp-content\/uploads\/2024\/12\/ChambreHortensia_Chambre2.jpg\" data-id=\"98\" data-link=\"https:\/\/launay-quinard.ovh\/discarded_img0scene2-19\/\" data-original-link=\"http:\/\/launay-quinard.ovh\/wp-content\/uploads\/2024\/12\/ChambreHortensia_Chambre2.jpg\" class=\"wp-block-getwid-images-slider__image wp-image-98\" srcset=\"https:\/\/launay-quinard.ovh\/wp-content\/uploads\/2024\/12\/ChambreHortensia_Chambre2.jpg 2048w, https:\/\/launay-quinard.ovh\/wp-content\/uploads\/2024\/12\/ChambreHortensia_Chambre2-300x200.jpg 300w, https:\/\/launay-quinard.ovh\/wp-content\/uploads\/2024\/12\/ChambreHortensia_Chambre2-1024x683.jpg 1024w, https:\/\/launay-quinard.ovh\/wp-content\/uploads\/2024\/12\/ChambreHortensia_Chambre2-768x512.jpg 768w, https:\/\/launay-quinard.ovh\/wp-content\/uploads\/2024\/12\/ChambreHortensia_Chambre2-1536x1024.jpg 1536w, https:\/\/launay-quinard.ovh\/wp-content\/uploads\/2024\/12\/ChambreHortensia_Chambre2-892x594.jpg 892w, https:\/\/launay-quinard.ovh\/wp-content\/uploads\/2024\/12\/ChambreHortensia_Chambre2-150x100.jpg 150w\" sizes=\"auto, (max-width: 2048px) 100vw, 2048px\" \/><\/figure><\/div><div class=\"wp-block-getwid-images-slider__item\"><figure><img loading=\"lazy\" decoding=\"async\" width=\"2048\" height=\"1365\" src=\"http:\/\/launay-quinard.ovh\/wp-content\/uploads\/2024\/12\/ChambreHortensia_Chambre4.jpg\" data-id=\"100\" data-link=\"https:\/\/launay-quinard.ovh\/discarded_img0scene2-20\/\" data-original-link=\"http:\/\/launay-quinard.ovh\/wp-content\/uploads\/2024\/12\/ChambreHortensia_Chambre4.jpg\" class=\"wp-block-getwid-images-slider__image wp-image-100\" srcset=\"https:\/\/launay-quinard.ovh\/wp-content\/uploads\/2024\/12\/ChambreHortensia_Chambre4.jpg 2048w, https:\/\/launay-quinard.ovh\/wp-content\/uploads\/2024\/12\/ChambreHortensia_Chambre4-300x200.jpg 300w, https:\/\/launay-quinard.ovh\/wp-content\/uploads\/2024\/12\/ChambreHortensia_Chambre4-1024x683.jpg 1024w, https:\/\/launay-quinard.ovh\/wp-content\/uploads\/2024\/12\/ChambreHortensia_Chambre4-768x512.jpg 768w, https:\/\/launay-quinard.ovh\/wp-content\/uploads\/2024\/12\/ChambreHortensia_Chambre4-1536x1024.jpg 1536w, https:\/\/launay-quinard.ovh\/wp-content\/uploads\/2024\/12\/ChambreHortensia_Chambre4-892x594.jpg 892w, https:\/\/launay-quinard.ovh\/wp-content\/uploads\/2024\/12\/ChambreHortensia_Chambre4-150x100.jpg 150w\" sizes=\"auto, (max-width: 2048px) 100vw, 2048px\" \/><\/figure><\/div><div class=\"wp-block-getwid-images-slider__item\"><figure><img loading=\"lazy\" decoding=\"async\" width=\"2560\" height=\"1707\" src=\"http:\/\/launay-quinard.ovh\/wp-content\/uploads\/2024\/12\/ChambreHortensia_SalleDeBains1_Paysage-scaled.jpg\" data-id=\"283\" data-link=\"https:\/\/launay-quinard.ovh\/chambrehortensia_salledebains1_paysage\/\" data-original-link=\"http:\/\/launay-quinard.ovh\/wp-content\/uploads\/2024\/12\/ChambreHortensia_SalleDeBains1_Paysage-scaled.jpg\" class=\"wp-block-getwid-images-slider__image wp-image-283\" srcset=\"https:\/\/launay-quinard.ovh\/wp-content\/uploads\/2024\/12\/ChambreHortensia_SalleDeBains1_Paysage-scaled.jpg 2560w, https:\/\/launay-quinard.ovh\/wp-content\/uploads\/2024\/12\/ChambreHortensia_SalleDeBains1_Paysage-300x200.jpg 300w, https:\/\/launay-quinard.ovh\/wp-content\/uploads\/2024\/12\/ChambreHortensia_SalleDeBains1_Paysage-1024x683.jpg 1024w, https:\/\/launay-quinard.ovh\/wp-content\/uploads\/2024\/12\/ChambreHortensia_SalleDeBains1_Paysage-768x512.jpg 768w, https:\/\/launay-quinard.ovh\/wp-content\/uploads\/2024\/12\/ChambreHortensia_SalleDeBains1_Paysage-1536x1024.jpg 1536w\" sizes=\"auto, (max-width: 2560px) 100vw, 2560px\" \/><\/figure><\/div><\/div><\/div>\n\n\n\n<p>Avec ses 35 m\u00b2 et son entr\u00e9e ind\u00e9pendante accessible par un escalier ext\u00e9rieur, elle peut accueillir jusqu\u2019\u00e0 5 personnes gr\u00e2ce \u00e0 un lit double (140 cm), deux lits simples (90 cm) et un lit d\u2019appoint (90 cm). Un petit salon avec une banquette, une table basse et une t\u00e9l\u00e9vision \u00e9cran plat compl\u00e8te l\u2019espace.<\/p>\n\n\n\n<p>La salle de bain privative comprend une grande douche, un WC suspendu et un s\u00e8che-cheveux. \u00c0 l\u2019ext\u00e9rieur, vous profiterez d\u2019un espace priv\u00e9 avec table et chaises, entour\u00e9 de parterres fleuris, offrant une vue sur le parc arbor\u00e9. Une kitchenette commune, partag\u00e9e avec la chambre Ancolie, est \u00e9galement \u00e0 disposition.<\/p>\n\n\n\n<h3 class=\"wp-block-heading\"><strong>Petit-d\u00e9jeuner inclus<\/strong><\/h3>\n\n\n\n<p>Chaque matin, un petit-d\u00e9jeuner gourmand vous est servi : confitures maison, croissants de la boulangerie, pain frais, beurre, yaourt, jus d\u2019orange et boissons chaudes.<\/p>\n\n\n\n<div class=\"wp-block-columns alignwide is-layout-flex wp-container-core-columns-is-layout-9d6595d7 wp-block-columns-is-layout-flex\">\n<div class=\"wp-block-column is-layout-flow wp-block-column-is-layout-flow\">\n<figure data-wp-context=\"{&quot;imageId&quot;:&quot;69da23648884b&quot;}\" data-wp-interactive=\"core\/image\" data-wp-key=\"69da23648884b\" class=\"wp-block-image size-large wp-lightbox-container\"><img loading=\"lazy\" decoding=\"async\" width=\"1024\" height=\"683\" data-wp-class--hide=\"state.isContentHidden\" data-wp-class--show=\"state.isContentVisible\" data-wp-init=\"callbacks.setButtonStyles\" data-wp-on--click=\"actions.showLightbox\" data-wp-on--load=\"callbacks.setButtonStyles\" data-wp-on-window--resize=\"callbacks.setButtonStyles\" src=\"http:\/\/launay-quinard.ovh\/wp-content\/uploads\/2024\/12\/PetitDej_Sejour1-1024x683.jpg\" alt=\"\" class=\"wp-image-94\" srcset=\"https:\/\/launay-quinard.ovh\/wp-content\/uploads\/2024\/12\/PetitDej_Sejour1-1024x683.jpg 1024w, https:\/\/launay-quinard.ovh\/wp-content\/uploads\/2024\/12\/PetitDej_Sejour1-300x200.jpg 300w, https:\/\/launay-quinard.ovh\/wp-content\/uploads\/2024\/12\/PetitDej_Sejour1-768x512.jpg 768w, https:\/\/launay-quinard.ovh\/wp-content\/uploads\/2024\/12\/PetitDej_Sejour1-1536x1024.jpg 1536w, https:\/\/launay-quinard.ovh\/wp-content\/uploads\/2024\/12\/PetitDej_Sejour1-892x594.jpg 892w, https:\/\/launay-quinard.ovh\/wp-content\/uploads\/2024\/12\/PetitDej_Sejour1-150x100.jpg 150w, https:\/\/launay-quinard.ovh\/wp-content\/uploads\/2024\/12\/PetitDej_Sejour1.jpg 2048w\" sizes=\"auto, (max-width: 1024px) 100vw, 1024px\" \/><button\n\t\t\tclass=\"lightbox-trigger\"\n\t\t\ttype=\"button\"\n\t\t\taria-haspopup=\"dialog\"\n\t\t\taria-label=\"Agrandir\"\n\t\t\tdata-wp-init=\"callbacks.initTriggerButton\"\n\t\t\tdata-wp-on--click=\"actions.showLightbox\"\n\t\t\tdata-wp-style--right=\"state.imageButtonRight\"\n\t\t\tdata-wp-style--top=\"state.imageButtonTop\"\n\t\t>\n\t\t\t<svg xmlns=\"http:\/\/www.w3.org\/2000\/svg\" width=\"12\" height=\"12\" fill=\"none\" viewBox=\"0 0 12 12\">\n\t\t\t\t<path fill=\"#fff\" d=\"M2 0a2 2 0 0 0-2 2v2h1.5V2a.5.5 0 0 1 .5-.5h2V0H2Zm2 10.5H2a.5.5 0 0 1-.5-.5V8H0v2a2 2 0 0 0 2 2h2v-1.5ZM8 12v-1.5h2a.5.5 0 0 0 .5-.5V8H12v2a2 2 0 0 1-2 2H8Zm2-12a2 2 0 0 1 2 2v2h-1.5V2a.5.5 0 0 0-.5-.5H8V0h2Z\" \/>\n\t\t\t<\/svg>\n\t\t<\/button><\/figure>\n<\/div>\n\n\n\n<div class=\"wp-block-column is-layout-flow wp-block-column-is-layout-flow\">\n<figure data-wp-context=\"{&quot;imageId&quot;:&quot;69da236488f85&quot;}\" data-wp-interactive=\"core\/image\" data-wp-key=\"69da236488f85\" class=\"wp-block-image size-large wp-lightbox-container\"><img loading=\"lazy\" decoding=\"async\" width=\"1024\" height=\"683\" data-wp-class--hide=\"state.isContentHidden\" data-wp-class--show=\"state.isContentVisible\" data-wp-init=\"callbacks.setButtonStyles\" data-wp-on--click=\"actions.showLightbox\" data-wp-on--load=\"callbacks.setButtonStyles\" data-wp-on-window--resize=\"callbacks.setButtonStyles\" src=\"http:\/\/launay-quinard.ovh\/wp-content\/uploads\/2024\/12\/PetitDej_Table1-1024x683.jpg\" alt=\"\" class=\"wp-image-95\" srcset=\"https:\/\/launay-quinard.ovh\/wp-content\/uploads\/2024\/12\/PetitDej_Table1-1024x683.jpg 1024w, https:\/\/launay-quinard.ovh\/wp-content\/uploads\/2024\/12\/PetitDej_Table1-300x200.jpg 300w, https:\/\/launay-quinard.ovh\/wp-content\/uploads\/2024\/12\/PetitDej_Table1-768x512.jpg 768w, https:\/\/launay-quinard.ovh\/wp-content\/uploads\/2024\/12\/PetitDej_Table1-1536x1024.jpg 1536w, https:\/\/launay-quinard.ovh\/wp-content\/uploads\/2024\/12\/PetitDej_Table1-892x594.jpg 892w, https:\/\/launay-quinard.ovh\/wp-content\/uploads\/2024\/12\/PetitDej_Table1-150x100.jpg 150w, https:\/\/launay-quinard.ovh\/wp-content\/uploads\/2024\/12\/PetitDej_Table1.jpg 2048w\" sizes=\"auto, (max-width: 1024px) 100vw, 1024px\" \/><button\n\t\t\tclass=\"lightbox-trigger\"\n\t\t\ttype=\"button\"\n\t\t\taria-haspopup=\"dialog\"\n\t\t\taria-label=\"Agrandir\"\n\t\t\tdata-wp-init=\"callbacks.initTriggerButton\"\n\t\t\tdata-wp-on--click=\"actions.showLightbox\"\n\t\t\tdata-wp-style--right=\"state.imageButtonRight\"\n\t\t\tdata-wp-style--top=\"state.imageButtonTop\"\n\t\t>\n\t\t\t<svg xmlns=\"http:\/\/www.w3.org\/2000\/svg\" width=\"12\" height=\"12\" fill=\"none\" viewBox=\"0 0 12 12\">\n\t\t\t\t<path fill=\"#fff\" d=\"M2 0a2 2 0 0 0-2 2v2h1.5V2a.5.5 0 0 1 .5-.5h2V0H2Zm2 10.5H2a.5.5 0 0 1-.5-.5V8H0v2a2 2 0 0 0 2 2h2v-1.5ZM8 12v-1.5h2a.5.5 0 0 0 .5-.5V8H12v2a2 2 0 0 1-2 2H8Zm2-12a2 2 0 0 1 2 2v2h-1.5V2a.5.5 0 0 0-.5-.5H8V0h2Z\" \/>\n\t\t\t<\/svg>\n\t\t<\/button><\/figure>\n<\/div>\n<\/div>\n\n\n\n<p><br>Avec son cadre fleuri, son parking priv\u00e9 et son WiFi gratuit, la chambre Hortensia est un lieu parfait pour un s\u00e9jour convivial et serein en Bretagne.<\/p>\n\n\n\n<div class=\"wp-block-columns alignwide is-layout-flex wp-container-core-columns-is-layout-9d6595d7 wp-block-columns-is-layout-flex\">\n<div class=\"wp-block-column is-layout-flow wp-block-column-is-layout-flow\">\n<figure data-wp-context=\"{&quot;imageId&quot;:&quot;69da2364893c5&quot;}\" data-wp-interactive=\"core\/image\" data-wp-key=\"69da2364893c5\" class=\"wp-block-image size-large wp-lightbox-container\"><img loading=\"lazy\" decoding=\"async\" width=\"1024\" height=\"683\" data-wp-class--hide=\"state.isContentHidden\" data-wp-class--show=\"state.isContentVisible\" data-wp-init=\"callbacks.setButtonStyles\" data-wp-on--click=\"actions.showLightbox\" data-wp-on--load=\"callbacks.setButtonStyles\" data-wp-on-window--resize=\"callbacks.setButtonStyles\" src=\"http:\/\/launay-quinard.ovh\/wp-content\/uploads\/2024\/12\/ChambreHortensia_Exterieur1-1024x683.jpg\" alt=\"\" class=\"wp-image-101\" srcset=\"https:\/\/launay-quinard.ovh\/wp-content\/uploads\/2024\/12\/ChambreHortensia_Exterieur1-1024x683.jpg 1024w, https:\/\/launay-quinard.ovh\/wp-content\/uploads\/2024\/12\/ChambreHortensia_Exterieur1-300x200.jpg 300w, https:\/\/launay-quinard.ovh\/wp-content\/uploads\/2024\/12\/ChambreHortensia_Exterieur1-768x512.jpg 768w, https:\/\/launay-quinard.ovh\/wp-content\/uploads\/2024\/12\/ChambreHortensia_Exterieur1-1536x1024.jpg 1536w, https:\/\/launay-quinard.ovh\/wp-content\/uploads\/2024\/12\/ChambreHortensia_Exterieur1-892x594.jpg 892w, https:\/\/launay-quinard.ovh\/wp-content\/uploads\/2024\/12\/ChambreHortensia_Exterieur1-150x100.jpg 150w, https:\/\/launay-quinard.ovh\/wp-content\/uploads\/2024\/12\/ChambreHortensia_Exterieur1.jpg 2048w\" sizes=\"auto, (max-width: 1024px) 100vw, 1024px\" \/><button\n\t\t\tclass=\"lightbox-trigger\"\n\t\t\ttype=\"button\"\n\t\t\taria-haspopup=\"dialog\"\n\t\t\taria-label=\"Agrandir\"\n\t\t\tdata-wp-init=\"callbacks.initTriggerButton\"\n\t\t\tdata-wp-on--click=\"actions.showLightbox\"\n\t\t\tdata-wp-style--right=\"state.imageButtonRight\"\n\t\t\tdata-wp-style--top=\"state.imageButtonTop\"\n\t\t>\n\t\t\t<svg xmlns=\"http:\/\/www.w3.org\/2000\/svg\" width=\"12\" height=\"12\" fill=\"none\" viewBox=\"0 0 12 12\">\n\t\t\t\t<path fill=\"#fff\" d=\"M2 0a2 2 0 0 0-2 2v2h1.5V2a.5.5 0 0 1 .5-.5h2V0H2Zm2 10.5H2a.5.5 0 0 1-.5-.5V8H0v2a2 2 0 0 0 2 2h2v-1.5ZM8 12v-1.5h2a.5.5 0 0 0 .5-.5V8H12v2a2 2 0 0 1-2 2H8Zm2-12a2 2 0 0 1 2 2v2h-1.5V2a.5.5 0 0 0-.5-.5H8V0h2Z\" \/>\n\t\t\t<\/svg>\n\t\t<\/button><\/figure>\n<\/div>\n\n\n\n<div class=\"wp-block-column is-layout-flow wp-block-column-is-layout-flow\">\n<figure data-wp-context=\"{&quot;imageId&quot;:&quot;69da23648974b&quot;}\" data-wp-interactive=\"core\/image\" data-wp-key=\"69da23648974b\" class=\"wp-block-image size-large wp-lightbox-container\"><img loading=\"lazy\" decoding=\"async\" width=\"1024\" height=\"683\" data-wp-class--hide=\"state.isContentHidden\" data-wp-class--show=\"state.isContentVisible\" data-wp-init=\"callbacks.setButtonStyles\" data-wp-on--click=\"actions.showLightbox\" data-wp-on--load=\"callbacks.setButtonStyles\" data-wp-on-window--resize=\"callbacks.setButtonStyles\" src=\"http:\/\/launay-quinard.ovh\/wp-content\/uploads\/2024\/12\/ChambreHortensia_Exterieur3-1024x683.jpg\" alt=\"\" class=\"wp-image-103\" srcset=\"https:\/\/launay-quinard.ovh\/wp-content\/uploads\/2024\/12\/ChambreHortensia_Exterieur3-1024x683.jpg 1024w, https:\/\/launay-quinard.ovh\/wp-content\/uploads\/2024\/12\/ChambreHortensia_Exterieur3-300x200.jpg 300w, https:\/\/launay-quinard.ovh\/wp-content\/uploads\/2024\/12\/ChambreHortensia_Exterieur3-768x512.jpg 768w, https:\/\/launay-quinard.ovh\/wp-content\/uploads\/2024\/12\/ChambreHortensia_Exterieur3-1536x1024.jpg 1536w, https:\/\/launay-quinard.ovh\/wp-content\/uploads\/2024\/12\/ChambreHortensia_Exterieur3-892x594.jpg 892w, https:\/\/launay-quinard.ovh\/wp-content\/uploads\/2024\/12\/ChambreHortensia_Exterieur3-150x100.jpg 150w, https:\/\/launay-quinard.ovh\/wp-content\/uploads\/2024\/12\/ChambreHortensia_Exterieur3.jpg 2048w\" sizes=\"auto, (max-width: 1024px) 100vw, 1024px\" \/><button\n\t\t\tclass=\"lightbox-trigger\"\n\t\t\ttype=\"button\"\n\t\t\taria-haspopup=\"dialog\"\n\t\t\taria-label=\"Agrandir\"\n\t\t\tdata-wp-init=\"callbacks.initTriggerButton\"\n\t\t\tdata-wp-on--click=\"actions.showLightbox\"\n\t\t\tdata-wp-style--right=\"state.imageButtonRight\"\n\t\t\tdata-wp-style--top=\"state.imageButtonTop\"\n\t\t>\n\t\t\t<svg xmlns=\"http:\/\/www.w3.org\/2000\/svg\" width=\"12\" height=\"12\" fill=\"none\" viewBox=\"0 0 12 12\">\n\t\t\t\t<path fill=\"#fff\" d=\"M2 0a2 2 0 0 0-2 2v2h1.5V2a.5.5 0 0 1 .5-.5h2V0H2Zm2 10.5H2a.5.5 0 0 1-.5-.5V8H0v2a2 2 0 0 0 2 2h2v-1.5ZM8 12v-1.5h2a.5.5 0 0 0 .5-.5V8H12v2a2 2 0 0 1-2 2H8Zm2-12a2 2 0 0 1 2 2v2h-1.5V2a.5.5 0 0 0-.5-.5H8V0h2Z\" \/>\n\t\t\t<\/svg>\n\t\t<\/button><\/figure>\n<\/div>\n<\/div>\n\n\n\n<h3 class=\"wp-block-heading\"><strong>Tarifs 2026<\/strong><\/h3>\n\n\n\n<figure class=\"wp-block-table is-style-regular\"><table class=\"has-fixed-layout\"><thead><tr><th class=\"has-text-align-center\" data-align=\"center\"><\/th><th class=\"has-text-align-center\" data-align=\"center\">Tr\u00e8s Haute Saison<\/th><th class=\"has-text-align-center\" data-align=\"center\">Haute Saison<\/th><th class=\"has-text-align-center\" data-align=\"center\">Basse Saison<\/th><\/tr><\/thead><tbody><tr><td class=\"has-text-align-center\" data-align=\"center\"><strong>2 personnes<\/strong><\/td><td class=\"has-text-align-center\" data-align=\"center\">105 \u20ac \u00e0 125 \u20ac<\/td><td class=\"has-text-align-center\" data-align=\"center\">95 \u20ac \u00e0 99 \u20ac<\/td><td class=\"has-text-align-center\" data-align=\"center\">85 \u20ac<\/td><\/tr><tr><td class=\"has-text-align-center\" data-align=\"center\"><strong>3 personnes<\/strong><\/td><td class=\"has-text-align-center\" data-align=\"center\">130 \u20ac \u00e0 150 \u20ac<\/td><td class=\"has-text-align-center\" data-align=\"center\">120 \u20ac \u00e0 125 \u20ac<\/td><td class=\"has-text-align-center\" data-align=\"center\">110 \u20ac<\/td><\/tr><tr><td class=\"has-text-align-center\" data-align=\"center\"><strong>4 personnes<\/strong><\/td><td class=\"has-text-align-center\" data-align=\"center\">155 \u20ac \u00e0 175 \u20ac<\/td><td class=\"has-text-align-center\" data-align=\"center\">145 \u20ac \u00e0 150 \u20ac<\/td><td class=\"has-text-align-center\" data-align=\"center\">135 \u20ac<\/td><\/tr><tr><td class=\"has-text-align-center\" data-align=\"center\"><strong>5 personnes<\/strong><\/td><td class=\"has-text-align-center\" data-align=\"center\">180 \u20ac \u00e0 199 \u20ac<\/td><td class=\"has-text-align-center\" data-align=\"center\">170 \u20ac \u00e0 175 \u20ac<\/td><td class=\"has-text-align-center\" data-align=\"center\">160 \u20ac<\/td><\/tr><\/tbody><\/table><\/figure>\n\n\n\n<p><\/p>\n\n\n\n<p><strong>Ch\u00e8ques vacances accept\u00e9s<\/strong><\/p>\n\n\n\n<p><strong>Taxe de s\u00e9jour non comprise<\/strong> : 0,90 \u20ac par jour et par adulte<\/p>\n\n\n\n<p><strong>Route du Rhum :<\/strong> du 27 octobre 2026 au 1er novembre 2026 minimum 3 nuits<\/p>\n\n\n\n<p>140 \u20ac pour 1 ou 2 personnes<\/p>\n\n\n\n<p>170 \u20ac pour 3 personnes<\/p>\n\n\n\n<p>200 \u20ac pour 4 personnes<\/p>\n\n\n\n<p>230 \u20ac pour 5 personnes<\/p>\n","protected":false},"excerpt":{"rendered":"<p>Spacieuse et lumineuse, la chambre Hortensia est id\u00e9ale pour les familles ou petits groupes. Avec ses 35 m\u00b2 et son entr\u00e9e ind\u00e9pendante accessible par un escalier ext\u00e9rieur, elle peut accueillir jusqu\u2019\u00e0 5 personnes gr\u00e2ce \u00e0 un lit double (140 cm), deux lits simples (90 cm) et un lit d\u2019appoint (90 cm). Un petit salon avec [&hellip;]<\/p>\n","protected":false},"author":1,"featured_media":0,"parent":0,"menu_order":0,"comment_status":"closed","ping_status":"closed","template":"","meta":{"footnotes":""},"folder":[],"class_list":["post-275","page","type-page","status-publish","hentry"],"_links":{"self":[{"href":"https:\/\/launay-quinard.ovh\/index.php\/wp-json\/wp\/v2\/pages\/275","targetHints":{"allow":["GET"]}}],"collection":[{"href":"https:\/\/launay-quinard.ovh\/index.php\/wp-json\/wp\/v2\/pages"}],"about":[{"href":"https:\/\/launay-quinard.ovh\/index.php\/wp-json\/wp\/v2\/types\/page"}],"author":[{"embeddable":true,"href":"https:\/\/launay-quinard.ovh\/index.php\/wp-json\/wp\/v2\/users\/1"}],"replies":[{"embeddable":true,"href":"https:\/\/launay-quinard.ovh\/index.php\/wp-json\/wp\/v2\/comments?post=275"}],"version-history":[{"count":17,"href":"https:\/\/launay-quinard.ovh\/index.php\/wp-json\/wp\/v2\/pages\/275\/revisions"}],"predecessor-version":[{"id":511,"href":"https:\/\/launay-quinard.ovh\/index.php\/wp-json\/wp\/v2\/pages\/275\/revisions\/511"}],"wp:attachment":[{"href":"https:\/\/launay-quinard.ovh\/index.php\/wp-json\/wp\/v2\/media?parent=275"}],"wp:term":[{"taxonomy":"folder","embeddable":true,"href":"https:\/\/launay-quinard.ovh\/index.php\/wp-json\/wp\/v2\/folder?post=275"}],"curies":[{"name":"wp","href":"https:\/\/api.w.org\/{rel}","templated":true}]}}